{"id":6688,"date":"2026-04-15T14:48:36","date_gmt":"2026-04-15T11:48:36","guid":{"rendered":"https:\/\/tammetorubbq.ee\/?post_type=product&#038;p=6688"},"modified":"2026-04-15T20:00:43","modified_gmt":"2026-04-15T17:00:43","slug":"oaka-bbq-korean-gold-rub-150g","status":"publish","type":"product","link":"https:\/\/tammetorubbq.ee\/fi\/product-2\/oaka-bbq-korean-gold-rub-150g\/","title":{"rendered":"Oak\u2019a BBQ Korean Gold Rub 150g"},"content":{"rendered":"<p><strong data-start=\"97\" data-end=\"113\">Ainesosat: <\/strong>r\u00f6stitud seesamiseemned (22%), punase paprika helbed, pruun suhkur, sojapulber (sojakaste pulber, nisu, sool), maltodekstriin, p\u00e4rmiekstrakt, rapsi\u00f5li, t\u0161illihelbed, sool, ingver, k\u00fc\u00fcslaugugraanulid, sellerijuur, paprikaekstrakt, dekstroos, murulaugu ekstrakt, paakumisvastane aine (r\u00e4nidioksiid).<\/p>","protected":false},"excerpt":{"rendered":"<h5 data-start=\"78\" data-end=\"140\"><strong data-start=\"78\" data-end=\"138\">Korea Gold r\u00f6stitud seesamiseemnetega<\/strong><\/h5>\n<p data-start=\"142\" data-end=\"384\">Oak\u2019a BBQ Korean BBQ Gold r\u00f6stitud seesamiseemnetega on aromaatne maitseainesegu, mis annab grillroogadele autentse Korea k\u00f6\u00f6gi maitse.<\/p>\n<p data-start=\"142\" data-end=\"384\">Segu on valmistatud hoolikalt valitud \u00fcrtidest ja v\u00fcrtsidest, \u00fchendades lihtsad, kuid t\u00f5husad koostisosad.<\/p>\n<p data-start=\"386\" data-end=\"503\">Peamine koostisosa on r\u00f6stitud seesamiseemned, mis annavad roogadele rikkaliku p\u00e4hklise maitse ja meeldiva tekstuuri.<\/p>\n<ul>\n<li data-section-id=\"yx2gzq\" data-start=\"96\" data-end=\"228\"><strong data-start=\"98\" data-end=\"120\">Ahjus k\u00fcpsetamine:<\/strong> Sobib liha v\u00f5i k\u00f6\u00f6giviljade maitsestamiseks enne k\u00fcpsetamist, andes roogadele rikkaliku aroomi ja maitse.<\/li>\n<li data-section-id=\"1kixe23\" data-start=\"230\" data-end=\"342\"><strong data-start=\"232\" data-end=\"242\">Supid:<\/strong> Lisa maitseainet erinevatele suppidele, et parandada nende maitset ja muuta need maitserikkamaks.<\/li>\n<li data-section-id=\"xqruem\" data-start=\"344\" data-end=\"446\"><strong data-start=\"346\" data-end=\"364\">Pasta ja riis:<\/strong> Kasuta maitseainena pasta- ja riisiroogades, et rikastada nende maitseprofiili.<\/li>\n<li data-section-id=\"1eqe40p\" data-start=\"448\" data-end=\"589\"><strong data-start=\"450\" data-end=\"465\">Grillimine:<\/strong> Ideaalne liha, kala ja k\u00f6\u00f6giviljade maitsestamiseks. Segu annab roogadele rikkaliku maitse ja aitab luua kr\u00f5beda kooriku.<\/li>\n<li data-section-id=\"18u5rp8\" data-start=\"591\" data-end=\"671\"><strong data-start=\"593\" data-end=\"607\">Suupisted:<\/strong> Sobib erinevate suupistete valmistamiseks ja maitsestamiseks.<\/li>\n<\/ul>\n<div class=\"flex flex-col text-sm pb-25\">\n<section class=\"text-token-text-primary w-full focus:outline-none [--shadow-height:45px] has-data-writing-block:pointer-events-none has-data-writing-block:-mt-(--shadow-height) has-data-writing-block:pt-(--shadow-height) [&amp;:has([data-writing-block])&gt;*]:pointer-events-auto scroll-mt-[calc(var(--header-height)+min(200px,max(70px,20svh)))]\" dir=\"auto\" data-turn-id=\"request-WEB:28c81414-927a-48d4-9f94-a86d0e602202-1\" data-testid=\"conversation-turn-4\" data-scroll-anchor=\"true\" data-turn=\"assistant\">\n<div class=\"text-base my-auto mx-auto pb-10 [--thread-content-margin:var(--thread-content-margin-xs,calc(var(--spacing)*4))] @w-sm\/main:[--thread-content-margin:var(--thread-content-margin-sm,calc(var(--spacing)*6))] @w-lg\/main:[--thread-content-margin:var(--thread-content-margin-lg,calc(var(--spacing)*16))] px-(--thread-content-margin)\">\n<div class=\"[--thread-content-max-width:40rem] @w-lg\/main:[--thread-content-max-width:48rem] mx-auto max-w-(--thread-content-max-width) flex-1 group\/turn-messages focus-visible:outline-hidden relative flex w-full min-w-0 flex-col agent-turn\">\n<div class=\"mt-3 w-full empty:hidden\">\n<div class=\"text-center\">\n<p data-start=\"0\" data-end=\"33\"><strong>Traditsioon, kirg ja elustiil<\/strong><\/p>\n<p data-start=\"35\" data-end=\"307\">Oak\u2019A BBQ ei valmista lihtsalt kastmeid ja maitseainesegusid \u2013 nende eesm\u00e4rk on luua julgeid ja unustamatuid BBQ-elamusi. Iga Oak\u2019A BBQ kastmepudel, iga n\u00e4put\u00e4is maitseainesegu ja iga glasuur on k\u00e4sitsi loodud, et viia sinu grillimine t\u00f5elise kulinaarse rituaali tasemele.<\/p>\n<p data-start=\"309\" data-end=\"547\" data-is-last-node=\"\" data-is-only-node=\"\">BBQ on palju enamat kui lihtsalt toit. See on traditsioon, kirg ja viis inimesi kokku tuua. Kogu maailmas hinnatakse BBQ-d selle rikkalike maitsete, aeglaselt k\u00fcpsetatud t\u00e4iuslikkuse ning r\u00f5\u00f5mu p\u00e4rast, mida pakub otse tulelt jagatud eine.<\/p>\n<\/div>\n<\/div>\n<\/div>\n<\/div>\n<\/section>\n<\/div>\n<div class=\"pointer-events-none h-px w-px absolute bottom-0\" aria-hidden=\"true\" data-edge=\"true\"><\/div>\n<p><img loading=\"lazy\" decoding=\"async\" class=\" wp-image-6555\" src=\"https:\/\/tammetorubbq.ee\/wp-content\/uploads\/2026\/04\/Oaka-BBQ-logo-300x250.png\" alt=\"Oak\u2019a BBQ logo\" width=\"147\" height=\"123\" srcset=\"https:\/\/tammetorubbq.ee\/wp-content\/uploads\/2026\/04\/Oaka-BBQ-logo-300x250.png 300w, https:\/\/tammetorubbq.ee\/wp-content\/uploads\/2026\/04\/Oaka-BBQ-logo-1024x853.png 1024w, https:\/\/tammetorubbq.ee\/wp-content\/uploads\/2026\/04\/Oaka-BBQ-logo-768x640.png 768w, https:\/\/tammetorubbq.ee\/wp-content\/uploads\/2026\/04\/Oaka-BBQ-logo-14x12.png 14w, https:\/\/tammetorubbq.ee\/wp-content\/uploads\/2026\/04\/Oaka-BBQ-logo-600x500.png 600w, https:\/\/tammetorubbq.ee\/wp-content\/uploads\/2026\/04\/Oaka-BBQ-logo-64x53.png 64w, https:\/\/tammetorubbq.ee\/wp-content\/uploads\/2026\/04\/Oaka-BBQ-logo.png 1205w\" sizes=\"auto, (max-width: 147px) 100vw, 147px\" \/><\/p>\n","protected":false},"featured_media":6689,"comment_status":"closed","ping_status":"closed","template":"","meta":{"_uf_show_specific_survey":0,"_uf_disable_surveys":false},"pwb-brand":[383],"product_brand":[384],"product_cat":[21],"product_tag":[118,121,182,120,385,394,114,119],"class_list":{"0":"post-6688","1":"product","2":"type-product","3":"status-publish","4":"has-post-thumbnail","6":"pwb-brand-oaka-bbq","7":"product_brand-oaka-bbq","8":"product_cat-maitseainesegud","9":"product_tag-kanaliha","10":"product_tag-koogiviljad","11":"product_tag-linnuliha","12":"product_tag-mereannid","13":"product_tag-oaka-bbq","14":"product_tag-oaka-bbq-rub","15":"product_tag-sealiha","16":"product_tag-veiseliha","18":"first","19":"instock","20":"taxable","21":"shipping-taxable","22":"purchasable","23":"product-type-simple"},"brands":[{"id":383,"name":"Oak\u2019a BBQ","slug":"oaka-bbq"}],"_links":{"self":[{"href":"https:\/\/tammetorubbq.ee\/fi\/wp-json\/wp\/v2\/product\/6688","targetHints":{"allow":["GET"]}}],"collection":[{"href":"https:\/\/tammetorubbq.ee\/fi\/wp-json\/wp\/v2\/product"}],"about":[{"href":"https:\/\/tammetorubbq.ee\/fi\/wp-json\/wp\/v2\/types\/product"}],"replies":[{"embeddable":true,"href":"https:\/\/tammetorubbq.ee\/fi\/wp-json\/wp\/v2\/comments?post=6688"}],"wp:featuredmedia":[{"embeddable":true,"href":"https:\/\/tammetorubbq.ee\/fi\/wp-json\/wp\/v2\/media\/6689"}],"wp:attachment":[{"href":"https:\/\/tammetorubbq.ee\/fi\/wp-json\/wp\/v2\/media?parent=6688"}],"wp:term":[{"taxonomy":"pwb-brand","embeddable":true,"href":"https:\/\/tammetorubbq.ee\/fi\/wp-json\/wp\/v2\/pwb-brand?post=6688"},{"taxonomy":"product_brand","embeddable":true,"href":"https:\/\/tammetorubbq.ee\/fi\/wp-json\/wp\/v2\/product_brand?post=6688"},{"taxonomy":"product_cat","embeddable":true,"href":"https:\/\/tammetorubbq.ee\/fi\/wp-json\/wp\/v2\/product_cat?post=6688"},{"taxonomy":"product_tag","embeddable":true,"href":"https:\/\/tammetorubbq.ee\/fi\/wp-json\/wp\/v2\/product_tag?post=6688"}],"curies":[{"name":"wp","href":"https:\/\/api.w.org\/{rel}","templated":true}]}}