{"id":6891,"date":"2026-04-26T12:07:57","date_gmt":"2026-04-26T09:07:57","guid":{"rendered":"https:\/\/tammetorubbq.ee\/?post_type=product&#038;p=6891"},"modified":"2026-04-26T18:00:09","modified_gmt":"2026-04-26T15:00:09","slug":"broilchef-tahoe-3017-nelja-poleti-ja-keraamilise-pliidiga-gaasigrill","status":"publish","type":"product","link":"https:\/\/tammetorubbq.ee\/fi\/product-2\/broilchef-tahoe-3017-nelja-poleti-ja-keraamilise-pliidiga-gaasigrill\/","title":{"rendered":"BroilChef Tahoe 3017 nelja p\u00f5leti ja keraamilise pliidiga gaasigrill"},"content":{"rendered":"<p><strong>Grillimisalad<\/strong><\/p>\n<ul>\n<li>p\u00f5higrillimise ala 76,5 x 43,3 cm<\/li>\n<li>sear-p\u00f5leti ala 24 x 36 cm<\/li>\n<li>soojendusrest 76 x 15 cm<\/li>\n<\/ul>\n<p><strong>P\u00f5letid ja v\u00f5imsus<\/strong><\/p>\n<ul>\n<li>4 x SS #304 roostevabast terasest p\u00f5hap\u00f5leti, iga\u00fcks 3,4 kW<\/li>\n<li>1 x infrapuna sear-p\u00f5leti, 3,5 kW<\/li>\n<li>koguv\u00f5imsus 17,1 kW<\/li>\n<\/ul>\n<p><strong>Konstruktsioon<\/strong><\/p>\n<ul>\n<li>p\u00f5lemiskamber valualumiiniumist<\/li>\n<li>s\u00fc\u00fctes\u00fcsteem Push n\u2019 Turn Jet Fire<\/li>\n<li>kaas valualumiiniumist, kahekordse seinaga aluminiseeritud leht, pulberv\u00e4rvitud<\/li>\n<li>p\u00f5hirest: kaks roostevabast terasest resti ja \u00fcks roostevabast terasest planchaplaat<\/li>\n<li>soojendusrest roostevabast terasest<\/li>\n<li>leegikatted roostevabast terasest<\/li>\n<li>k\u00fclglauad pulberv\u00e4rvitud metallist<\/li>\n<li>uksed pulberv\u00e4rvitud metallist<\/li>\n<li>nupud PVC-st<\/li>\n<li>4 p\u00f6\u00f6rlevat lukustatavat ratast<\/li>\n<\/ul>\n<p><strong>Mitat ja paino<\/strong><\/p>\n<ul>\n<li>laius 148 cm<\/li>\n<li>s\u00fcgavus 58 cm<\/li>\n<li>k\u00f5rgus suletud kaanega 120 cm<\/li>\n<li>k\u00f5rgus avatud kaanega 153 cm<\/li>\n<li>k\u00fclglaua k\u00f5rgus 91 cm<\/li>\n<li>kaal 62 kg<\/li>\n<\/ul>\n<p class=\"isSelectedEnd\"><strong>Kaal ja pakendi m\u00f5\u00f5tmed<\/strong><\/p>\n<p>Kaal: 73 kg<br \/>\nPakendi m\u00f5\u00f5tmed: 90 \u00d7 62 \u00d7 65 cm<\/p>\n<p><iframe loading=\"lazy\" title=\"Tahoe BC3017 20251126\" width=\"500\" height=\"281\" src=\"https:\/\/www.youtube.com\/embed\/LLc2OFyPdO0?feature=oembed&#038;enablejsapi=1&#038;origin=https:\/\/tammetorubbq.ee\" frameborder=\"0\" allow=\"accelerometer; autoplay; clipboard-write; encrypted-media; gyroscope; picture-in-picture; web-share\" referrerpolicy=\"strict-origin-when-cross-origin\" allowfullscreen><\/iframe><\/p>\n<h5 class=\"isSelectedEnd\"><strong>BroilChef br\u00e4ndilugu<\/strong><\/h5>\n<p class=\"isSelectedEnd\">Alates 1976. aastast on BroilChefi taga seisev pere valmistanud grille maailma tuntud kaubam\u00e4rkidele \u2013 vaikselt, hoolikalt ja uhkusega.<\/p>\n<p class=\"isSelectedEnd\">Aastak\u00fcmneid oli BroilChef see, kes seisis suurte nimede taga. Insenerid, disainerid ja meistrid \u2013 inimesed, kes teadsid t\u00e4pselt, mis t\u00f6\u00f6tab ja mis mitte. Selle aja jooksul on BroilChef \u00f5ppinud, millised lahendused peavad ajale vastu, millised eba\u00f5nnestuvad ning mis k\u00f5ige olulisem \u2013 mis tegelikult s\u00fctitab kirge, kui inimesed kogunevad tule \u00fcmber.<\/p>\n<p class=\"isSelectedEnd\">Aastal 2015 toimus muutus, BroilChefi tegevjuht, eluaegne Star Warsi f\u00e4nn, esitas k\u00fcsimuse, mis muutis k\u00f5ike: \u201eKui me suudame luua teistele\u2026 miks mitte luua midagi, mida me ise armastame?\u201c<\/p>\n<p class=\"isSelectedEnd\">Sellest hetkest sai alguse midagi uut. Alguses vaid s\u00e4de \u2013 lihtne ja m\u00e4nguline idee. Kuid selles s\u00e4demes peitus midagi enamat kui lihtsalt uus toode.<\/p>\n<p class=\"isSelectedEnd\">See ei olnud enam lihtsalt j\u00e4rjekordse grilli loomine. See oli millegi loomine, millel on identiteet ja hing.<\/p>\n<p>BroilChefi missioon ulatub kaugemale kui ainult grillide tootmine \u2013 see on inimeste kokku toomisest. Nad usuvad, et pole midagi rahuldustpakkuvamat kui luua t\u00e4henduslikke hetki ja sidemeid, \u00fcks BBQ korraga.<\/p>","protected":false},"excerpt":{"rendered":"<h5><strong>Neli p\u00f5letit, infrapuna sear ja plancha<\/strong><\/h5>\n<p class=\"isSelectedEnd\">BroilChef Tahoe 3017 on suure t\u00f6\u00f6pinnaga gaasigrill, mis sobib ideaalselt kasutajale, kes valmistab toitu korraga mitmele inimesele. Neli p\u00f5hip\u00f5letit, eraldi infrapuna sear-p\u00f5leti ning komplektis olev planchaplaat annavad suure paindlikkuse \u2013 saad grillida, pruunistada ja k\u00fcpsetada erinevaid roogasid samaaegselt.<\/p>\n<p class=\"isSelectedEnd\">Roostevabast terasest p\u00f5letid tagavad \u00fchtlase kuumuse ka suurema koguse toidu valmistamisel. Infrapuna sear-p\u00f5leti v\u00f5imaldab liha kiiresti k\u00f5rgel temperatuuril viimistleda (kuni ~980 \u00b0C), andes sellele ideaalse kr\u00f5beda pealispinna.<\/p>\n<p class=\"isSelectedEnd\">Konstruktsioonis on kasutatud vastupidavaid materjale nagu valualumiinium, roostevaba teras ja pulberv\u00e4rvitud metall. Muudetava asukohaga planchaplaat lisab kasutusmugavust ning v\u00f5imaldab kombineerida erinevaid k\u00fcpsetuspindu vastavalt vajadusele.<\/p>\n<p>BroilChef Tahoe 3017 on t\u00f6\u00f6kindel ja praktiline valik neile, kes hindavad suurt grillimisala, tugevat konstruktsiooni ning mitmek\u00fclgseid k\u00fcpsetusv\u00f5imalusi.<\/p>\n<p><strong>Tammet\u00f5ruBBQ.ee soovitab:<\/strong><\/p>\n<p>\u2022 BroilChef <a href=\"https:\/\/tammetorubbq.ee\/fi\/product-2\/broilchef-grillikate-tahoe-bc-3017-gaasigrillile\/\"><strong>grilli<\/strong><\/a> Tahoe BC-3017 gaasigrillile<\/p>\n<p><img loading=\"lazy\" decoding=\"async\" class=\"wp-image-6906\" src=\"https:\/\/tammetorubbq.ee\/wp-content\/uploads\/2026\/04\/BroilChef-logo-300x91.png\" alt=\"BroilChef logo\" width=\"237\" height=\"72\" srcset=\"https:\/\/tammetorubbq.ee\/wp-content\/uploads\/2026\/04\/BroilChef-logo-300x91.png 300w, https:\/\/tammetorubbq.ee\/wp-content\/uploads\/2026\/04\/BroilChef-logo-1024x311.png 1024w, https:\/\/tammetorubbq.ee\/wp-content\/uploads\/2026\/04\/BroilChef-logo-768x233.png 768w, https:\/\/tammetorubbq.ee\/wp-content\/uploads\/2026\/04\/BroilChef-logo-1536x467.png 1536w, https:\/\/tammetorubbq.ee\/wp-content\/uploads\/2026\/04\/BroilChef-logo-18x5.png 18w, https:\/\/tammetorubbq.ee\/wp-content\/uploads\/2026\/04\/BroilChef-logo-600x182.png 600w, https:\/\/tammetorubbq.ee\/wp-content\/uploads\/2026\/04\/BroilChef-logo-64x19.png 64w, https:\/\/tammetorubbq.ee\/wp-content\/uploads\/2026\/04\/BroilChef-logo.png 2048w\" sizes=\"auto, (max-width: 237px) 100vw, 237px\" \/><\/p>\n<p><a href=\"https:\/\/tammetorubbq.ee\/fi\/maksa-myohemmin\/\"><strong>OSTA NYT, MAKSA MY\u00d6HEMMIN<\/strong><\/a>\u00a0- korotonta!<\/p>\n<p><img loading=\"lazy\" decoding=\"async\" class=\"alignnone wp-image-2646\" src=\"http:\/\/tammetorubbq.ee\/wp-content\/uploads\/2023\/12\/inbank-wordmark.png\" alt=\"Inbank\" width=\"164\" height=\"74\" srcset=\"https:\/\/tammetorubbq.ee\/wp-content\/uploads\/2023\/12\/inbank-wordmark.png 300w, https:\/\/tammetorubbq.ee\/wp-content\/uploads\/2023\/12\/inbank-wordmark-18x8.png 18w, https:\/\/tammetorubbq.ee\/wp-content\/uploads\/2023\/12\/inbank-wordmark-64x29.png 64w\" sizes=\"auto, (max-width: 164px) 100vw, 164px\" \/><\/p>\n<p>Tarjoamme my\u00f6s mahdollisuuden maksaa my\u00f6hemmin - yhdess\u00e4, kahdessa tai kolmessa samansuuruisessa er\u00e4ss\u00e4 ilman korkoa tai lis\u00e4maksua.<\/p>\n<p>L\u00f6yd\u00e4t valikoiman eri maksuvaihtoehtoja ostoskoristamme.<\/p>","protected":false},"featured_media":6895,"comment_status":"closed","ping_status":"closed","template":"","meta":{"_uf_show_specific_survey":0,"_uf_disable_surveys":false},"pwb-brand":[410],"product_brand":[411],"product_cat":[100],"product_tag":[412,413,110],"class_list":{"0":"post-6891","1":"product","2":"type-product","3":"status-publish","4":"has-post-thumbnail","6":"pwb-brand-broilchef","7":"product_brand-broilchef","8":"product_cat-gaasigrillid","9":"product_tag-broilchef","10":"product_tag-broilchef-gaasigrill","11":"product_tag-gaasigrill","13":"first","14":"instock","15":"taxable","16":"shipping-taxable","17":"purchasable","18":"product-type-simple"},"brands":[{"id":410,"name":"BroilChef","slug":"broilchef"}],"_links":{"self":[{"href":"https:\/\/tammetorubbq.ee\/fi\/wp-json\/wp\/v2\/product\/6891","targetHints":{"allow":["GET"]}}],"collection":[{"href":"https:\/\/tammetorubbq.ee\/fi\/wp-json\/wp\/v2\/product"}],"about":[{"href":"https:\/\/tammetorubbq.ee\/fi\/wp-json\/wp\/v2\/types\/product"}],"replies":[{"embeddable":true,"href":"https:\/\/tammetorubbq.ee\/fi\/wp-json\/wp\/v2\/comments?post=6891"}],"wp:featuredmedia":[{"embeddable":true,"href":"https:\/\/tammetorubbq.ee\/fi\/wp-json\/wp\/v2\/media\/6895"}],"wp:attachment":[{"href":"https:\/\/tammetorubbq.ee\/fi\/wp-json\/wp\/v2\/media?parent=6891"}],"wp:term":[{"taxonomy":"pwb-brand","embeddable":true,"href":"https:\/\/tammetorubbq.ee\/fi\/wp-json\/wp\/v2\/pwb-brand?post=6891"},{"taxonomy":"product_brand","embeddable":true,"href":"https:\/\/tammetorubbq.ee\/fi\/wp-json\/wp\/v2\/product_brand?post=6891"},{"taxonomy":"product_cat","embeddable":true,"href":"https:\/\/tammetorubbq.ee\/fi\/wp-json\/wp\/v2\/product_cat?post=6891"},{"taxonomy":"product_tag","embeddable":true,"href":"https:\/\/tammetorubbq.ee\/fi\/wp-json\/wp\/v2\/product_tag?post=6891"}],"curies":[{"name":"wp","href":"https:\/\/api.w.org\/{rel}","templated":true}]}}