{"id":7055,"date":"2026-05-07T13:59:20","date_gmt":"2026-05-07T10:59:20","guid":{"rendered":"https:\/\/tammetorubbq.ee\/?post_type=product&#038;p=7055"},"modified":"2026-05-10T01:00:08","modified_gmt":"2026-05-09T22:00:08","slug":"kamado-joe-tugevdatud-terasest-grillitangid","status":"publish","type":"product","link":"https:\/\/tammetorubbq.ee\/fi\/toode\/kamado-joe-tugevdatud-terasest-grillitangid\/","title":{"rendered":"Kamado Joe tugevdatud terasest grillitangid"},"content":{"rendered":"<p class=\"isSelectedEnd\"><strong>Tekniset tiedot<\/strong><\/p>\n<p>\u2022 Materjal: roostevaba teras<br \/>\n\u2022 Pikkus: 45,75 cm<br \/>\n\u2022 Vedrumehhanism sujuvaks kasutamiseks<br \/>\n\u2022 Soonilised haaratsid kindlaks haardeks<br \/>\n\u2022 Lukustustihvt kompaktsuseks<br \/>\n\u2022 Toetuss\u00e4lk t\u00f6\u00f6pinnale asetamiseks<br \/>\n\u2022 Riputusaas<br \/>\n\u2022 N\u00f5udepesumasinas pestav<\/p>","protected":false},"excerpt":{"rendered":"<p class=\"isSelectedEnd\">Kamado Joe\u00ae tugevdatud terasest grillitangid on loodud toidu mugavaks ja turvaliseks k\u00e4sitsemiseks kuumal grillil. 45,75 cm pikkus aitab hoida k\u00e4ed kuumusest eemal, tagades mugava t\u00f6\u00f6 ka k\u00f5rgematel temperatuuridel.<\/p>\n<p class=\"isSelectedEnd\">Vedrumehhanism muudab tangide avamise ja sulgemise sujuvaks ning lihtsaks. Soonilised haaratsid tagavad kindla haarde nii \u00f5rnema tooraine, n\u00e4iteks kala, kui ka paksemate lihat\u00fckkide puhul.<\/p>\n<p class=\"isSelectedEnd\">Lukustustihvt v\u00f5imaldab tangid kompaktselt hoiustada ning toetuss\u00e4lk hoiab t\u00f6\u00f6pinnale asetades tangide pea k\u00f5rgemal, v\u00e4ltides otsest kokkupuudet pinnaga.<\/p>\n<p>Kamado Joele omane reljeefne viimistlus, punased detailid ja praktiline riputusaas annavad tangidele \u00e4ratuntava disaini ja mugava hoiustamise v\u00f5imaluse. Tangid on n\u00f5udepesumasinas pestavad.<\/p>\n<p>&nbsp;<\/p>\n<p><img loading=\"lazy\" decoding=\"async\" class=\"alignnone wp-image-1531\" src=\"https:\/\/tammetorubbq.ee\/wp-content\/uploads\/2024\/03\/kamado-joe-logo-300x40.webp\" alt=\"Kamado Joe -logo\" width=\"240\" height=\"32\" srcset=\"https:\/\/tammetorubbq.ee\/wp-content\/uploads\/2024\/03\/kamado-joe-logo-300x40.webp 300w, https:\/\/tammetorubbq.ee\/wp-content\/uploads\/2024\/03\/kamado-joe-logo-768x104.webp 768w, https:\/\/tammetorubbq.ee\/wp-content\/uploads\/2024\/03\/kamado-joe-logo-18x2.webp 18w, https:\/\/tammetorubbq.ee\/wp-content\/uploads\/2024\/03\/kamado-joe-logo-600x81.webp 600w, https:\/\/tammetorubbq.ee\/wp-content\/uploads\/2024\/03\/kamado-joe-logo-64x9.webp 64w, https:\/\/tammetorubbq.ee\/wp-content\/uploads\/2024\/03\/kamado-joe-logo.webp 1024w\" sizes=\"auto, (max-width: 240px) 100vw, 240px\" \/><\/p>\n<p><strong>Oleme tootja Kamado Joe ametlik esindaja, edasim\u00fc\u00fcja Eestis!<\/strong><\/p>","protected":false},"featured_media":7056,"comment_status":"closed","ping_status":"closed","template":"","meta":{"_uf_show_specific_survey":0,"_uf_disable_surveys":false},"pwb-brand":[69],"product_brand":[387],"product_cat":[30],"product_tag":[134,417,126,323],"class_list":{"0":"post-7055","1":"product","2":"type-product","3":"status-publish","4":"has-post-thumbnail","6":"pwb-brand-kamado-joe","7":"product_brand-kamado-joe","8":"product_cat-grillimise-tarvikud","9":"product_tag-grillimise-tarvikud","10":"product_tag-grillitangid","11":"product_tag-kamado-joe","12":"product_tag-kamado-joe-lisatarvikud","14":"first","15":"instock","16":"taxable","17":"shipping-taxable","18":"purchasable","19":"product-type-simple"},"brands":[{"id":69,"name":"Kamado Joe","slug":"kamado-joe"}],"_links":{"self":[{"href":"https:\/\/tammetorubbq.ee\/fi\/wp-json\/wp\/v2\/product\/7055","targetHints":{"allow":["GET"]}}],"collection":[{"href":"https:\/\/tammetorubbq.ee\/fi\/wp-json\/wp\/v2\/product"}],"about":[{"href":"https:\/\/tammetorubbq.ee\/fi\/wp-json\/wp\/v2\/types\/product"}],"replies":[{"embeddable":true,"href":"https:\/\/tammetorubbq.ee\/fi\/wp-json\/wp\/v2\/comments?post=7055"}],"wp:featuredmedia":[{"embeddable":true,"href":"https:\/\/tammetorubbq.ee\/fi\/wp-json\/wp\/v2\/media\/7056"}],"wp:attachment":[{"href":"https:\/\/tammetorubbq.ee\/fi\/wp-json\/wp\/v2\/media?parent=7055"}],"wp:term":[{"taxonomy":"pwb-brand","embeddable":true,"href":"https:\/\/tammetorubbq.ee\/fi\/wp-json\/wp\/v2\/pwb-brand?post=7055"},{"taxonomy":"product_brand","embeddable":true,"href":"https:\/\/tammetorubbq.ee\/fi\/wp-json\/wp\/v2\/product_brand?post=7055"},{"taxonomy":"product_cat","embeddable":true,"href":"https:\/\/tammetorubbq.ee\/fi\/wp-json\/wp\/v2\/product_cat?post=7055"},{"taxonomy":"product_tag","embeddable":true,"href":"https:\/\/tammetorubbq.ee\/fi\/wp-json\/wp\/v2\/product_tag?post=7055"}],"curies":[{"name":"wp","href":"https:\/\/api.w.org\/{rel}","templated":true}]}}