{"id":767,"date":"2023-12-10T17:35:47","date_gmt":"2023-12-10T15:35:47","guid":{"rendered":"https:\/\/tammetorubbq.ee\/?post_type=product&#038;p=767"},"modified":"2026-04-15T04:00:01","modified_gmt":"2026-04-15T01:00:01","slug":"kamado-joe-iso-grilli-iso-grilli-argentiina-91-kg-50l","status":"publish","type":"product","link":"https:\/\/tammetorubbq.ee\/fi\/product-2\/kamado-joe-iso-grilli-iso-grilli-argentiina-91-kg-50l\/","title":{"rendered":"Kamado Joe Big Block (argentiinalainen) 9,1 kg \/ 50 L"},"content":{"rendered":"<p>Pussin paino 9,1kg, tilavuus 50L.<\/p>","protected":false},"excerpt":{"rendered":"<p>Korkealaatuisesta lehtipuusta valmistettu Kamado Joe Big Block Large Chunk -hiili on t\u00e4ydellinen niille, jotka haluavat poikkeuksellista makua ja pidemp\u00e4\u00e4 paloaikaa.<br \/>\nKorkealaatuinen puuhiili takaa herkullisen savun, jonka ansiosta ruoanlaitto maistuu vertaansa vailla.<\/p>\n<ul>\n<li>100% luonnollinen grillihiili, joka tarjoaa vertaansa vailla olevan makuel\u00e4myksen.<\/li>\n<li>Paloaika pussia kohden jopa 18 tuntia.<\/li>\n<li>Valmistettu guayacan-, guayaibi-, aistal- ja white quebracho -kovapuiden sekoituksesta.<\/li>\n<\/ul>\n<p>Paras k\u00e4ytt\u00f6tapa <a href=\"https:\/\/tammetorubbq.ee\/fi\/?s=kamado+joe&amp;post_type=product&amp;dgwt_wcas=1\"><span style=\"color: #ff0000;\"><strong>Kamado Joe<\/strong><\/span><\/a> tai mik\u00e4 tahansa muu hiiligrilli.<\/p>\n<p>&nbsp;<\/p>\n<p><img loading=\"lazy\" decoding=\"async\" class=\"alignnone wp-image-1531\" src=\"http:\/\/tammetorubbq.ee\/wp-content\/uploads\/2024\/03\/kamado-joe-logo-300x40.webp\" alt=\"Kamado Joe -logo\" width=\"203\" height=\"27\" srcset=\"https:\/\/tammetorubbq.ee\/wp-content\/uploads\/2024\/03\/kamado-joe-logo-300x40.webp 300w, https:\/\/tammetorubbq.ee\/wp-content\/uploads\/2024\/03\/kamado-joe-logo-768x104.webp 768w, https:\/\/tammetorubbq.ee\/wp-content\/uploads\/2024\/03\/kamado-joe-logo-18x2.webp 18w, https:\/\/tammetorubbq.ee\/wp-content\/uploads\/2024\/03\/kamado-joe-logo-600x81.webp 600w, https:\/\/tammetorubbq.ee\/wp-content\/uploads\/2024\/03\/kamado-joe-logo-64x9.webp 64w, https:\/\/tammetorubbq.ee\/wp-content\/uploads\/2024\/03\/kamado-joe-logo.webp 1024w\" sizes=\"auto, (max-width: 203px) 100vw, 203px\" \/><\/p>","protected":false},"featured_media":773,"comment_status":"open","ping_status":"closed","template":"","meta":{"_uf_show_specific_survey":0,"_uf_disable_surveys":false},"pwb-brand":[69],"product_brand":[],"product_cat":[58,28],"product_tag":[130,126],"class_list":{"0":"post-767","1":"product","2":"type-product","3":"status-publish","4":"has-post-thumbnail","6":"pwb-brand-kamado-joe","7":"product_cat-grillssusi","8":"product_cat-grillsusi","9":"product_tag-grillsusi","10":"product_tag-kamado-joe","12":"first","13":"instock","14":"taxable","15":"shipping-taxable","16":"purchasable","17":"product-type-simple"},"brands":[{"id":69,"name":"Kamado Joe","slug":"kamado-joe"}],"_links":{"self":[{"href":"https:\/\/tammetorubbq.ee\/fi\/wp-json\/wp\/v2\/product\/767","targetHints":{"allow":["GET"]}}],"collection":[{"href":"https:\/\/tammetorubbq.ee\/fi\/wp-json\/wp\/v2\/product"}],"about":[{"href":"https:\/\/tammetorubbq.ee\/fi\/wp-json\/wp\/v2\/types\/product"}],"replies":[{"embeddable":true,"href":"https:\/\/tammetorubbq.ee\/fi\/wp-json\/wp\/v2\/comments?post=767"}],"wp:featuredmedia":[{"embeddable":true,"href":"https:\/\/tammetorubbq.ee\/fi\/wp-json\/wp\/v2\/media\/773"}],"wp:attachment":[{"href":"https:\/\/tammetorubbq.ee\/fi\/wp-json\/wp\/v2\/media?parent=767"}],"wp:term":[{"taxonomy":"pwb-brand","embeddable":true,"href":"https:\/\/tammetorubbq.ee\/fi\/wp-json\/wp\/v2\/pwb-brand?post=767"},{"taxonomy":"product_brand","embeddable":true,"href":"https:\/\/tammetorubbq.ee\/fi\/wp-json\/wp\/v2\/product_brand?post=767"},{"taxonomy":"product_cat","embeddable":true,"href":"https:\/\/tammetorubbq.ee\/fi\/wp-json\/wp\/v2\/product_cat?post=767"},{"taxonomy":"product_tag","embeddable":true,"href":"https:\/\/tammetorubbq.ee\/fi\/wp-json\/wp\/v2\/product_tag?post=767"}],"curies":[{"name":"wp","href":"https:\/\/api.w.org\/{rel}","templated":true}]}}