{"id":791,"date":"2023-12-10T18:08:27","date_gmt":"2023-12-10T16:08:27","guid":{"rendered":"https:\/\/tammetorubbq.ee\/?post_type=product&#038;p=791"},"modified":"2026-04-28T14:00:03","modified_gmt":"2026-04-28T11:00:03","slug":"kamado-joe-savustus-lohkot-vaahtera-45kg","status":"publish","type":"product","link":"https:\/\/tammetorubbq.ee\/fi\/toode\/kamado-joe-suitsutusklotsid-vahtrapuust-45kg\/","title":{"rendered":"Kamado Joe savustuslohkot vaahterapuuta 4,5kg"},"content":{"rendered":"<p>Kamado Joen savulohkot ovat nyrkin kokoisia kuorettomia puupaloja.<\/p>\n<p>Ei koskaan uunikuivattu. Sen on annettu kuivua ilmakuivaksi, jotta luonnolliset sokerit s\u00e4ilyv\u00e4t ja maku on t\u00e4ytel\u00e4isempi.<\/p>\n<p>Vaahtopuulla on makea aromi, joka sopii esimerkiksi siipikarjan ja kinkun savustamiseen.<\/p>","protected":false},"excerpt":{"rendered":"<p>Kamado Joen savulohkot ovat nyrkin kokoisia kuorettomia puupaloja.<\/p>\n<p>Ei koskaan uunikuivattu. Sen on annettu kuivua ilmakuivaksi, jotta luonnolliset sokerit s\u00e4ilyv\u00e4t ja maku on t\u00e4ytel\u00e4isempi.<\/p>\n<p>&nbsp;<\/p>\n<p><img loading=\"lazy\" decoding=\"async\" class=\"wp-image-1531\" src=\"http:\/\/tammetorubbq.ee\/wp-content\/uploads\/2024\/03\/kamado-joe-logo-300x40.webp\" alt=\"Kamado Joe -logo\" width=\"165\" height=\"22\" srcset=\"https:\/\/tammetorubbq.ee\/wp-content\/uploads\/2024\/03\/kamado-joe-logo-300x40.webp 300w, https:\/\/tammetorubbq.ee\/wp-content\/uploads\/2024\/03\/kamado-joe-logo-768x104.webp 768w, https:\/\/tammetorubbq.ee\/wp-content\/uploads\/2024\/03\/kamado-joe-logo-18x2.webp 18w, https:\/\/tammetorubbq.ee\/wp-content\/uploads\/2024\/03\/kamado-joe-logo-600x81.webp 600w, https:\/\/tammetorubbq.ee\/wp-content\/uploads\/2024\/03\/kamado-joe-logo-64x9.webp 64w, https:\/\/tammetorubbq.ee\/wp-content\/uploads\/2024\/03\/kamado-joe-logo.webp 1024w\" sizes=\"auto, (max-width: 165px) 100vw, 165px\" \/><\/p>","protected":false},"featured_media":794,"comment_status":"open","ping_status":"closed","template":"","meta":{"_uf_show_specific_survey":0,"_uf_disable_surveys":false},"pwb-brand":[69],"product_brand":[],"product_cat":[28,59],"product_tag":[],"class_list":{"0":"post-791","1":"product","2":"type-product","3":"status-publish","4":"has-post-thumbnail","6":"pwb-brand-kamado-joe","7":"product_cat-grillsusi","8":"product_cat-suitsuklotsid","10":"first","11":"instock","12":"taxable","13":"shipping-taxable","14":"purchasable","15":"product-type-simple"},"brands":[{"id":69,"name":"Kamado Joe","slug":"kamado-joe"}],"_links":{"self":[{"href":"https:\/\/tammetorubbq.ee\/fi\/wp-json\/wp\/v2\/product\/791","targetHints":{"allow":["GET"]}}],"collection":[{"href":"https:\/\/tammetorubbq.ee\/fi\/wp-json\/wp\/v2\/product"}],"about":[{"href":"https:\/\/tammetorubbq.ee\/fi\/wp-json\/wp\/v2\/types\/product"}],"replies":[{"embeddable":true,"href":"https:\/\/tammetorubbq.ee\/fi\/wp-json\/wp\/v2\/comments?post=791"}],"wp:featuredmedia":[{"embeddable":true,"href":"https:\/\/tammetorubbq.ee\/fi\/wp-json\/wp\/v2\/media\/794"}],"wp:attachment":[{"href":"https:\/\/tammetorubbq.ee\/fi\/wp-json\/wp\/v2\/media?parent=791"}],"wp:term":[{"taxonomy":"pwb-brand","embeddable":true,"href":"https:\/\/tammetorubbq.ee\/fi\/wp-json\/wp\/v2\/pwb-brand?post=791"},{"taxonomy":"product_brand","embeddable":true,"href":"https:\/\/tammetorubbq.ee\/fi\/wp-json\/wp\/v2\/product_brand?post=791"},{"taxonomy":"product_cat","embeddable":true,"href":"https:\/\/tammetorubbq.ee\/fi\/wp-json\/wp\/v2\/product_cat?post=791"},{"taxonomy":"product_tag","embeddable":true,"href":"https:\/\/tammetorubbq.ee\/fi\/wp-json\/wp\/v2\/product_tag?post=791"}],"curies":[{"name":"wp","href":"https:\/\/api.w.org\/{rel}","templated":true}]}}