{"id":802,"date":"2023-12-10T18:15:22","date_gmt":"2023-12-10T16:15:22","guid":{"rendered":"https:\/\/tammetorubbq.ee\/?post_type=product&#038;p=802"},"modified":"2026-04-28T09:00:03","modified_gmt":"2026-04-28T06:00:03","slug":"stokes-habanero-chilimajoneesi-205g","status":"publish","type":"product","link":"https:\/\/tammetorubbq.ee\/fi\/toode\/stokes-habanero-tsilli-majonees-205g\/","title":{"rendered":"Stokes Habanero Chili Majoneesi 205g"},"content":{"rendered":"<p>Mausteiset fermentoidut Habanero chilit tasapainottavat voimakkaan syvyyden ja hienon hedelm\u00e4isen lopputuloksen.<br \/>\nStokes Habanero -kastike, joka on saanut 2 t\u00e4hden erinomaisen makupalkinnon.<\/p>\n<p>Tulinen kastike, jossa on herkullinen tuoksu: syvi\u00e4 etikkaisia s\u00e4vyj\u00e4 ja lupaavaa hedelm\u00e4isyytt\u00e4 - makeutta pehment\u00e4\u00e4 hienosti ter\u00e4v\u00e4 hedelm\u00e4isyys.<\/p>\n<p>Sipuli, tomaatti ja mango tasapainottavat tulisen mausteisuuden makealla, hedelm\u00e4isell\u00e4 ja herk\u00e4ll\u00e4 lopputuloksella.<\/p>\n<p>Ainesosat:<br \/>\nValkoviinietikka, vesi, fermentoitu punainen habanero chilisose (11%) (punainen habanero chili, suola, happo: etikkahappo), sipulisose, tomaattisose, puhdistamaton ruokosokeri, mango (8%), maissijauho, rypsi\u00f6ljy, valkosipulisose, inkiv\u00e4\u00e4risose, mausteet, merisuola, s\u00e4il\u00f6nt\u00e4aine sorbiinihappo (sulfiitit).<\/p>\n<p>S\u00e4ilyt\u00e4 avaamisen j\u00e4lkeen j\u00e4\u00e4kaapissa ja nauti 6 viikon kuluessa.<br \/>\n\u200b<br \/>\nGluteeniton<\/p>","protected":false},"excerpt":{"rendered":"<p>Mausteiset fermentoidut Habanero chilit tasapainottavat voimakkaan syvyyden ja hienon hedelm\u00e4isen lopputuloksen.<br \/>\nStokes Habanero -kastike, joka on saanut 2 t\u00e4hden erinomaisen makupalkinnon.<\/p>\n<p>Tulinen kastike, jossa on herkullinen tuoksu: syvi\u00e4 etikkaisia s\u00e4vyj\u00e4 ja lupaavaa hedelm\u00e4isyytt\u00e4 - makeutta pehment\u00e4\u00e4 hienosti ter\u00e4v\u00e4 hedelm\u00e4isyys.<\/p>\n<p>&nbsp;<\/p>\n<p><img loading=\"lazy\" decoding=\"async\" class=\"alignnone wp-image-1551\" src=\"http:\/\/tammetorubbq.ee\/wp-content\/uploads\/2023\/12\/stokes-logo-vector-1.png\" alt=\"\" width=\"179\" height=\"99\" srcset=\"https:\/\/tammetorubbq.ee\/wp-content\/uploads\/2023\/12\/stokes-logo-vector-1.png 300w, https:\/\/tammetorubbq.ee\/wp-content\/uploads\/2023\/12\/stokes-logo-vector-1-18x10.png 18w, https:\/\/tammetorubbq.ee\/wp-content\/uploads\/2023\/12\/stokes-logo-vector-1-64x35.png 64w\" sizes=\"auto, (max-width: 179px) 100vw, 179px\" \/><\/p>","protected":false},"featured_media":863,"comment_status":"open","ping_status":"closed","template":"","meta":{"_uf_show_specific_survey":0,"_uf_disable_surveys":false},"pwb-brand":[],"product_brand":[],"product_cat":[22],"product_tag":[],"class_list":{"0":"post-802","1":"product","2":"type-product","3":"status-publish","4":"has-post-thumbnail","6":"product_cat-kastmed-ja-marinaadid","8":"first","9":"instock","10":"taxable","11":"shipping-taxable","12":"purchasable","13":"product-type-simple"},"brands":[],"_links":{"self":[{"href":"https:\/\/tammetorubbq.ee\/fi\/wp-json\/wp\/v2\/product\/802","targetHints":{"allow":["GET"]}}],"collection":[{"href":"https:\/\/tammetorubbq.ee\/fi\/wp-json\/wp\/v2\/product"}],"about":[{"href":"https:\/\/tammetorubbq.ee\/fi\/wp-json\/wp\/v2\/types\/product"}],"replies":[{"embeddable":true,"href":"https:\/\/tammetorubbq.ee\/fi\/wp-json\/wp\/v2\/comments?post=802"}],"wp:featuredmedia":[{"embeddable":true,"href":"https:\/\/tammetorubbq.ee\/fi\/wp-json\/wp\/v2\/media\/863"}],"wp:attachment":[{"href":"https:\/\/tammetorubbq.ee\/fi\/wp-json\/wp\/v2\/media?parent=802"}],"wp:term":[{"taxonomy":"pwb-brand","embeddable":true,"href":"https:\/\/tammetorubbq.ee\/fi\/wp-json\/wp\/v2\/pwb-brand?post=802"},{"taxonomy":"product_brand","embeddable":true,"href":"https:\/\/tammetorubbq.ee\/fi\/wp-json\/wp\/v2\/product_brand?post=802"},{"taxonomy":"product_cat","embeddable":true,"href":"https:\/\/tammetorubbq.ee\/fi\/wp-json\/wp\/v2\/product_cat?post=802"},{"taxonomy":"product_tag","embeddable":true,"href":"https:\/\/tammetorubbq.ee\/fi\/wp-json\/wp\/v2\/product_tag?post=802"}],"curies":[{"name":"wp","href":"https:\/\/api.w.org\/{rel}","templated":true}]}}