{"id":10,"date":"2023-11-14T09:33:31","date_gmt":"2023-11-14T06:33:31","guid":{"rendered":"https:\/\/tammetorubbq.ee\/?page_id=10"},"modified":"2023-11-30T14:12:41","modified_gmt":"2023-11-30T12:12:41","slug":"kitos-salygos","status":"publish","type":"page","link":"https:\/\/tammetorubbq.ee\/lt\/muugitingimused\/","title":{"rendered":"Pardavimo s\u0105lygos"},"content":{"rendered":"<h3>U\u017esakymo pateikimas<\/h3>\n<p>Pasirinkite jus dominant\u012f (-ius) gamin\u012f (-ius) ir paspauskite mygtuk\u0105 \"\u012e krep\u0161el\u012f\". Pirkini\u0173 krep\u0161el\u012f ir \u012f j\u012f \u012fd\u0117tus produktus, nesvarbu, kuriame puslapyje esate, rasite vir\u0161utiniame de\u0161iniajame m\u016bs\u0173 el. parduotuv\u0117s kampe.<\/p>\n<p>Kai \u012f pirkini\u0173 krep\u0161el\u012f \u012fd\u0117site visus norimus produktus, gal\u0117site prad\u0117ti teikti u\u017esakym\u0105.<\/p>\n<p>Atkreipkite d\u0117mes\u012f, kad, patvirtinus u\u017esakym\u0105, \u012f j\u016bs\u0173 el. pa\u0161to adres\u0105 bus i\u0161si\u0173stas tik patvirtinimo el. lai\u0161kas su u\u017esakymo informacija, bet ne s\u0105skaita fakt\u016bra! S\u0105skaita fakt\u016bra bus i\u0161si\u0173sta kliento nurodytu el. pa\u0161to adresu po kurio laiko. Jei \u012f savo pa\u0161to d\u0117\u017eut\u0119 negavote jokios informacijos i\u0161 m\u016bs\u0173, patikrinkite, ar j\u016bs\u0173 pa\u0161to d\u0117\u017eut\u0117je yra vietos naujiems prane\u0161imams gauti arba ar j\u016bs\u0173 nepageidaujam\u0173 lai\u0161k\u0173 filtras per klaid\u0105 nenukreip\u0117 m\u016bs\u0173 si\u0173sto el. lai\u0161ko \u012f j\u016bs\u0173 pa\u0161to d\u0117\u017eut\u0117s nepageidaujam\u0173 lai\u0161k\u0173 aplank\u0105.<\/p>\n<p>Jei turite klausim\u0173, susisiekite su mumis telefonu +372 56 888 638 arba para\u0161ykite mums \u0161iuo el. pa\u0161to adresu. <a href=\"mailto:info@tammetorubbq.ee\">info@tammetorubbq.ee<\/a><\/p>\n<p>Paprastai s\u0105skait\u0105 fakt\u016br\u0105 klientui i\u0161siun\u010diame darbo dienomis, ne v\u0117liau kaip per kelias valandas nuo u\u017esakymo pateikimo, bet ne v\u0117liau kaip per vien\u0105 darbo dien\u0105. Visi u\u017esakymai bus vykdomi tik gavus mok\u0117jim\u0105 arba, jei mokama pagal s\u0105skait\u0105 fakt\u016br\u0105, i\u0161siuntus mok\u0117jimo pavedimo kopij\u0105 \u0161iuo adresu. <a href=\"mailto:info@tammetorubbq.ee\">info@tammetorubbq.ee<\/a><\/p>\n<h3><\/h3>\n<h3>Vietinis pristatymas ir jo s\u0105naudos<\/h3>\n<p>Pristatymo i\u0161laidos bus apskai\u010diuotos pirkini\u0173 krep\u0161elyje pirkimo metu pagal j\u016bs\u0173 pasirinkto partnerio susitarim\u0105 d\u0117l kain\u0173.<\/p>","protected":false},"excerpt":{"rendered":"<p>Tellimuse vormistamine Valige endale huvipakkuv toode v\u00f5i tooted v\u00e4lja ja vajutage nuppu &#8220;Lisa ostukorvi&#8221;. Ostukorvi ja sinna lisatud tooted leiad, \u00fcksk\u00f5ik millisel lehel parasjagu oled, meie e-poe paremast \u00fclanurgast. Kui olete k\u00f5ik soovitud tooted ostukorvi lisanud, saate alustada tellimuse vormistamisega. Pange t\u00e4hele, et peale tellimuse kinnitamist saadetakse Teie e-mailile esialgu vaid tellimust kinnitav e-mail koos [&hellip;]<\/p>\n","protected":false},"author":3,"featured_media":0,"parent":0,"menu_order":0,"comment_status":"closed","ping_status":"closed","template":"","meta":{"_uf_show_specific_survey":0,"_uf_disable_surveys":false,"_breakdance_hide_in_design_set":false,"_breakdance_tags":"","footnotes":""},"class_list":["post-10","page","type-page","status-publish","hentry"],"_links":{"self":[{"href":"https:\/\/tammetorubbq.ee\/lt\/wp-json\/wp\/v2\/pages\/10","targetHints":{"allow":["GET"]}}],"collection":[{"href":"https:\/\/tammetorubbq.ee\/lt\/wp-json\/wp\/v2\/pages"}],"about":[{"href":"https:\/\/tammetorubbq.ee\/lt\/wp-json\/wp\/v2\/types\/page"}],"author":[{"embeddable":true,"href":"https:\/\/tammetorubbq.ee\/lt\/wp-json\/wp\/v2\/users\/3"}],"replies":[{"embeddable":true,"href":"https:\/\/tammetorubbq.ee\/lt\/wp-json\/wp\/v2\/comments?post=10"}],"version-history":[{"count":5,"href":"https:\/\/tammetorubbq.ee\/lt\/wp-json\/wp\/v2\/pages\/10\/revisions"}],"predecessor-version":[{"id":392,"href":"https:\/\/tammetorubbq.ee\/lt\/wp-json\/wp\/v2\/pages\/10\/revisions\/392"}],"wp:attachment":[{"href":"https:\/\/tammetorubbq.ee\/lt\/wp-json\/wp\/v2\/media?parent=10"}],"curies":[{"name":"wp","href":"https:\/\/api.w.org\/{rel}","templated":true}]}}