{"id":2627,"date":"2025-03-30T21:52:35","date_gmt":"2025-03-30T18:52:35","guid":{"rendered":"https:\/\/tammetorubbq.ee\/?page_id=2627"},"modified":"2025-11-21T16:41:21","modified_gmt":"2025-11-21T14:41:21","slug":"sumoketi-veliau","status":"publish","type":"page","link":"https:\/\/tammetorubbq.ee\/lt\/sumoketi-veliau\/","title":{"rendered":"Mok\u0117kite v\u0117liau"},"content":{"rendered":"<div class=\"bde-globalblock-2627-100 bde-globalblock\"><section class=\"bde-section-375-100-375-1 bde-section bde-section-375-100\">\n              \n  \n  \n\t\n\n  <div class=\"section-background-overlay\"><\/div>\n\n\n<div class=\"section-container\"><h1 class=\"bde-heading-375-101-375-1 bde-heading bde-heading-375-101\">\nMok\u0117kite v\u0117liau\n<\/h1><\/div>\n<\/section><\/div><section class=\"bde-section-2627-101 bde-section\">\n  \n  \n\t\n\n\n\n<div class=\"section-container\"><div class=\"bde-columns-2627-102 bde-columns\"><div class=\"bde-column-2627-103 bde-column\">\n  \n  \n\t\n\n\n\n<div class=\"bde-rich-text-2627-104 bde-rich-text breakdance-rich-text-styles\">\n<h2>\u012esigykite m\u0117gstam\u0173 produkt\u0173 \u0161iandien ir sumok\u0117kite v\u0117liau!<\/h2><p><strong>Puiku rinkti pinigus apsipirkimui. Ta\u010diau dar geriau mok\u0117ti ma\u017eomis dalimis ir taip paskirstyti i\u0161laidas.<br \/>Padalykite pirkimo sum\u0105 \u012f lygias dalis ir prad\u0117kite mok\u0117ti tik kit\u0105 m\u0117nes\u012f.<\/strong><\/p><p><strong>Paskirstytos i\u0161laidos<\/strong> - Pasirinkite jums tinkant\u012f laikotarp\u012f ir m\u0117nesin\u0119 \u012fmok\u0105 ir u\u017e pirkin\u012f mok\u0117kite keliomis lygiomis dalimis.<br \/><strong>Nelaukite<\/strong> - D\u0117l greito kredito sprendimo pirkim\u0105 galite u\u017ebaigti vos per kelias minutes.<br \/><strong>Greitai ir lengvai<\/strong> - Pirkite ir naudokite m\u0117gstamus produktus \u0161iandien. Be r\u016bpes\u010di\u0173.<\/p><p><strong>Bendradarbiaudami su \"InBank\" si\u016blome lanks\u010dias ir prieinamas mok\u0117jimo galimybes, kad jau \u0161iandien gal\u0117tum\u0117te m\u0117gautis kepimu ant groteli\u0173 ir geriausiais skoniais:<\/strong><\/p><p><strong>Mok\u0117kite v\u0117liau<\/strong> - visi\u0161kai nemokamai! Padalykite u\u017esakym\u0105 \u012f 2-3 dalis be joki\u0173 papildom\u0173 i\u0161laid\u0173.<br \/>- Pirmasis mok\u0117jimas 30 dien\u0173 po u\u017esakymo patvirtinimo, be pal\u016bkan\u0173.<\/p><p><strong>Pirkimas i\u0161simok\u0117tinai<\/strong> - tiek, kiek jums reikia! Sumok\u0117kite u\u017e pirkin\u012f per 3 - 72 m\u0117nesius.<br \/>- Sutartin\u0117s pal\u016bkanos 11.9%<br \/>- Sutarties mokestis 0 \u20ac<br \/>- M\u0117nesinis valdymo mokestis 0,3%<br \/>\u2022 Finantseeritav summa 100 \u20ac kuni 2500 \u20ac<\/p><p>Maksev\u00f5imalused kehtivad alates 100 \u20ac ostukorvi kogusummast \u2013 vali endale sobiv grill v\u00f5i mistahes toote(d) meie valikust ning alusta kohe parimate grilli\/ BBQ lahenduste ja maitsetega!<\/p><p>Pirkini\u0173 krep\u0161elyje pasirinkite jums tinkam\u0105 mok\u0117jimo sprendim\u0105 ir mes u\u017etikrinsime greit\u0105 pristatym\u0105.<\/p><p><a href=\"https:\/\/montonio.com\/et\/juriidiline-teave\/jarelmaksuvahenduse-kasutustingimused\/\" target=\"_blank\" rel=\"noopener\">Naudojimosi tarpininkavimo i\u0161simok\u0117tinai ir mok\u0117jimo v\u0117liau paslaugomis s\u0105lygos.<\/a><\/p><p><img loading=\"lazy\" decoding=\"async\" class=\"alignnone  wp-image-2646\" src=\"http:\/\/tammetorubbq.ee\/wp-content\/uploads\/2023\/12\/inbank-wordmark.png\" alt=\"Inbank\" width=\"149\" height=\"67\" srcset=\"https:\/\/tammetorubbq.ee\/wp-content\/uploads\/2023\/12\/inbank-wordmark.png 300w, https:\/\/tammetorubbq.ee\/wp-content\/uploads\/2023\/12\/inbank-wordmark-18x8.png 18w, https:\/\/tammetorubbq.ee\/wp-content\/uploads\/2023\/12\/inbank-wordmark-64x29.png 64w\" sizes=\"auto, (max-width: 149px) 100vw, 149px\" \/><\/p>\n<\/div>\n<\/div><div class=\"bde-column-2627-105 bde-column\">\n  \n  \n\t\n\n\n\n<div class=\"bde-image-2627-106 bde-image\">\n<figure class=\"breakdance-image breakdance-image--2640\">\n\t<div class=\"breakdance-image-container\">\n\t\t<div class=\"breakdance-image-clip\"><img loading=\"lazy\" decoding=\"async\" class=\"breakdance-image-object\" src=\"http:\/\/tammetorubbq.ee\/wp-content\/uploads\/2025\/03\/Konnected-Joe\u2122-768x768.jpg\" width=\"768\" height=\"768\" srcset=\"https:\/\/tammetorubbq.ee\/wp-content\/uploads\/2025\/03\/Konnected-Joe\u2122-768x768.jpg 768w, https:\/\/tammetorubbq.ee\/wp-content\/uploads\/2025\/03\/Konnected-Joe\u2122-300x300.jpg 300w, https:\/\/tammetorubbq.ee\/wp-content\/uploads\/2025\/03\/Konnected-Joe\u2122-150x150.jpg 150w, https:\/\/tammetorubbq.ee\/wp-content\/uploads\/2025\/03\/Konnected-Joe\u2122-600x600.jpg 600w, https:\/\/tammetorubbq.ee\/wp-content\/uploads\/2025\/03\/Konnected-Joe\u2122-64x64.jpg 64w\" sizes=\"auto, (max-width: 768px) 100vw, 768px\"><\/div>\n\t<\/div><\/figure>\n\n<\/div>\n<\/div><\/div><\/div>\n<\/section>","protected":false},"excerpt":{"rendered":"<p>Maksa hiljem Soeta lemmiktooted t\u00e4na ja maksa hiljem!Ostude tarbeks raha kogumine on suurep\u00e4rane. V\u00e4ikeste osamaksetega tasumine, mis aitab kulutusi hajutada, on aga veelgi parem.Jaota ostusumma v\u00f5rdse suurusega osamakseteks ja alusta tasumist alles j\u00e4rgmisel kuul.Hajutatud kulud &#8211; Vali omale sobiv periood ja kuumakse ning tasu ostu eest mitmes v\u00f5rdses osas.\u00c4ra oota &#8211; T\u00e4nu kiirele krediidiotsusele saad [&hellip;]<\/p>\n","protected":false},"author":2,"featured_media":0,"parent":0,"menu_order":0,"comment_status":"closed","ping_status":"closed","template":"","meta":{"_uf_show_specific_survey":0,"_uf_disable_surveys":false,"_breakdance_hide_in_design_set":false,"_breakdance_tags":"","footnotes":""},"class_list":["post-2627","page","type-page","status-publish","hentry"],"_links":{"self":[{"href":"https:\/\/tammetorubbq.ee\/lt\/wp-json\/wp\/v2\/pages\/2627","targetHints":{"allow":["GET"]}}],"collection":[{"href":"https:\/\/tammetorubbq.ee\/lt\/wp-json\/wp\/v2\/pages"}],"about":[{"href":"https:\/\/tammetorubbq.ee\/lt\/wp-json\/wp\/v2\/types\/page"}],"author":[{"embeddable":true,"href":"https:\/\/tammetorubbq.ee\/lt\/wp-json\/wp\/v2\/users\/2"}],"replies":[{"embeddable":true,"href":"https:\/\/tammetorubbq.ee\/lt\/wp-json\/wp\/v2\/comments?post=2627"}],"version-history":[{"count":5,"href":"https:\/\/tammetorubbq.ee\/lt\/wp-json\/wp\/v2\/pages\/2627\/revisions"}],"predecessor-version":[{"id":4262,"href":"https:\/\/tammetorubbq.ee\/lt\/wp-json\/wp\/v2\/pages\/2627\/revisions\/4262"}],"wp:attachment":[{"href":"https:\/\/tammetorubbq.ee\/lt\/wp-json\/wp\/v2\/media?parent=2627"}],"curies":[{"name":"wp","href":"https:\/\/api.w.org\/{rel}","templated":true}]}}