{"id":3,"date":"2023-10-17T16:37:05","date_gmt":"2023-10-17T16:37:05","guid":{"rendered":"https:\/\/tammetorubbq.ee\/?page_id=3"},"modified":"2023-11-30T09:32:56","modified_gmt":"2023-11-30T06:32:56","slug":"privatumo-politika","status":"publish","type":"page","link":"https:\/\/tammetorubbq.ee\/lt\/privaatsuspoliitika\/","title":{"rendered":"Privatumo politika"},"content":{"rendered":"<section class=\"bde-section-3-100 bde-section\">\n  \n  \n\t\n\n\n\n<div class=\"section-container\"><div class=\"bde-rich-text-3-101 bde-rich-text breakdance-rich-text-styles\">\n<h1>Privatumo politika<\/h1><p>\"BBQ Buddy O\u00dc\" elektronin\u0117 parduotuv\u0117 (toliau - Tammet\u00f5ru BBQ elektronin\u0117 parduotuv\u0117) yra \u012fsipareigojusi saugoti savo klient\u0173 ir naudotoj\u0173 privatum\u0105. \u0160ioje privatumo politikoje ap\u017evelgiama m\u016bs\u0173 praktika, \u012fskaitant tai, koki\u0105 informacij\u0105 renkame, kaip j\u0105 naudojame ar atskleid\u017eiame, j\u016bs\u0173 teis\u0117s, susijusios su informacijos rinkimu ir naudojimu. M\u016bs\u0173 veikla internete atitinka vis\u0105 susijusi\u0105 praktik\u0105 ir atitinkamas Europos S\u0105jungos direktyvas bei Estijos Respublikos \u012fstatymus.<\/p><p>Asmens duomen\u0173 tvarkymas sutarties su klientu vykdymo tikslu (Reglamento 2016\/679\/ES 6 straipsnio 1 dalis) b) Asmens duomen\u0173 tvarkymas teisin\u0117s prievol\u0117s vykdymo tikslu (pvz., buhalterin\u0117 apskaita ir vartojimo gin\u010d\u0173 sprendimas) (Reglamento 2016\/679\/ES preambul\u0117s 52 psl., 6 straipsnio 1 dalis) c).<\/p><p>Tammet\u00f5ru BBQ elektronin\u0117 parduotuv\u0117 pasilieka teis\u0119 prireikus keisti privatumo politik\u0105 (toliau - Privatumo politika). Naudodamiesi Tammet\u00f5ru BBQ el. parduotuve, mes darome prielaid\u0105, kad j\u016bs perskait\u0117te m\u016bs\u0173 politik\u0105 ir su ja sutikote.<br><br><br><\/p><h3>Kokius duomenis renkame ir kod\u0117l?<\/h3><p>Pavyzd\u017eiui, renkame informacij\u0105, kuri\u0105 pateikiate pirkdami arba pateikdami u\u017esakym\u0105 \"Tammet\u00f5ru BBQ\" elektronin\u0117je parduotuv\u0117je.<\/p><p>E. parduotuv\u0117 gali papra\u0161yti j\u016bs\u0173 savanori\u0161kai pateikti asmens duomenis ir asmenin\u0119 informacij\u0105 tam tikrose svetain\u0117s vietose.<\/p><p>Pra\u0161omi asmens duomenys gali b\u016bti j\u016bs\u0173 vardas, pavard\u0117, adresas, pa\u0161to kodas, el. pa\u0161to adresas, telefono numeris ir kiti duomenys.<\/p><p>Atskleisti duomenys bus naudojami pagal \u0161ioje privatumo politikoje nustatytas s\u0105lygas.<\/p><h3><br><br>Kaip naudojame el. parduotuv\u0117je surinktus duomenis.<\/h3><p>\"Tammet\u00f5ru BBQ\" elektronin\u0117 parduotuv\u0117 gali ne tik naudoti pirmiau apra\u0161yt\u0105 asmenin\u0119 informacij\u0105, bet ir \u012fvestus duomenis, kad steb\u0117t\u0173 vartotojus dominan\u010dius produktus ir paslaugas, \u0161alint\u0173 galimas problemas, apsaugot\u0173 nuo suk\u010diavimo ir kitos nusikalstamos veiklos, pritaikyt\u0173 vartotojo patirt\u012f, teikt\u0173 produktus ar paslaugas.<\/p><p>Kai su mumis bendraujate, galime i\u0161saugoti susira\u0161in\u0117jim\u0105, kad gal\u0117tume tobulinti savo produktus, paslaugas, svetain\u0119 ar kitais vie\u0161ais tikslais.<\/p><p>\"Oakmeal BBQ\" el. parduotuv\u0117 gali atskleisti informacij\u0105 apie atskirus naudotojus tre\u010diajai \u0161aliai, kuri teikia paslaugas \"Oakmeal BBQ\" ir kuri sutinka, kad informacija, kuria dalijamasi, b\u016bt\u0173 konfidenciali. Tre\u010diosios \u0161alys yra \"Tammet\u00f5ru BBQ\" partneriai, kuri\u0173 u\u017eduotys apima e. parduotuv\u0117je parduodam\u0173 preki\u0173 pristatym\u0105, transportavim\u0105, svetain\u0117s prie\u017ei\u016br\u0105, turinio valdym\u0105, rinkodar\u0105 ir tarpininkavim\u0105 atliekant mok\u0117jimus.<\/p><p>Jei su tuo sutikote, si\u0173sime jums rinkodaros el. lai\u0161kus arba trump\u0105sias \u017einutes (SMS), kad gautum\u0117te naujausi\u0105 informacij\u0105 apie m\u016bs\u0173 veikl\u0105 ir gal\u0117tum\u0117te susipa\u017einti su m\u016bs\u0173 produktais ir geriausiais pasi\u016blymais bei juos rasti. Norint u\u017esiprenumeruoti rinkodaros prane\u0161imus, reikalingas savanori\u0161kas kliento sutikimas. Klientas gali duoti sutikim\u0105 prenumeruodamas produkt\u0105 ar paslaug\u0105, prenumeratos puslapyje kaip aktyvi\u0105 parinkt\u012f nurodydamas \"Nor\u0117\u010diau gauti informacij\u0105 apie geriausius pasi\u016blymus ir akcijas\". \u017eymimasis langelis.<\/p><p>Galite bet kada atsisakyti el. pa\u0161tu siun\u010diam\u0173 rinkodaros prane\u0161im\u0173, spustel\u0117j\u0119 el. lai\u0161ke esan\u010di\u0105 atsisakymo nuorod\u0105. Jei atsisakysite prenumeratos, ir toliau gausite su paslauga susijusi\u0105 informacij\u0105, pavyzd\u017eiui, prenumeratos b\u016bsenos atnaujinimus. Nor\u0117dami atsisakyti SMS rinkodaros prane\u0161im\u0173, kreipkit\u0117s \u012f m\u016bs\u0173 klient\u0173 aptarnavimo tarnyb\u0105 \u0161iuo adresu <a href=\"mailto:info@tammetorubbq.ee\">info@tammetorubbq.ee<\/a><\/p><h3><br><br>Naudotojo teis\u0117s<\/h3><p>Naudotojai turi teis\u0119 \u017einoti, koki\u0105 asmenin\u0119 informacij\u0105 apie jus turime.<\/p><p>Turite teis\u0119 i\u0161taisyti, pakeisti arba i\u0161trinti tokius duomenis. Jei norite pasinaudoti savo teise taisyti, keisti ar i\u0161trinti savo duomenis, susisiekite su mumis toliau nurodytais kontaktiniais duomenimis.<\/p><h3><br><br>Apsauga<\/h3><p>\"Oaks BBQ\" elektronin\u0117je parduotuv\u0117je \u012fdiegtos b\u016btinos priemon\u0117s, skirtos elektronin\u0117je parduotuv\u0117je surinkt\u0173 asmens duomen\u0173 vientisumui, tikslumui ir privatumui apsaugoti.<\/p><p>Taikome pagr\u012fstas atsargumo priemones, kad apsaugotume informacij\u0105 nuo praradimo, netinkamo naudojimo ir pakeitim\u0173. Prieiga prie duomen\u0173 keitimo ir rodymo suteikiama tik \u012fgaliotiems asmenims.<\/p><p>Sutinkate, kad \"Oak Tree BBQ\" neb\u016bt\u0173 atsakinga u\u017e bet kokius internetu perduodamus \"pavogtus\" duomenis, ir atleid\u017eiate mus nuo bet koki\u0173 pretenzij\u0173, kylan\u010di\u0173 d\u0117l neteis\u0117to \"perimt\u0173\" duomen\u0173 naudojimo ar susijusi\u0173 su jais.<\/p><h3><br><br>Privatumo politikos s\u0105lygos ir pakeitimai<\/h3><p>Naudodamiesi Tammet\u00f5ru BBQ elektronine parduotuve, j\u016bs sutinkate su Tammet\u00f5ru BBQ privatumo politika. Jei d\u0117l koki\u0173 nors prie\u017eas\u010di\u0173 nesutinkate su \u0161iomis s\u0105lygomis, netur\u0117tum\u0117te naudotis m\u016bs\u0173 el. parduotuve. Tammet\u00f5ru BBQ pasilieka teis\u0119 bet kuriuo metu keisti \u0161ios privatumo politikos s\u0105lygas.<\/p><p>Klientas privalo periodi\u0161kai per\u017ei\u016br\u0117ti \"Oak Tree BBQ\" elektronin\u0117s parduotuv\u0117s privatumo politik\u0105 ir \u012fsitikinti, kad jis \u017eino apie bet kokius pakeitimus. Tolesnis kliento naudojimasis el. parduotuve rei\u0161kia, kad jis sutinka su bet kokiais \u0161ios privatumo politikos pakeitimais.<\/p><h3><br><br>Susisiekite su<\/h3><p>Jei turite klausim\u0173 apie m\u016bs\u0173 privatumo politik\u0105, \u0161ios privatumo politikos taikym\u0105 arba norite pasinaudoti bet kuria savo teise, susisiekite su mumis \u0161iuo adresu. <a href=\"mailto:info@tammetorubbq.ee\">info@tammetorubbq.ee<\/a><\/p><p><\/p>\n<\/div><\/div>\n<\/section>","protected":false},"excerpt":{"rendered":"<p>PrivaatsuspoliitikaBBQ Buddy O\u00dc e-pood (edaspidi Tammet\u00f5ru BBQ e-pood ) on v\u00f5tnud endale kohustuse kaitsta klientide ja kasutajate privaatsust. K\u00e4esolev privaatsuspoliitika annab \u00fclevaate meie tavadest, sealhulgas millist teavet me kogume, kuidas me infot kasutame v\u00f5i avalikustame, Teie \u00f5igustest seoses meiepoolse andmete kogumise ja kasutamisega. Meie tegevus internetis on koosk\u00f5las k\u00f5igi asjakohaste tegevuste ja vastavate Euroopa Liidu [&hellip;]<\/p>\n","protected":false},"author":3,"featured_media":0,"parent":0,"menu_order":0,"comment_status":"closed","ping_status":"closed","template":"","meta":{"_uf_show_specific_survey":0,"_uf_disable_surveys":false,"_breakdance_hide_in_design_set":false,"_breakdance_tags":"","footnotes":""},"class_list":["post-3","page","type-page","status-publish","hentry"],"_links":{"self":[{"href":"https:\/\/tammetorubbq.ee\/lt\/wp-json\/wp\/v2\/pages\/3","targetHints":{"allow":["GET"]}}],"collection":[{"href":"https:\/\/tammetorubbq.ee\/lt\/wp-json\/wp\/v2\/pages"}],"about":[{"href":"https:\/\/tammetorubbq.ee\/lt\/wp-json\/wp\/v2\/types\/page"}],"author":[{"embeddable":true,"href":"https:\/\/tammetorubbq.ee\/lt\/wp-json\/wp\/v2\/users\/3"}],"replies":[{"embeddable":true,"href":"https:\/\/tammetorubbq.ee\/lt\/wp-json\/wp\/v2\/comments?post=3"}],"version-history":[{"count":3,"href":"https:\/\/tammetorubbq.ee\/lt\/wp-json\/wp\/v2\/pages\/3\/revisions"}],"predecessor-version":[{"id":320,"href":"https:\/\/tammetorubbq.ee\/lt\/wp-json\/wp\/v2\/pages\/3\/revisions\/320"}],"wp:attachment":[{"href":"https:\/\/tammetorubbq.ee\/lt\/wp-json\/wp\/v2\/media?parent=3"}],"curies":[{"name":"wp","href":"https:\/\/api.w.org\/{rel}","templated":true}]}}