{"id":43,"date":"2023-11-15T12:10:46","date_gmt":"2023-11-15T09:10:46","guid":{"rendered":"https:\/\/tammetorubbq.ee\/?page_id=43"},"modified":"2025-02-14T15:19:06","modified_gmt":"2025-02-14T13:19:06","slug":"susisiekite-su","status":"publish","type":"page","link":"https:\/\/tammetorubbq.ee\/lt\/susisiekite-su\/","title":{"rendered":"Susisiekite su"},"content":{"rendered":"<div class=\"bde-globalblock-43-108 bde-globalblock\"><section class=\"bde-section-375-100-375-1 bde-section bde-section-375-100\">\n              \n  \n  \n\t\n\n  <div class=\"section-background-overlay\"><\/div>\n\n\n<div class=\"section-container\"><h1 class=\"bde-heading-375-101-375-1 bde-heading bde-heading-375-101\">\nKontakt\n<\/h1><\/div>\n<\/section><\/div><section class=\"bde-section-43-102 bde-section\">\n  \n  \n\t\n\n\n\n<div class=\"section-container\"><div class=\"bde-columns-43-103 bde-columns\"><div class=\"bde-column-43-104 bde-column\">\n  \n  \n\t\n\n\n\n<div class=\"bde-rich-text-43-107 bde-rich-text breakdance-rich-text-styles\">\n<h3>Ettev\u00f5tte kontaktid<\/h3><p>BBQ Buddy O\u00dc<\/p><p>P\u00e4rnu mnt. 232\/5, 11314 Tallinn<\/p><p><a href=\"mailto:info@tammetorubbq.ee\">info@tammetorubbq.ee<\/a><\/p><p><a href=\"tel: +372 56 888 638\" target=\"_self\">+372 56 888 638<\/a><\/p>\n<\/div>\n<\/div><div class=\"bde-column-43-105 bde-column\">\n  \n  \n\t\n\n\n\n<div class=\"bde-form-builder-43-106 bde-form-builder\">\n\n<form id=\"contact-form106\" class=\"breakdance-form breakdance-form--vertical\" data-options=\"{&quot;slug&quot;:&quot;custom&quot;,&quot;name&quot;:&quot;Contact Form&quot;,&quot;ajaxUrl&quot;:&quot;https:\\\/\\\/tammetorubbq.ee\\\/wp-admin\\\/admin-ajax.php&quot;,&quot;clearOnSuccess&quot;:true,&quot;hideOnSuccess&quot;:false,&quot;successMessage&quot;:&quot;Saime Teie kirja k\\u00e4tte ja vastame peatselt!&quot;,&quot;errorMessage&quot;:&quot;Midagi l\\u00e4ks valesti palun proovige uuesti&quot;,&quot;redirect&quot;:false,&quot;redirectUrl&quot;:&quot;&quot;,&quot;customJavaScript&quot;:&quot;&quot;,&quot;recaptcha&quot;:{&quot;key&quot;:&quot;&quot;,&quot;enabled&quot;:false},&quot;honeypot_enabled&quot;:false,&quot;popupsOnSuccess&quot;:[],&quot;popupsOnError&quot;:[]}\" data-steps=\"0\" >\n  \n  \n  \n<div class=\"breakdance-form-field breakdance-form-field--text\" >\n    \n    \n            <label class=\"breakdance-form-field__label\" for=\"name\">\n            Nimi<span class=\"breakdance-form-field__required\">*<\/span>\n        <\/label>\n    \n    <input\n    class=\"breakdance-form-field__input\"\n    id=\"name\"\n    aria-describedby=\"name\"\n    type=\"text\"\n    name=\"fields[name]\"\n    placeholder=\"Nimi v\u00f5i ettev\u00f5tte nimi\"\n    value=\"\"\n                \n        \n        \n    required\n    \n    \n    \n>\n\n\n    \n    \n<\/div>\n\n\n<div class=\"breakdance-form-field breakdance-form-field--email\" >\n    \n    \n            <label class=\"breakdance-form-field__label\" for=\"email\">\n            E-posti aadress<span class=\"breakdance-form-field__required\">*<\/span>\n        <\/label>\n    \n    <input\n    class=\"breakdance-form-field__input\"\n    id=\"email\"\n    aria-describedby=\"email\"\n    type=\"email\"\n    name=\"fields[email]\"\n    placeholder=\"Sisesta e-posti aadress\"\n    value=\"\"\n                \n        \n        \n    required\n    \n    \n    \n>\n\n\n    \n    \n<\/div>\n\n\n<div class=\"breakdance-form-field breakdance-form-field--textarea\" >\n    \n    \n            <label class=\"breakdance-form-field__label\" for=\"message\">\n            Teie kiri meile<span class=\"breakdance-form-field__required\">*<\/span>\n        <\/label>\n    \n    <textarea\n    class=\"breakdance-form-field__input\"\n    id=\"message\"\n    aria-describedby=\"message\"\n    type=\"textarea\"\n    name=\"fields[message]\"\n        placeholder=\"J\u00e4ta oma s\u00f5num siia\"\n    required\n    >\n<\/textarea>\n\n\n    \n    \n<\/div>\n\n\n  \n\n<div class=\"breakdance-form-field breakdance-form-footer\">\n    \n    \n                                    \n    \n    \n    \n    \n            \n            <button type=\"submit\" class=\"button-atom button-atom--primary breakdance-form-button breakdance-form-button__submit\"  >\n    \n        <span class=\"button-atom__text\">Saada kiri<\/span>\n\n        \n        \n            <\/button>\n    \n    <input type=\"hidden\" name=\"form_id\" value=\"106\">\n    <input type=\"hidden\" name=\"post_id\" value=\"43\">\n<\/div>\n\n  \n<\/form>\n\n\n<\/div>\n<\/div><\/div><\/div>\n<\/section>","protected":false},"excerpt":{"rendered":"<p>Susisiekite su \u012fmone KontaktaiBBQ Buddy O\u00dcP\u00e4rnu mnt. 232\/5, 11314 Tallinninfo@tammetorubbq.ee+372 56 888 638 Vardas ir pavard\u0117* El. pa\u0161to adresas* J\u016bs\u0173 lai\u0161kas mums* Si\u0173sti lai\u0161k\u0105 mums<\/p>","protected":false},"author":3,"featured_media":0,"parent":0,"menu_order":0,"comment_status":"closed","ping_status":"closed","template":"","meta":{"_uf_show_specific_survey":0,"_uf_disable_surveys":false,"_breakdance_hide_in_design_set":false,"_breakdance_tags":"","footnotes":""},"class_list":["post-43","page","type-page","status-publish","hentry"],"_links":{"self":[{"href":"https:\/\/tammetorubbq.ee\/lt\/wp-json\/wp\/v2\/pages\/43","targetHints":{"allow":["GET"]}}],"collection":[{"href":"https:\/\/tammetorubbq.ee\/lt\/wp-json\/wp\/v2\/pages"}],"about":[{"href":"https:\/\/tammetorubbq.ee\/lt\/wp-json\/wp\/v2\/types\/page"}],"author":[{"embeddable":true,"href":"https:\/\/tammetorubbq.ee\/lt\/wp-json\/wp\/v2\/users\/3"}],"replies":[{"embeddable":true,"href":"https:\/\/tammetorubbq.ee\/lt\/wp-json\/wp\/v2\/comments?post=43"}],"version-history":[{"count":5,"href":"https:\/\/tammetorubbq.ee\/lt\/wp-json\/wp\/v2\/pages\/43\/revisions"}],"predecessor-version":[{"id":2457,"href":"https:\/\/tammetorubbq.ee\/lt\/wp-json\/wp\/v2\/pages\/43\/revisions\/2457"}],"wp:attachment":[{"href":"https:\/\/tammetorubbq.ee\/lt\/wp-json\/wp\/v2\/media?parent=43"}],"curies":[{"name":"wp","href":"https:\/\/api.w.org\/{rel}","templated":true}]}}