{"id":525,"date":"2023-12-03T12:56:03","date_gmt":"2023-12-03T10:56:03","guid":{"rendered":"https:\/\/tammetorubbq.ee\/?page_id=525"},"modified":"2025-06-15T20:48:54","modified_gmt":"2025-06-15T17:48:54","slug":"kamado-joe-garantija","status":"publish","type":"page","link":"https:\/\/tammetorubbq.ee\/lt\/kamado-joe-garantii\/","title":{"rendered":"\"Kamado Joe\" garantija"},"content":{"rendered":"<div class=\"bde-globalblock-525-102 bde-globalblock\"><section class=\"bde-section-375-100-375-1 bde-section bde-section-375-100\">\n              \n  \n  \n\t\n\n  <div class=\"section-background-overlay\"><\/div>\n\n\n<div class=\"section-container\"><h1 class=\"bde-heading-375-101-375-1 bde-heading bde-heading-375-101\">\n\"Kamado Joe\" garantija\n<\/h1><\/div>\n<\/section><\/div><section class=\"bde-section-525-100 bde-section\">\n  \n  \n\t\n\n\n\n<div class=\"section-container\"><div class=\"bde-text-525-101 bde-text\">\nToliau pateikta garantija taikoma \"Kamado Joe\" modeliams: \"Junior Joe\", \"Classic Joe\", \"Classic Joe Stand Alone\", \"Big Joe\", \"Big Joe Stand Alone\" ir \"Pro Joe\".<br><br>NB: BBQ Bubby O\u00dc yra oficialus \u012fgaliotasis KAMADO JOE platintojas nuo 2023 m. BBQ Buddy O\u00dc klientams rekomenduojama u\u017epildyti garantijos form\u0105 \u010dia ir tokiu atveju BBQ Buddy O\u00dc pasir\u016bpins garantija u\u017e jus.<br> <br>RIBOTA GARANTIJA KERAMIN\u0116MS DALIMS VIS\u0104 GYVENIM\u0104<br>Ribota \"Kamado Joe\" garantija keramin\u0117ms dalims (i\u0161skyrus duobu\u010di\u0173 akmenis ir kar\u0161\u010dio deflektorius) galioja tik tuo atveju, jei kepsnin\u0117 priklauso pirmajam pirk\u0117jui, jei pateikiamas oficialus pirkimo \u012frodymas ir jei keramin\u0117s dalys nebuvo naudojamos kitose galimose kepsnin\u0117se.<br> <br>5 MET\u0172 GARANTIJA METALIN\u0116MS DALIMS<br>\"Kamado Joe\" 5 met\u0173 garantija taikoma visoms \"Kamado Joe\" kepsnin\u0117se naudojamoms metalin\u0117ms ir ketaus dalims, kurios priklaus\u0117 tam pa\u010diam pirminiam savininkui.<br> <br>3 MET\u0172 GARANTIJA \u0160ILUMOS AT\u0160VAITUI IR N\u0116RINI\u0172 PLYTEL\u0116MS<br>\"Kamado Joe\" 3 met\u0173 garantija taikoma kar\u0161\u010dio deflektoriams, deflektori\u0173 r\u0117meliams ir pic\u0173 akmenims, naudojamiems \"Kamado Joe\" kepsnin\u0117je, kuri priklaus\u0117 tam pa\u010diam pirminiam savininkui.<br> <br>1 MET\u0172 GARANTIJA TERMOMETRUI IR SANDARIKLIAMS<br>\"Kamado Joe\" 1 met\u0173 garantija taikoma \"Kamado Joe\" termometrui ir tarpikliams, naudojamiems kepsnin\u0117je, kuri priklaus\u0117 tam pa\u010diam pirminiam savininkui.<br> <br>KADA PRADEDAMA TAIKYTI GARANTIJA?<br>Garantija galioja nuo gaminio \u012fsigijimo datos ir tik pirmajam \u012frenginio pirk\u0117jui. Garantija<br>kad kepsnin\u0117 galiot\u0173, j\u0105 turite u\u017eregistruoti adresu www.kamadojoe.co.uk.<br>Jei per galiojant\u012f garantin\u012f laikotarp\u012f aptinkamas med\u017eiagos ar gaminio defektas, atsirad\u0119s d\u0117l \u012fprasto \u012frangos naudojimo, \"Kamado Joe\" savo nuo\u017ei\u016bra pakeis arba suremontuos sugedus\u012f komponent\u0105 savo s\u0105skaita. Garantija neapima darbo ar kit\u0173 i\u0161laid\u0173, susijusi\u0173 su grilio aptarnavimu, remontu ar naudojimu. Kamado Joe\" padengs pagal garantij\u0105 pakeist\u0173 komponent\u0173 pristatymo i\u0161laidas.<br> <br>KAM GARANTIJA NETAIKOMA?<br>Garantija netaikoma \u017ealai, atsiradusiai d\u0117l netinkamo gaminio naudojimo, arba \u017ealai, atsiradusiai d\u0117l gaminio naudojimo ne pagal paskirt\u012f, \u017ealai, atsiradusiai d\u0117l netinkamo gaminio naudojimo, prie\u017ei\u016bros ar montavimo, \u017ealai, atsiradusiai d\u0117l nelaiming\u0173 atsitikim\u0173 ar stichini\u0173 nelaimi\u0173, \u017ealai, atsiradusiai d\u0117l neleistin\u0173 pried\u0173 ar kepsnin\u0117s modifikacij\u0173 montavimo, arba \u017ealai, atsiradusiai d\u0117l transportavimo. Garantija netaikoma \u017ealai, atsiradusiai d\u0117l \u012fprasto nusid\u0117v\u0117jimo (pvz., \u012fbr\u0117\u017eim\u0173, d\u0117mi\u0173), arba kepsnin\u0117s i\u0161vaizdos poky\u010diams, kurie neturi \u012ftakos jos veikimui.<br><br>\u0160I GARANTIJA YRA I\u0160IMTIN\u0116 IR PAKEI\u010cIA VISAS KITAS RA\u0160YTINES AR \u017dODINES, AI\u0160KIAI I\u0160REIK\u0160TAS AR NUMANOMAS GARANTIJAS. JI APIMA, BET NEAPSIRIBOJA NUMANOMOMIS TINKAMUMO PARDUOTI IR TINKAMUMO KONKRE\u010cIAM TIKSLUI GARANTIJOMIS. BET KOKI\u0172 NUMANOM\u0172 GARANTIJ\u0172, \u012eSKAITANT NUMANOMAS TINKAMUMO PARDUOTI IR TINKAMUMO KONKRE\u010cIAM TIKSLUI GARANTIJAS, TRUKM\u0116 YRA AI\u0160KIAI APRIBOTA TAIKOMO KOMPONENTO GARANTIJOS LAIKOTARPIO TRUKME.<br>* Kai kuriose \u0161alyse numanomos garantijos trukm\u0117s apribojimai neleid\u017eiami, tod\u0117l pirmiau nurodyta riba jums gali b\u016bti netaikoma. <br><br>RIBOTOS GARANTIJOS AR BET KURIOS KITOS NUMANOMOS GARANTIJOS PA\u017dEIDIMO ATVEJU PIRK\u0116JAS, ATSI\u017dVELGDAMAS \u012e GARANTIJOS S\u0104LYGOSE NUSTATYTUS APRIBOJIMUS, TURI TEIS\u0118 TIK \u012e KOMPONENT\u0172 PAKEITIM\u0104. JOKIU ATVEJU \"KAMADO JOE\" NEATSAKO U\u017d JOKI\u0104 SPECIALI\u0104, ATSITIKTIN\u0118 AR NETIESIOGIN\u0118 \u017dAL\u0104.<br>* Kai kuriose \u0161alyse neleid\u017eiamos ypatingos, netiesiogin\u0117s ar atsitiktin\u0117s \u017ealos ribos, tod\u0117l pirmiau nurodyta riba jums gali b\u016bti netaikoma.<br> <br>D\u0116L KO GARANTIJA NEGALIOJA?<br>Garantija netaikoma, jei \"Kamado Joe\" gamin\u012f \u012fsigyjate i\u0161 ne\u012fgalioto pardav\u0117jo. Neautorizuotiems pardav\u0117jams priskiriami, be kita ko, nuolaid\u0173 klubai, prekybos centrai ar bet kokie kiti pardav\u0117jai, kurie n\u0117ra ai\u0161kiai \u012fgalioti \"Kamado Joe\" pardavin\u0117ti \"Kamado Joe\" gaminius.<br> <br>NB! \"BBQ Buddy O\u00dc\" yra oficialus \u012fgaliotasis KAMADO JOE platintojas nuo 2023 m.<br>\n<\/div><\/div>\n<\/section>","protected":false},"excerpt":{"rendered":"<p>Kamado Joe garantii Allolev garantii kehtib Kamado Joe mudelitele: Junior Joe, Classic Joe, Classic Joe Stand Alone, Big Joe, Big Joe Stand Alone ja Pro Joe.NB! BBQ Bubby O\u00dc on ametlik KAMADO JOE VOLITATUD EDASIM\u00dc\u00dcJA alates aastast 2023. BBQ Buddy O\u00dc klientidel soovitame t\u00e4ita siinsamas olev garantiivorm ja sel juhul muretseb garantii toimivuse eest Teie [&hellip;]<\/p>\n","protected":false},"author":5,"featured_media":0,"parent":0,"menu_order":0,"comment_status":"closed","ping_status":"closed","template":"","meta":{"_uf_show_specific_survey":0,"_uf_disable_surveys":false,"_breakdance_hide_in_design_set":false,"_breakdance_tags":"","footnotes":""},"class_list":["post-525","page","type-page","status-publish","hentry"],"_links":{"self":[{"href":"https:\/\/tammetorubbq.ee\/lt\/wp-json\/wp\/v2\/pages\/525","targetHints":{"allow":["GET"]}}],"collection":[{"href":"https:\/\/tammetorubbq.ee\/lt\/wp-json\/wp\/v2\/pages"}],"about":[{"href":"https:\/\/tammetorubbq.ee\/lt\/wp-json\/wp\/v2\/types\/page"}],"author":[{"embeddable":true,"href":"https:\/\/tammetorubbq.ee\/lt\/wp-json\/wp\/v2\/users\/5"}],"replies":[{"embeddable":true,"href":"https:\/\/tammetorubbq.ee\/lt\/wp-json\/wp\/v2\/comments?post=525"}],"version-history":[{"count":5,"href":"https:\/\/tammetorubbq.ee\/lt\/wp-json\/wp\/v2\/pages\/525\/revisions"}],"predecessor-version":[{"id":955,"href":"https:\/\/tammetorubbq.ee\/lt\/wp-json\/wp\/v2\/pages\/525\/revisions\/955"}],"wp:attachment":[{"href":"https:\/\/tammetorubbq.ee\/lt\/wp-json\/wp\/v2\/media?parent=525"}],"curies":[{"name":"wp","href":"https:\/\/api.w.org\/{rel}","templated":true}]}}