{"id":699,"date":"2023-12-07T10:18:41","date_gmt":"2023-12-07T08:18:41","guid":{"rendered":"https:\/\/tammetorubbq.ee\/?page_id=699"},"modified":"2023-12-11T13:52:29","modified_gmt":"2023-12-11T11:52:29","slug":"specialus-uzsakymai","status":"publish","type":"page","link":"https:\/\/tammetorubbq.ee\/lt\/specialus-uzsakymai\/","title":{"rendered":"Special\u016bs u\u017esakymai"},"content":{"rendered":"<div class=\"bde-globalblock-699-108 bde-globalblock\"><section class=\"bde-section-375-100-375-1 bde-section bde-section-375-100\">\n              \n  \n  \n\t\n\n  <div class=\"section-background-overlay\"><\/div>\n\n\n<div class=\"section-container\"><h1 class=\"bde-heading-375-101-375-1 bde-heading bde-heading-375-101\">\nSpecial\u016bs u\u017esakymai\n<\/h1><\/div>\n<\/section><\/div><section class=\"bde-section-699-104 bde-section\">\n  \n  \n\t\n\n\n\n<div class=\"section-container\"><div class=\"bde-columns-699-105 bde-columns\"><div class=\"bde-column-699-106 bde-column\">\n  \n  \n\t\n\n\n\n<div class=\"bde-rich-text-699-103 bde-rich-text breakdance-rich-text-styles\">\n<h2>\"Ironbrand\" \"ofsetin\u0117s\" BBQ r\u016bkykl\u0117s<\/h2><p><strong>Ar esate pasireng\u0119 savo svajones paversti realybe?<\/strong><\/p><p>\"Ironbrand\" dirbtuv\u0117se, \u012fsik\u016brusiose pa\u010dioje gra\u017eiausi\u0173 \u010cilterno kalv\u0173 \u0161irdyje, i\u0161 auk\u0161tos kokyb\u0117s briti\u0161ko plieno pjaustomos, valcuojamos, lankstomos, lenkiamos ir virinamos geriausios r\u016bkyklos - gele\u017eies klasika \"ofsetini\u0173\" krosneli\u0173 pasaulyje.<\/p><p>Kiekvien\u0105 \"Ironbrand\" gamin\u012f pagal auk\u0161\u010diausius standartus rankomis gamina nedidel\u0117 auk\u0161tos kvalifikacijos darbuotoj\u0173 komanda, kad i\u0161 dirbtuvi\u0173 i\u0161ve\u017etas gaminys b\u016bt\u0173 neprilygstamos kokyb\u0117s, formos ir funkcionalumo.<\/p><p>Nesvarbu, ar esate profesionalus vir\u0117jas, ar dirbate pop-up restorane, ar esate festivalio vir\u0117jas, ar, kaip ir mes, tiesiog m\u0117gstate kepti BBQ, investicija \u012f \"Ironbrand\" gaminius yra investicija, kuri i\u0161liks vis\u0105 gyvenim\u0105.<\/p><p>Visos \"Ironbrand\" krosnel\u0117s yra rank\u0173 darbo, atitinkan\u010dios auk\u0161tus standartus.<\/p><p> <\/p>\n<\/div>\n<\/div><div class=\"bde-column-699-107 bde-column\">\n  \n  \n\t\n\n\n\n<div class=\"bde-image-699-109 bde-image\">\n<figure class=\"breakdance-image breakdance-image--823\">\n\t<div class=\"breakdance-image-container\">\n\t\t<div class=\"breakdance-image-clip\"><img loading=\"lazy\" decoding=\"async\" class=\"breakdance-image-object\" src=\"http:\/\/tammetorubbq.ee\/wp-content\/uploads\/2023\/12\/IRONBRAND-500_1.jpg\" width=\"558\" height=\"507\" srcset=\"https:\/\/tammetorubbq.ee\/wp-content\/uploads\/2023\/12\/IRONBRAND-500_1.jpg 558w, https:\/\/tammetorubbq.ee\/wp-content\/uploads\/2023\/12\/IRONBRAND-500_1-300x273.jpg 300w, https:\/\/tammetorubbq.ee\/wp-content\/uploads\/2023\/12\/IRONBRAND-500_1-64x58.jpg 64w\" sizes=\"auto, (max-width: 558px) 100vw, 558px\"><\/div>\n\t<\/div><\/figure>\n\n<\/div>\n<\/div><\/div><div class=\"bde-columns-699-110 bde-columns\"><div class=\"bde-column-699-111 bde-column\">\n  \n  \n\t\n\n\n\n<div class=\"bde-image-box-699-114 bde-image-box\">\n<div class=\"ee-imagebox-image\">\n  <img loading=\"lazy\" decoding=\"async\" class=\"breakdance-image-object\" src=\"http:\/\/tammetorubbq.ee\/wp-content\/uploads\/2023\/12\/IRONBRAND-120-1.jpg\" width=\"1000\" height=\"1000\" srcset=\"https:\/\/tammetorubbq.ee\/wp-content\/uploads\/2023\/12\/IRONBRAND-120-1.jpg 1000w, https:\/\/tammetorubbq.ee\/wp-content\/uploads\/2023\/12\/IRONBRAND-120-1-300x300.jpg 300w, https:\/\/tammetorubbq.ee\/wp-content\/uploads\/2023\/12\/IRONBRAND-120-1-150x150.jpg 150w, https:\/\/tammetorubbq.ee\/wp-content\/uploads\/2023\/12\/IRONBRAND-120-1-768x768.jpg 768w, https:\/\/tammetorubbq.ee\/wp-content\/uploads\/2023\/12\/IRONBRAND-120-1-600x600.jpg 600w, https:\/\/tammetorubbq.ee\/wp-content\/uploads\/2023\/12\/IRONBRAND-120-1-100x100.jpg 100w, https:\/\/tammetorubbq.ee\/wp-content\/uploads\/2023\/12\/IRONBRAND-120-1-64x64.jpg 64w\" sizes=\"auto, (max-width: 1000px) 100vw, 1000px\" alt=\"IRONBRAND 120\">\n<\/div>\n<div class=\"ee-imagebox-content\">\n      <p class=\"ee-imagebox-title bde-h3\" >IRONBRAND 120<\/p>\n    \n      <div class=\"ee-imagebox-text\" >\"Ironband 120\" - tai geriausia kiemo r\u016bkykla, skirta tikriems kepsni\u0173 entuziastams, norintiems pasigaminti auk\u0161\u010diausios kokyb\u0117s Teksaso stiliaus kepsnin\u0119.<\/div>\n    \n              \n    \n    \n    \n    \n            \n                    \n            \n            \n\n    \n    \n    \n    \n    \n    <a class=\"breakdance-link button-atom button-atom--primary ee-imagebox-button\" href=\"https:\/\/tammetorubbq.ee\/lt\/specialus-uzsakymai\/gelezies-zenklas-120-3\/\" target=\"_self\" data-type=\"url\"  >\n\n    \n        <span class=\"button-atom__text\">Skaityti daugiau<\/span>\n\n        \n        \n                <\/a>\n\n    \n\n  <\/div>\n\n<\/div>\n<\/div><div class=\"bde-column-699-112 bde-column\">\n  \n  \n\t\n\n\n\n<div class=\"bde-image-box-699-115 bde-image-box\">\n<div class=\"ee-imagebox-image\">\n  <img loading=\"lazy\" decoding=\"async\" class=\"breakdance-image-object\" src=\"http:\/\/tammetorubbq.ee\/wp-content\/uploads\/2023\/12\/IRONBRAND-250-1.jpg\" width=\"1000\" height=\"1000\" srcset=\"https:\/\/tammetorubbq.ee\/wp-content\/uploads\/2023\/12\/IRONBRAND-250-1.jpg 1000w, https:\/\/tammetorubbq.ee\/wp-content\/uploads\/2023\/12\/IRONBRAND-250-1-300x300.jpg 300w, https:\/\/tammetorubbq.ee\/wp-content\/uploads\/2023\/12\/IRONBRAND-250-1-150x150.jpg 150w, https:\/\/tammetorubbq.ee\/wp-content\/uploads\/2023\/12\/IRONBRAND-250-1-768x768.jpg 768w, https:\/\/tammetorubbq.ee\/wp-content\/uploads\/2023\/12\/IRONBRAND-250-1-600x600.jpg 600w, https:\/\/tammetorubbq.ee\/wp-content\/uploads\/2023\/12\/IRONBRAND-250-1-100x100.jpg 100w, https:\/\/tammetorubbq.ee\/wp-content\/uploads\/2023\/12\/IRONBRAND-250-1-64x64.jpg 64w\" sizes=\"auto, (max-width: 1000px) 100vw, 1000px\">\n<\/div>\n<div class=\"ee-imagebox-content\">\n      <p class=\"ee-imagebox-title bde-h3\" >IRONBRAND 250<\/p>\n    \n      <div class=\"ee-imagebox-text\" >\"Ironbrand 250\" yra r\u016bkykla, skirta vie\u0161ojo maitinimo \u012fstaigoms ir profesionaliems vir\u0117jams, norintiems profesionaliai paruo\u0161ti autenti\u0161k\u0105 Teksaso stiliaus r\u016bkyt\u0105 barbekiu.<\/div>\n    \n              \n    \n    \n    \n    \n            \n                    \n            \n            \n\n    \n    \n    \n    \n    \n    <a class=\"breakdance-link button-atom button-atom--primary ee-imagebox-button\" href=\"https:\/\/tammetorubbq.ee\/lt\/specialus-uzsakymai\/gelezies-zenklas-250-3\/\" target=\"_self\" data-type=\"url\"  >\n\n    \n        <span class=\"button-atom__text\">Skaityti daugiau<\/span>\n\n        \n        \n                <\/a>\n\n    \n\n  <\/div>\n\n<\/div>\n<\/div><div class=\"bde-column-699-113 bde-column\">\n  \n  \n\t\n\n\n\n<div class=\"bde-image-box-699-116 bde-image-box\">\n<div class=\"ee-imagebox-image\">\n  <img loading=\"lazy\" decoding=\"async\" class=\"breakdance-image-object\" src=\"http:\/\/tammetorubbq.ee\/wp-content\/uploads\/2023\/12\/IRONBRAND-500.jpg\" width=\"1000\" height=\"1000\" srcset=\"https:\/\/tammetorubbq.ee\/wp-content\/uploads\/2023\/12\/IRONBRAND-500.jpg 1000w, https:\/\/tammetorubbq.ee\/wp-content\/uploads\/2023\/12\/IRONBRAND-500-300x300.jpg 300w, https:\/\/tammetorubbq.ee\/wp-content\/uploads\/2023\/12\/IRONBRAND-500-150x150.jpg 150w, https:\/\/tammetorubbq.ee\/wp-content\/uploads\/2023\/12\/IRONBRAND-500-768x768.jpg 768w, https:\/\/tammetorubbq.ee\/wp-content\/uploads\/2023\/12\/IRONBRAND-500-600x600.jpg 600w, https:\/\/tammetorubbq.ee\/wp-content\/uploads\/2023\/12\/IRONBRAND-500-100x100.jpg 100w, https:\/\/tammetorubbq.ee\/wp-content\/uploads\/2023\/12\/IRONBRAND-500-64x64.jpg 64w\" sizes=\"auto, (max-width: 1000px) 100vw, 1000px\">\n<\/div>\n<div class=\"ee-imagebox-content\">\n      <p class=\"ee-imagebox-title bde-h3\" >IRONBRAND 500<\/p>\n    \n      <div class=\"ee-imagebox-text\" >\"Ironbrand 500\" yra auk\u0161\u010diausios kokyb\u0117s ofsetin\u0117 BBQ r\u016bkykla, skirta profesionaliems vie\u0161ojo maitinimo ar grilio restoranams, kuriems reikia papildomos talpos, kuri\u0105 gali suteikti \"Ironbrand\" ~1900 litr\u0173 kepimo kamera.<\/div>\n    \n              \n    \n    \n    \n    \n            \n                    \n            \n            \n\n    \n    \n    \n    \n    \n    <a class=\"breakdance-link button-atom button-atom--primary ee-imagebox-button\" href=\"https:\/\/tammetorubbq.ee\/lt\/specialus-uzsakymai\/ironbrand-500-2\/\" target=\"_self\" data-type=\"url\"  >\n\n    \n        <span class=\"button-atom__text\">Skaityti daugiau<\/span>\n\n        \n        \n                <\/a>\n\n    \n\n  <\/div>\n\n<\/div>\n<\/div><\/div><\/div>\n<\/section>","protected":false},"excerpt":{"rendered":"<p>Eritellimused Ironbrand \u201eoffset\u201c BBQ suitsutusahjudOled valmis oma unistused tegelikkuseks muutma?Ironbrandi t\u00f6\u00f6kojas, mis asub s\u00fcgaval kaunite Chilterni m\u00e4gede s\u00fcdames, kasutatakse kvaliteetset Briti terast millest l\u00f5igatakse, rullitakse, volditakse, painutatakse ja keevitatakse parimad suitsutusahjud mis on \u201eoffset\u201c ahjude maailmas raudne klassika.Iga Ironbrandi toode on nende v\u00e4ikese k\u00f5rgelt kvalifitseeritud meeskonna poolt k\u00e4sitsi valmistatud k\u00f5rgeimate standardite j\u00e4rgi, et toote t\u00f6\u00f6kojast [&hellip;]<\/p>\n","protected":false},"author":3,"featured_media":0,"parent":0,"menu_order":0,"comment_status":"closed","ping_status":"closed","template":"","meta":{"_uf_show_specific_survey":0,"_uf_disable_surveys":false,"_breakdance_hide_in_design_set":false,"_breakdance_tags":"","footnotes":""},"class_list":["post-699","page","type-page","status-publish","hentry"],"_links":{"self":[{"href":"https:\/\/tammetorubbq.ee\/lt\/wp-json\/wp\/v2\/pages\/699","targetHints":{"allow":["GET"]}}],"collection":[{"href":"https:\/\/tammetorubbq.ee\/lt\/wp-json\/wp\/v2\/pages"}],"about":[{"href":"https:\/\/tammetorubbq.ee\/lt\/wp-json\/wp\/v2\/types\/page"}],"author":[{"embeddable":true,"href":"https:\/\/tammetorubbq.ee\/lt\/wp-json\/wp\/v2\/users\/3"}],"replies":[{"embeddable":true,"href":"https:\/\/tammetorubbq.ee\/lt\/wp-json\/wp\/v2\/comments?post=699"}],"version-history":[{"count":5,"href":"https:\/\/tammetorubbq.ee\/lt\/wp-json\/wp\/v2\/pages\/699\/revisions"}],"predecessor-version":[{"id":862,"href":"https:\/\/tammetorubbq.ee\/lt\/wp-json\/wp\/v2\/pages\/699\/revisions\/862"}],"wp:attachment":[{"href":"https:\/\/tammetorubbq.ee\/lt\/wp-json\/wp\/v2\/media?parent=699"}],"curies":[{"name":"wp","href":"https:\/\/api.w.org\/{rel}","templated":true}]}}