{"id":838,"date":"2023-12-11T11:50:45","date_gmt":"2023-12-11T09:50:45","guid":{"rendered":"https:\/\/tammetorubbq.ee\/?page_id=838"},"modified":"2023-12-11T13:48:49","modified_gmt":"2023-12-11T11:48:49","slug":"gelezies-zenklas-120-3","status":"publish","type":"page","link":"https:\/\/tammetorubbq.ee\/lt\/eritellimused\/ironbrand-120-3\/","title":{"rendered":"Ironbrand 120"},"content":{"rendered":"<section class=\"bde-section-838-100 bde-section\">\n  \n  \n\t\n\n\n\n<div class=\"section-container\"><div class=\"bde-columns-838-101 bde-columns\"><div class=\"bde-column-838-102 bde-column\">\n  \n  \n\t\n\n\n\n<div class=\"bde-image-838-104 bde-image\">\n<figure class=\"breakdance-image breakdance-image--829\">\n\t<div class=\"breakdance-image-container\">\n\t\t<div class=\"breakdance-image-clip\"><img loading=\"lazy\" decoding=\"async\" class=\"breakdance-image-object\" src=\"http:\/\/tammetorubbq.ee\/wp-content\/uploads\/2023\/12\/IRONBRAND-120-1.jpg\" width=\"1000\" height=\"1000\" srcset=\"https:\/\/tammetorubbq.ee\/wp-content\/uploads\/2023\/12\/IRONBRAND-120-1.jpg 1000w, https:\/\/tammetorubbq.ee\/wp-content\/uploads\/2023\/12\/IRONBRAND-120-1-300x300.jpg 300w, https:\/\/tammetorubbq.ee\/wp-content\/uploads\/2023\/12\/IRONBRAND-120-1-150x150.jpg 150w, https:\/\/tammetorubbq.ee\/wp-content\/uploads\/2023\/12\/IRONBRAND-120-1-768x768.jpg 768w, https:\/\/tammetorubbq.ee\/wp-content\/uploads\/2023\/12\/IRONBRAND-120-1-600x600.jpg 600w, https:\/\/tammetorubbq.ee\/wp-content\/uploads\/2023\/12\/IRONBRAND-120-1-100x100.jpg 100w, https:\/\/tammetorubbq.ee\/wp-content\/uploads\/2023\/12\/IRONBRAND-120-1-64x64.jpg 64w\" sizes=\"auto, (max-width: 1000px) 100vw, 1000px\" alt=\"IRONBRAND 120\"><\/div>\n\t<\/div><\/figure>\n\n<\/div>\n<\/div><div class=\"bde-column-838-103 bde-column\">\n  \n  \n\t\n\n\n\n<h1 class=\"bde-heading-838-105 bde-heading\">Ironbrand 120<\/h1><div class=\"bde-text-838-106 bde-text\">\nIronband 120 on \u00fclim \u201ebackyard\u201c suitsutusahi, mis on m\u00f5eldud t\u00f5eslistele grillimishuvilistele, kes otsivad esmaklassilist Texas stiilis elamust. \n<\/div><div class=\"bde-form-builder-838-112 bde-form-builder\">\n\n<form id=\"eritellimuse-vorm112\" class=\"breakdance-form breakdance-form--vertical\" data-options=\"{&quot;slug&quot;:&quot;custom&quot;,&quot;name&quot;:&quot;Eritellimuse vorm&quot;,&quot;ajaxUrl&quot;:&quot;https:\\\/\\\/tammetorubbq.ee\\\/wp-admin\\\/admin-ajax.php&quot;,&quot;clearOnSuccess&quot;:true,&quot;hideOnSuccess&quot;:false,&quot;successMessage&quot;:&quot;S\\u00f5numi saatmine edukas!&quot;,&quot;errorMessage&quot;:&quot;Miskit l\\u00e4ks valesti!&quot;,&quot;redirect&quot;:false,&quot;redirectUrl&quot;:&quot;&quot;,&quot;customJavaScript&quot;:&quot;&quot;,&quot;recaptcha&quot;:{&quot;key&quot;:&quot;&quot;,&quot;enabled&quot;:false},&quot;honeypot_enabled&quot;:false,&quot;popupsOnSuccess&quot;:[],&quot;popupsOnError&quot;:[]}\" data-steps=\"0\" >\n  \n  \n  \n<div class=\"breakdance-form-field breakdance-form-field--text\" >\n    \n    \n            <label class=\"breakdance-form-field__label\" for=\"name\">\n            Nimi<span class=\"breakdance-form-field__required\">*<\/span>\n        <\/label>\n    \n    <input\n    class=\"breakdance-form-field__input\"\n    id=\"name\"\n    aria-describedby=\"name\"\n    type=\"text\"\n    name=\"fields[name]\"\n    placeholder=\"\"\n    value=\"\"\n                \n        \n        \n    required\n    \n    \n    \n    \n    \n>\n\n\n    \n    \n<\/div>\n\n\n<div class=\"breakdance-form-field breakdance-form-field--tel\" >\n    \n    \n            <label class=\"breakdance-form-field__label\" for=\"uzbsgd\">\n            Telefoni number<span class=\"breakdance-form-field__required\">*<\/span>\n        <\/label>\n    \n    <input\n    class=\"breakdance-form-field__input\"\n    id=\"uzbsgd\"\n    aria-describedby=\"uzbsgd\"\n    type=\"tel\"\n    name=\"fields[uzbsgd]\"\n    placeholder=\"\"\n    value=\"\"\n                \n        \n        \n    required\n    \n    \n    \n    \n    \n>\n\n\n    \n    \n<\/div>\n\n\n<div class=\"breakdance-form-field breakdance-form-field--email\" >\n    \n    \n            <label class=\"breakdance-form-field__label\" for=\"email\">\n            E-posti aadress<span class=\"breakdance-form-field__required\">*<\/span>\n        <\/label>\n    \n    <input\n    class=\"breakdance-form-field__input\"\n    id=\"email\"\n    aria-describedby=\"email\"\n    type=\"email\"\n    name=\"fields[email]\"\n    placeholder=\"\"\n    value=\"\"\n                \n        \n        \n    required\n    \n    \n    \n    \n    \n>\n\n\n    \n    \n<\/div>\n\n\n<div class=\"breakdance-form-field breakdance-form-field--select\" >\n    \n    \n            <label class=\"breakdance-form-field__label\" for=\"albdmd\">\n            Grill<span class=\"breakdance-form-field__required\">*<\/span>\n        <\/label>\n    \n    <select\n    class=\"breakdance-form-field__input\"\n    id=\"albdmd\"\n    name=\"fields[albdmd]\"\n    required\n    \n        \n    \n    >\n      <option value=\"\">Vali<\/option>\n          <option value=\"120\" >Ironbrand 120<\/option>\n        <option value=\"250\" >Ironbrand 250<\/option>\n        <option value=\"500\" >Ironbrand 500<\/option>\n  <\/select>\n\n\n    \n    \n<\/div>\n\n\n<div class=\"breakdance-form-field breakdance-form-field--textarea\" >\n    \n    \n            <label class=\"breakdance-form-field__label\" for=\"message\">\n            S\u00f5num\n        <\/label>\n    \n    <textarea\n    class=\"breakdance-form-field__input\"\n    id=\"message\"\n    aria-describedby=\"message\"\n    type=\"textarea\"\n    name=\"fields[message]\"\n        placeholder=\"\"\n    \n    \n    \n    >\n<\/textarea>\n\n\n    \n    \n<\/div><div class=\"breakdance-form-field breakdance-form-footer\">    \n    \n    \n    \n    \n            \n            <button type=\"submit\" class=\"button-atom button-atom--primary breakdance-form-button breakdance-form-button__submit\"  >\n    \n        <span class=\"button-atom__text\">Saada<\/span>\n\n        \n        \n            <\/button>\n    \n    <input type=\"hidden\" name=\"form_id\" value=\"112\">\n    <input type=\"hidden\" name=\"post_id\" value=\"838\">\n<\/div>\n\n  \n<\/form>\n\n\n<\/div>\n<\/div><\/div><\/div>\n<\/section><section class=\"bde-section-838-113 bde-section\">\n  \n  \n\t\n\n\n\n<div class=\"section-container\"><div class=\"bde-tabs-838-122 bde-tabs\">\n\n  \n        \n  \n  \n  <div class=\"bde-tabs__tabslist-container bde-tabs__tabslist-container--scrollable is-horizontal js-tabs-container\">\n    <div class=\"bde-tabs__tabslist bde-tabs__tabslist--tabs js-tablist\" role=\"tablist\" aria-label=\"Content tabs\" aria-orientation=\"horizontal\" data-tabs-id=\"bde-tabs-838-122\">\n      \n              <button role=\"tab\" aria-selected=\"false\" class=\"bde-tabs__tab js-tab\" aria-controls=\"tab-panel-bde-tabs-838-122-1\" id=\"tab-bde-tabs-838-122-1\" data-value=\"1\">\n                    <span class=\"bde-tabs__tab-title\">Kirjeldus<\/span>\n        <\/button>\n              <button role=\"tab\" aria-selected=\"false\" class=\"bde-tabs__tab js-tab\" aria-controls=\"tab-panel-bde-tabs-838-122-2\" id=\"tab-bde-tabs-838-122-2\" data-value=\"2\">\n                    <span class=\"bde-tabs__tab-title\">Spetsifikatsioonid<\/span>\n        <\/button>\n          <\/div>\n  <\/div>\n\n  <div class=\"bde-tabs-content-container\">\n        <div tabindex=\"0\" role=\"tabpanel\" class=\"bde-tabs__panel js-panel\" id=\"tab-panel-bde-tabs-838-122-1\" aria-labelledby=\"tab-bde-tabs-838-122-1\">\n      <div class=\"bde-tabs__panel-content breakdance-rich-text-styles\"><p>Iga Ironbrand 120 detail on asjatundlikult disainitud ja ehitatud t\u00f5hususe, kasutuslihtsuse ja eluaegse kestvuse tagamiseks.<\/p><p>8mm paksune k\u00fcpsetuskamber on \u00fcks paksemaid ja mis valtsitakse kvaliteetsest S275 Briti terasest. <\/p><p>Selle tulemuseks on stabiilne kuumuse hoidmine mis hoiab \u00e4ra temperatuuri k\u00f5ikumise mida tuleb sageli ette odavamatel, \u00f5hemate seintega suitsutusahjudel.<\/p><p>Sama paks, kahekihiline, soojusisolatsiooniga k\u00fcttekolle tagab \u00fchtlase ja \u00f6konoose soojusallika isegi k\u00f5ige k\u00fclmematel ja niiskematel p\u00e4evadel ning seda on lihtne juhtida \u00f5hutusavadega tulekolde uksel.<\/p><p>Suure l\u00e4bim\u00f5\u00f5duga kokkupandav korsten koos reguleeritava siibriga tagab kiire ja puhta t\u00f5mbe k\u00fcpsetuskambrist, mille tulemuseks on t\u00e4iuslik suitsune maitse, mille poole me oleme p\u00fc\u00fcdlemas.<\/p><p>Kahetasandilised h\u00f5lpsasti liigutatavad grillrestid pakuvad muljetavaldavat ~1m\u00b2 k\u00fcpsetuspinda mis on puhastamiseks kergesti eemaldatavad.<\/p><p>Veevannid k\u00fcpsetuskambri m\u00f5lemas otsas on kasuliku funktsiooniga toitu pikalt k\u00fcpsetades hoida niiskena, lisaks on tulekolde \u00fclaosas asuv kuumaplaat - ideaalne lisafunktsioon potis v\u00f5i pannil k\u00fcpsetamiseks, soojendamiseks. <\/p><p>Rattad muudavad ahju liigutamise lihtsaks, k\u00fcpsetuskambri all olev mahukas riiul on sobilik k\u00fcttepuude ja erinevate tarvikute hoiustamiseks. <\/p><\/div>\n    <\/div>\n        <div tabindex=\"0\" role=\"tabpanel\" class=\"bde-tabs__panel js-panel\" id=\"tab-panel-bde-tabs-838-122-2\" aria-labelledby=\"tab-bde-tabs-838-122-2\">\n      <div class=\"bde-tabs__panel-content breakdance-rich-text-styles\"><p>\u2022 455 liitrine k\u00fcpsetuskamber<\/p><p>\u2022 1500 1m\u00b2 k\u00fcpsetuspinda<\/p><p>\u2022 Kahetasandiline, kergesti liigutatavad, t\u00e4ielikult eemaldatavad grillrestid<\/p><p>\u2022 2 veepanni niiskuse tekitamiseks<\/p><p>\u2022 K\u00fcpsetuskambri t\u00fchjendusventiil<\/p><p>\u2022 Soojusisolatsiooniga kahe kordse seinaga k\u00fcttekolle<\/p><p>\u2022 Temperatuuri reguleerimiseks ventilatsiooniavad k\u00fcttekolde uksel<\/p><p>\u2022 Suure l\u00e4bim\u00f5\u00f5duga kokkuklapitav korsten koos siibriga<\/p><p>\u2022 Termomeeter<\/p><p>\u2022 Mittekuumenevad k\u00e4epidemed<\/p><p>\u2022 Kuumaplaat k\u00fcttekorde peal<\/p><p>\u2022 Tugevad rattad ahjus liigutamiseks<\/p><p>\u2022 Ruumikas riiul k\u00fcttepuude, tarvikute hoiustamiseks<\/p><p>\u2022 \u00dcldpikkus: 2,4 meetrit<\/p><p>\u2022 \u00dcldlaius: 0,76 meetrit<\/p><p>\u2022 \u00dcldk\u00f5rgus: 2,3 meetrit<\/p><p>\u2022 Kaal: 460 kg<\/p><\/div>\n    <\/div>\n      <\/div>\n\n<\/div><\/div>\n<\/section>","protected":false},"excerpt":{"rendered":"<p>Ironbrand 120 Ironband 120 on \u00fclim \u201ebackyard\u201c suitsutusahi, mis on m\u00f5eldud t\u00f5eslistele grillimishuvilistele, kes otsivad esmaklassilist Texas stiilis elamust. Nimi* Telefoni number* E-posti aadress* Grill* Vali Ironbrand 120 Ironbrand 250 Ironbrand 500 S\u00f5num Saada Kirjeldus Spetsifikatsioonid Iga Ironbrand 120 detail on asjatundlikult disainitud ja ehitatud t\u00f5hususe, kasutuslihtsuse ja eluaegse kestvuse tagamiseks.8mm paksune k\u00fcpsetuskamber on \u00fcks [&hellip;]<\/p>\n","protected":false},"author":5,"featured_media":0,"parent":699,"menu_order":0,"comment_status":"closed","ping_status":"closed","template":"","meta":{"_uf_show_specific_survey":0,"_uf_disable_surveys":false,"_breakdance_hide_in_design_set":false,"_breakdance_tags":"","footnotes":""},"class_list":["post-838","page","type-page","status-publish","hentry"],"_links":{"self":[{"href":"https:\/\/tammetorubbq.ee\/lt\/wp-json\/wp\/v2\/pages\/838","targetHints":{"allow":["GET"]}}],"collection":[{"href":"https:\/\/tammetorubbq.ee\/lt\/wp-json\/wp\/v2\/pages"}],"about":[{"href":"https:\/\/tammetorubbq.ee\/lt\/wp-json\/wp\/v2\/types\/page"}],"author":[{"embeddable":true,"href":"https:\/\/tammetorubbq.ee\/lt\/wp-json\/wp\/v2\/users\/5"}],"replies":[{"embeddable":true,"href":"https:\/\/tammetorubbq.ee\/lt\/wp-json\/wp\/v2\/comments?post=838"}],"version-history":[{"count":5,"href":"https:\/\/tammetorubbq.ee\/lt\/wp-json\/wp\/v2\/pages\/838\/revisions"}],"predecessor-version":[{"id":854,"href":"https:\/\/tammetorubbq.ee\/lt\/wp-json\/wp\/v2\/pages\/838\/revisions\/854"}],"up":[{"embeddable":true,"href":"https:\/\/tammetorubbq.ee\/lt\/wp-json\/wp\/v2\/pages\/699"}],"wp:attachment":[{"href":"https:\/\/tammetorubbq.ee\/lt\/wp-json\/wp\/v2\/media?parent=838"}],"curies":[{"name":"wp","href":"https:\/\/api.w.org\/{rel}","templated":true}]}}