{"id":857,"date":"2023-12-11T13:49:46","date_gmt":"2023-12-11T11:49:46","guid":{"rendered":"https:\/\/tammetorubbq.ee\/?page_id=857"},"modified":"2023-12-11T13:51:12","modified_gmt":"2023-12-11T11:51:12","slug":"ironbrand-500-2","status":"publish","type":"page","link":"https:\/\/tammetorubbq.ee\/lt\/specialus-uzsakymai\/ironbrand-500-2\/","title":{"rendered":"Ironbrand 500"},"content":{"rendered":"<section class=\"bde-section-857-100 bde-section\">\n  \n  \n\t\n\n\n\n<div class=\"section-container\"><div class=\"bde-columns-857-101 bde-columns\"><div class=\"bde-column-857-102 bde-column\">\n  \n  \n\t\n\n\n\n<div class=\"bde-image-857-103 bde-image\">\n<figure class=\"breakdance-image breakdance-image--831\">\n\t<div class=\"breakdance-image-container\">\n\t\t<div class=\"breakdance-image-clip\"><img loading=\"lazy\" decoding=\"async\" class=\"breakdance-image-object\" src=\"http:\/\/tammetorubbq.ee\/wp-content\/uploads\/2023\/12\/IRONBRAND-500.jpg\" width=\"1000\" height=\"1000\" srcset=\"https:\/\/tammetorubbq.ee\/wp-content\/uploads\/2023\/12\/IRONBRAND-500.jpg 1000w, https:\/\/tammetorubbq.ee\/wp-content\/uploads\/2023\/12\/IRONBRAND-500-300x300.jpg 300w, https:\/\/tammetorubbq.ee\/wp-content\/uploads\/2023\/12\/IRONBRAND-500-150x150.jpg 150w, https:\/\/tammetorubbq.ee\/wp-content\/uploads\/2023\/12\/IRONBRAND-500-768x768.jpg 768w, https:\/\/tammetorubbq.ee\/wp-content\/uploads\/2023\/12\/IRONBRAND-500-600x600.jpg 600w, https:\/\/tammetorubbq.ee\/wp-content\/uploads\/2023\/12\/IRONBRAND-500-100x100.jpg 100w, https:\/\/tammetorubbq.ee\/wp-content\/uploads\/2023\/12\/IRONBRAND-500-64x64.jpg 64w\" sizes=\"auto, (max-width: 1000px) 100vw, 1000px\"><\/div>\n\t<\/div><\/figure>\n\n<\/div>\n<\/div><div class=\"bde-column-857-104 bde-column\">\n  \n  \n\t\n\n\n\n<h1 class=\"bde-heading-857-105 bde-heading\">Ironbrand 500<\/h1><div class=\"bde-text-857-106 bde-text\">\nIronbrand 500 on parima kvaliteediga offset BBQ suitsutusahi professionaalsetele toitlustusettev\u00f5tetele v\u00f5i grillrestoranidele, mis vajavad lisav\u00f5imsust, mida suudab pakkuda Ironbrand ~1900 liitrine  k\u00fcpsetuskamber.\n<\/div><div class=\"bde-form-builder-857-107 bde-form-builder\">\n\n<form id=\"eritellimuse-vorm107\" class=\"breakdance-form breakdance-form--vertical\" data-options=\"{&quot;slug&quot;:&quot;custom&quot;,&quot;name&quot;:&quot;Eritellimuse vorm&quot;,&quot;ajaxUrl&quot;:&quot;https:\\\/\\\/tammetorubbq.ee\\\/wp-admin\\\/admin-ajax.php&quot;,&quot;clearOnSuccess&quot;:true,&quot;hideOnSuccess&quot;:false,&quot;successMessage&quot;:&quot;S\\u00f5numi saatmine edukas!&quot;,&quot;errorMessage&quot;:&quot;Miskit l\\u00e4ks valesti!&quot;,&quot;redirect&quot;:false,&quot;redirectUrl&quot;:&quot;&quot;,&quot;customJavaScript&quot;:&quot;&quot;,&quot;recaptcha&quot;:{&quot;key&quot;:&quot;&quot;,&quot;enabled&quot;:false},&quot;honeypot_enabled&quot;:false,&quot;popupsOnSuccess&quot;:[],&quot;popupsOnError&quot;:[]}\" data-steps=\"0\" >\n  \n  \n  \n<div class=\"breakdance-form-field breakdance-form-field--text\" >\n    \n    \n            <label class=\"breakdance-form-field__label\" for=\"name\">\n            Nimi<span class=\"breakdance-form-field__required\">*<\/span>\n        <\/label>\n    \n    <input\n    class=\"breakdance-form-field__input\"\n    id=\"name\"\n    aria-describedby=\"name\"\n    type=\"text\"\n    name=\"fields[name]\"\n    placeholder=\"\"\n    value=\"\"\n                \n        \n        \n    required\n    \n    \n    \n>\n\n\n    \n    \n<\/div>\n\n\n<div class=\"breakdance-form-field breakdance-form-field--tel\" >\n    \n    \n            <label class=\"breakdance-form-field__label\" for=\"uzbsgd\">\n            Telefoni number<span class=\"breakdance-form-field__required\">*<\/span>\n        <\/label>\n    \n    <input\n    class=\"breakdance-form-field__input\"\n    id=\"uzbsgd\"\n    aria-describedby=\"uzbsgd\"\n    type=\"tel\"\n    name=\"fields[uzbsgd]\"\n    placeholder=\"\"\n    value=\"\"\n                \n        \n        \n    required\n    \n    \n    \n>\n\n\n    \n    \n<\/div>\n\n\n<div class=\"breakdance-form-field breakdance-form-field--email\" >\n    \n    \n            <label class=\"breakdance-form-field__label\" for=\"email\">\n            E-posti aadress<span class=\"breakdance-form-field__required\">*<\/span>\n        <\/label>\n    \n    <input\n    class=\"breakdance-form-field__input\"\n    id=\"email\"\n    aria-describedby=\"email\"\n    type=\"email\"\n    name=\"fields[email]\"\n    placeholder=\"\"\n    value=\"\"\n                \n        \n        \n    required\n    \n    \n    \n>\n\n\n    \n    \n<\/div>\n\n\n<div class=\"breakdance-form-field breakdance-form-field--select\" >\n    \n    \n            <label class=\"breakdance-form-field__label\" for=\"albdmd\">\n            Grill<span class=\"breakdance-form-field__required\">*<\/span>\n        <\/label>\n    \n    <select\n    class=\"breakdance-form-field__input\"\n    id=\"albdmd\"\n    name=\"fields[albdmd]\"\n    required\n    \n        >\n      <option value=\"\">Vali<\/option>\n          <option value=\"120\" >Ironbrand 120<\/option>\n        <option value=\"250\" >Ironbrand 250<\/option>\n        <option value=\"500\" >Ironbrand 500<\/option>\n  <\/select>\n\n\n    \n    \n<\/div>\n\n\n<div class=\"breakdance-form-field breakdance-form-field--textarea\" >\n    \n    \n            <label class=\"breakdance-form-field__label\" for=\"message\">\n            S\u00f5num\n        <\/label>\n    \n    <textarea\n    class=\"breakdance-form-field__input\"\n    id=\"message\"\n    aria-describedby=\"message\"\n    type=\"textarea\"\n    name=\"fields[message]\"\n        placeholder=\"\"\n    \n    >\n<\/textarea>\n\n\n    \n    \n<\/div>\n\n\n  \n\n<div class=\"breakdance-form-field breakdance-form-footer\">\n    \n    \n                                    \n    \n    \n    \n    \n            \n            <button type=\"submit\" class=\"button-atom button-atom--primary breakdance-form-button breakdance-form-button__submit\"  >\n    \n        <span class=\"button-atom__text\">Saada<\/span>\n\n        \n        \n            <\/button>\n    \n    <input type=\"hidden\" name=\"form_id\" value=\"107\">\n    <input type=\"hidden\" name=\"post_id\" value=\"857\">\n<\/div>\n\n  \n<\/form>\n\n\n<\/div>\n<\/div><\/div><\/div>\n<\/section><section class=\"bde-section-857-108 bde-section\">\n  \n  \n\t\n\n\n\n<div class=\"section-container\"><div class=\"bde-tabs-857-109 bde-tabs\">\n\n  \n        \n  \n  \n  <div class=\"bde-tabs__tabslist-container bde-tabs__tabslist-container--scrollable is-horizontal js-tabs-container\">\n    <div class=\"bde-tabs__tabslist bde-tabs__tabslist--tabs js-tablist\" role=\"tablist\" aria-label=\"Content tabs\" aria-orientation=\"horizontal\" data-tabs-id=\"bde-tabs-857-109\">\n      \n              <button role=\"tab\" aria-selected=\"false\" class=\"bde-tabs__tab js-tab\" aria-controls=\"tab-panel-bde-tabs-857-109-1\" id=\"tab-bde-tabs-857-109-1\" data-value=\"1\">\n                    <span class=\"bde-tabs__tab-title\">Kirjeldus<\/span>\n        <\/button>\n              <button role=\"tab\" aria-selected=\"false\" class=\"bde-tabs__tab js-tab\" aria-controls=\"tab-panel-bde-tabs-857-109-2\" id=\"tab-bde-tabs-857-109-2\" data-value=\"2\">\n                    <span class=\"bde-tabs__tab-title\">Spetsifikatsioonid<\/span>\n        <\/button>\n          <\/div>\n  <\/div>\n\n  <div class=\"bde-tabs-content-container\">\n        <div tabindex=\"0\" role=\"tabpanel\" class=\"bde-tabs__panel js-panel\" id=\"tab-panel-bde-tabs-857-109-1\" aria-labelledby=\"tab-bde-tabs-857-109-1\">\n      <div class=\"bde-tabs__panel-content breakdance-rich-text-styles\"><p>Ironbrand 500 valmistatakse t\u00f5elises Texase stiilis - taaskasutatud propaanipaakidest.<\/p><p>T\u00f6\u00f6tehnika, materjal ja kvaliteet on samadel standarditel millega on valmistatud v\u00e4ikevennad Ironbrand 120 ja Ironbrand 250.<\/p><p>Ehitusv\u00f5imalused on l\u00f5putud... valikuna on saadaval statsionaarne lahendus ehk \u201esuuskadel\u201c, nn. maastikupakett (suured rattad) ja klassikaline ratastel v\u00f5i t\u00e4ielikult kohandatud pukseeritava haagise jaoks mobiilse toitlustuse jaoks - haagised on custom made ja omavad EU sertifikaati registreemiseks.<\/p><p>Nelinurkne v\u00f5i \u00fcmmargune tulekast on teie otsustada kui seda soovite.<\/p><p>Fikseeritud v\u00f5i kokkupandav korsten, 1, 2 v\u00f5i 3 resti korrust, mitmesugused erinevad termomeetrid, erinevad veevanni asetused ja hoidikud, \u201eCuston made\u201c mittekuumenevad k\u00e4pidemed, fikseeritud v\u00f5i v\u00e4ljat\u00f5mmatavad grillrestid, k\u00fclgmised v\u00f5i eesmised kaubakorvid...valikud on l\u00f5putud.<\/p><p>Ainus asi, mida ei saa muuta, on ehituskvaliteet, kirg ja t\u00e4helepanu detailidele, mille paneb Ironbrand igasse toodetud smokerisse.<\/p><\/div>\n    <\/div>\n        <div tabindex=\"0\" role=\"tabpanel\" class=\"bde-tabs__panel js-panel\" id=\"tab-panel-bde-tabs-857-109-2\" aria-labelledby=\"tab-bde-tabs-857-109-2\">\n      <div class=\"bde-tabs__panel-content breakdance-rich-text-styles\"><p>\u2022 190 liitrine k\u00fcpsetuskamber<\/p><p>\u2022 T\u00e4ielikult isoleeritud kahe seinaga tulekast<\/p><p>\u2022 Liuguvad tuulutusavad ja suitsusiiber piiratud \u00f5huvoolu ja temperatuuri reguleerimiseks<\/p><p>\u2022 \u00dche-, kahe- v\u00f5i kolmekordsed restitasandid<\/p><p>\u2022 K\u00fcpsetuskambri t\u00fchjendusventiilid<\/p><p>\u2022 \u201eCuston made\u201c mittekuumenevad k\u00e4pidemed<\/p><p>\u2022 Fikseeritud v\u00f5i kokkupandavad korstnad<\/p><p>\u2022 Vastavalt teie soovile veevanni asetused ja hoidikud<\/p><p>\u2022 Erinevad termomeetrite valikud<\/p><p>\u2022 Saab paigaldada \u201esuuskadele\u201c, ratastele v\u00f5i eritellimusel valmistatud haagisele<\/p><p>\u2022 M\u00f5\u00f5tmed ja kaalud s\u00f5ltuvad l\u00f5plikust spetsifikatsioonist<\/p><\/div>\n    <\/div>\n      <\/div>\n\n<\/div><\/div>\n<\/section>","protected":false},"excerpt":{"rendered":"<p>Ironbrand 500 Ironbrand 500 on parima kvaliteediga offset BBQ suitsutusahi professionaalsetele toitlustusettev\u00f5tetele v\u00f5i grillrestoranidele, mis vajavad lisav\u00f5imsust, mida suudab pakkuda Ironbrand ~1900 liitrine k\u00fcpsetuskamber. Nimi* Telefoni number* E-posti aadress* Grill* Vali Ironbrand 120 Ironbrand 250 Ironbrand 500 S\u00f5num Saada Kirjeldus Spetsifikatsioonid Ironbrand 500 valmistatakse t\u00f5elises Texase stiilis &#8211; taaskasutatud propaanipaakidest.T\u00f6\u00f6tehnika, materjal ja kvaliteet on samadel [&hellip;]<\/p>\n","protected":false},"author":5,"featured_media":0,"parent":699,"menu_order":0,"comment_status":"closed","ping_status":"closed","template":"","meta":{"_uf_show_specific_survey":0,"_uf_disable_surveys":false,"_breakdance_hide_in_design_set":false,"_breakdance_tags":"","footnotes":""},"class_list":["post-857","page","type-page","status-publish","hentry"],"_links":{"self":[{"href":"https:\/\/tammetorubbq.ee\/lt\/wp-json\/wp\/v2\/pages\/857","targetHints":{"allow":["GET"]}}],"collection":[{"href":"https:\/\/tammetorubbq.ee\/lt\/wp-json\/wp\/v2\/pages"}],"about":[{"href":"https:\/\/tammetorubbq.ee\/lt\/wp-json\/wp\/v2\/types\/page"}],"author":[{"embeddable":true,"href":"https:\/\/tammetorubbq.ee\/lt\/wp-json\/wp\/v2\/users\/5"}],"replies":[{"embeddable":true,"href":"https:\/\/tammetorubbq.ee\/lt\/wp-json\/wp\/v2\/comments?post=857"}],"version-history":[{"count":2,"href":"https:\/\/tammetorubbq.ee\/lt\/wp-json\/wp\/v2\/pages\/857\/revisions"}],"predecessor-version":[{"id":859,"href":"https:\/\/tammetorubbq.ee\/lt\/wp-json\/wp\/v2\/pages\/857\/revisions\/859"}],"up":[{"embeddable":true,"href":"https:\/\/tammetorubbq.ee\/lt\/wp-json\/wp\/v2\/pages\/699"}],"wp:attachment":[{"href":"https:\/\/tammetorubbq.ee\/lt\/wp-json\/wp\/v2\/media?parent=857"}],"curies":[{"name":"wp","href":"https:\/\/api.w.org\/{rel}","templated":true}]}}