{"id":9,"date":"2023-10-17T16:37:22","date_gmt":"2023-10-17T16:37:22","guid":{"rendered":"https:\/\/tammetorubbq.ee\/my-account\/"},"modified":"2023-12-12T11:08:03","modified_gmt":"2023-12-12T09:08:03","slug":"mano-paskyra","status":"publish","type":"page","link":"https:\/\/tammetorubbq.ee\/lt\/minu-konto\/","title":{"rendered":"Mano paskyra"},"content":{"rendered":"<section class=\"bde-section-9-100 bde-section\">\n  \n  \n\t\n\n\n\n<div class=\"section-container\"><div class=\"bde-woopageaccount-9-101 bde-woopageaccount breakdance-woocommerce\">    <div class=\"breakdance-empty-ssr-message breakdance-empty-ssr-message-error\">\n        <div>\n            Svetain\u0117 <b>\"Paskyros puslapis\"<\/b> element\u0105 galima prid\u0117ti tik prie <b>\"WooCommerce\" paskyros puslapis<\/b>.<br \/><br \/>\n            Svetain\u0117 <b>\"WooCommerce\" paskyros puslapis<\/b> \u0161iuo metu yra nustatyta \u012f <b>\"Mano paskyra\" (ID: 9)<\/b>.<br \/><br \/>\n            Nustatykite <b>\"WooCommerce\" paskyros puslapis<\/b> WP administratoriaus paskyroje adresu <b>\"WooCommerce\" &gt; Nustatymai &gt; I\u0161pl\u0117stin\u0117 &gt; Puslapio s\u0105ranka<\/b>.\n        <\/div>\n    <\/div><\/div><\/div>\n<\/section>","protected":false},"excerpt":{"rendered":"<p>Element\u0105 \"Paskyros puslapis\" galima prid\u0117ti tik prie \"WooCommerce\" paskyros puslapio. \u0160iuo metu \"WooCommerce\" paskyros puslapis yra nustatytas kaip \"Mano paskyra\" (ID: 9). Nustatykite \"WooCommerce\" paskyros puslap\u012f WP administratoriaus skiltyje \"WooCommerce\" &gt; \"Settings\" &gt; \"Advanced\" &gt; \"Page Setup\".<\/p>","protected":false},"author":3,"featured_media":0,"parent":0,"menu_order":0,"comment_status":"closed","ping_status":"closed","template":"","meta":{"_uf_show_specific_survey":0,"_uf_disable_surveys":false,"_breakdance_hide_in_design_set":false,"_breakdance_tags":"","footnotes":""},"class_list":["post-9","page","type-page","status-publish","hentry"],"_links":{"self":[{"href":"https:\/\/tammetorubbq.ee\/lt\/wp-json\/wp\/v2\/pages\/9","targetHints":{"allow":["GET"]}}],"collection":[{"href":"https:\/\/tammetorubbq.ee\/lt\/wp-json\/wp\/v2\/pages"}],"about":[{"href":"https:\/\/tammetorubbq.ee\/lt\/wp-json\/wp\/v2\/types\/page"}],"author":[{"embeddable":true,"href":"https:\/\/tammetorubbq.ee\/lt\/wp-json\/wp\/v2\/users\/3"}],"replies":[{"embeddable":true,"href":"https:\/\/tammetorubbq.ee\/lt\/wp-json\/wp\/v2\/comments?post=9"}],"version-history":[{"count":3,"href":"https:\/\/tammetorubbq.ee\/lt\/wp-json\/wp\/v2\/pages\/9\/revisions"}],"predecessor-version":[{"id":899,"href":"https:\/\/tammetorubbq.ee\/lt\/wp-json\/wp\/v2\/pages\/9\/revisions\/899"}],"wp:attachment":[{"href":"https:\/\/tammetorubbq.ee\/lt\/wp-json\/wp\/v2\/media?parent=9"}],"curies":[{"name":"wp","href":"https:\/\/api.w.org\/{rel}","templated":true}]}}