{"id":1000,"date":"2024-01-03T19:57:50","date_gmt":"2024-01-03T17:57:50","guid":{"rendered":"https:\/\/tammetorubbq.ee\/?post_type=product&#038;p=1000"},"modified":"2026-04-15T00:00:03","modified_gmt":"2026-04-14T21:00:03","slug":"inkbird-orkaites-temperaturos-valdiklis-2","status":"publish","type":"product","link":"https:\/\/tammetorubbq.ee\/lt\/produktas\/inkbird-orkaites-temperaturos-valdiklis-2\/","title":{"rendered":"\"Inkbird ISC-007BW\" orkait\u0117s temperat\u016bros reguliatorius"},"content":{"rendered":"<h3 class=\"\" data-start=\"119\" data-end=\"142\">\ud83d\udd27 <strong data-start=\"126\" data-end=\"142\">P\u00f5hiomadused<\/strong><\/h3>\n<ul>\n<li data-start=\"146\" data-end=\"296\"><strong data-start=\"146\" data-end=\"178\">Wi-Fi ja Bluetooth \u00fchenduvus<\/strong>: <span class=\"relative -mx-px my-[-0.2rem] rounded px-px py-[0.2rem] transition-colors duration-100 ease-in-out\">\u00dchildub 2.4GHz Wi-Fi ja Bluetooth 5.0 kaudu, v\u00f5imaldades temperatuuri j\u00e4lgimist ja seadistamist nutitelefoni kaudu.<\/span><\/li>\n<li data-start=\"300\" data-end=\"457\"><strong data-start=\"300\" data-end=\"337\">Automaatne ventilaatori juhtimine<\/strong>: <span class=\"relative -mx-px my-[-0.2rem] rounded px-px py-[0.2rem] transition-colors duration-100 ease-in-out\">Seade reguleerib ventilaatori kiirust vastavalt temperatuurimuutustele, tagades stabiilse ja t\u00e4pse temperatuuri kontrolli.<\/span><\/li>\n<li data-start=\"461\" data-end=\"615\"><strong data-start=\"461\" data-end=\"495\">Kolm toidukvaliteediga andurit<\/strong>: <span class=\"relative -mx-px my-[-0.2rem] rounded px-px py-[0.2rem] transition-colors duration-100 ease-in-out\">Komplektis on kolm andurit \u2013 \u00fcks \u00fcmbritseva temperatuuri ja kaks toidu temperatuuri m\u00f5\u00f5tmiseks, v\u00f5imaldades samaaegset mitme toiduvalmistamise j\u00e4lgimist.<\/span><\/li>\n<li data-start=\"619\" data-end=\"783\"><strong data-start=\"619\" data-end=\"663\">Temperatuuri alarmid ja andmete logimine<\/strong>: <span class=\"relative -mx-px my-[-0.2rem] rounded px-px py-[0.2rem] transition-colors duration-100 ease-in-out\">Seade toetab k\u00f5rge temperatuuri alarme ning salvestab automaatselt suitsutamise andmed hilisemaks anal\u00fc\u00fcsiks.<\/span><\/li>\n<li data-start=\"787\" data-end=\"931\"><strong data-start=\"787\" data-end=\"811\">\u00dche nupuga juhtimine<\/strong>: <span class=\"relative -mx-px my-[-0.2rem] rounded px-px py-[0.2rem] transition-colors duration-100 ease-in-out\">Lihtne ja intuitiivne kasutajaliides, mis v\u00f5imaldab k\u00f5iki seadistusi teha \u00fche nupu abil.<\/span><\/li>\n<\/ul>\n<h3 class=\"\" data-start=\"938\" data-end=\"966\">\ud83d\udcd0 <strong data-start=\"945\" data-end=\"966\">Tehnilised andmed<\/strong><\/h3>\n<ul>\n<li data-start=\"970\" data-end=\"1119\"><strong data-start=\"970\" data-end=\"999\">Temperatuuri m\u00f5\u00f5tevahemik<\/strong>: <span class=\"relative -mx-px my-[-0.2rem] rounded px-px py-[0.2rem] transition-colors duration-100 ease-in-out\">0\u00b0C kuni 300\u00b0C (l\u00fchiajaline); 0\u00b0C kuni 250\u00b0C (pidev j\u00e4lgimine.<\/span><\/li>\n<li data-start=\"970\" data-end=\"1119\"><strong data-start=\"1123\" data-end=\"1133\">T\u00e4psus<\/strong>: \u00b11\u00b0C<\/li>\n<li data-start=\"970\" data-end=\"1119\"><strong data-start=\"1222\" data-end=\"1236\">M\u00f5\u00f5t\u00fchikud<\/strong>: <span class=\"relative -mx-px my-[-0.2rem] rounded px-px py-[0.2rem] transition-colors duration-100 ease-in-out\">Celsius ja Fahrenheit<\/span><\/li>\n<li data-start=\"970\" data-end=\"1119\"><strong data-start=\"1320\" data-end=\"1336\">Toiteallikas<\/strong>: <span class=\"relative -mx-px my-[-0.2rem] rounded px-px py-[0.2rem] transition-colors duration-100 ease-in-out\">DC 12V \/ 2A<\/span><\/li>\n<li data-start=\"970\" data-end=\"1119\"><strong data-start=\"1460\" data-end=\"1471\">M\u00f5\u00f5tmed<\/strong>: <span class=\"relative -mx-px my-[-0.2rem] rounded px-px py-[0.2rem] transition-colors duration-100 ease-in-out\">290 mm (laius) x 219 mm (k\u00f5rgus) x 139 mm (s\u00fcgavus)<\/span><\/li>\n<li data-start=\"970\" data-end=\"1119\"><strong data-start=\"1595\" data-end=\"1603\">Kaal<\/strong>: <span class=\"relative -mx-px my-[-0.2rem] rounded px-px py-[0.2rem] transition-colors duration-100 ease-in-out\">194 g<\/span><\/li>\n<\/ul>\n<h3 class=\"\" data-start=\"1730\" data-end=\"1755\">\ud83d\udce6 <strong data-start=\"1737\" data-end=\"1755\">Komplekti sisu<\/strong><\/h3>\n<ul>\n<li data-start=\"1759\" data-end=\"1837\"><span class=\"relative -mx-px my-[-0.2rem] rounded px-px py-[0.2rem] transition-colors duration-100 ease-in-out\">1x ISC-007BW temperatuuri kontroller<\/span><\/li>\n<li data-start=\"1759\" data-end=\"1837\"><span class=\"relative -mx-px my-[-0.2rem] rounded px-px py-[0.2rem] transition-colors duration-100 ease-in-out\">1x adapter<\/span><\/li>\n<li data-start=\"1759\" data-end=\"1837\"><span class=\"relative -mx-px my-[-0.2rem] rounded px-px py-[0.2rem] transition-colors duration-100 ease-in-out\">1x \u00f5hutorustik<\/span><\/li>\n<li data-start=\"1759\" data-end=\"1837\"><span class=\"relative -mx-px my-[-0.2rem] rounded px-px py-[0.2rem] transition-colors duration-100 ease-in-out\">3x toidukvaliteediga andurit<\/span><\/li>\n<li data-start=\"1759\" data-end=\"1837\"><span class=\"relative -mx-px my-[-0.2rem] rounded px-px py-[0.2rem] transition-colors duration-100 ease-in-out\">1x siiber<\/span><\/li>\n<li data-start=\"1759\" data-end=\"1837\"><span class=\"relative -mx-px my-[-0.2rem] rounded px-px py-[0.2rem] transition-colors duration-100 ease-in-out\">1x kasutusjuhend<\/span><\/li>\n<\/ul>\n","protected":false},"excerpt":{"rendered":"<p><span class=\"relative -mx-px my-[-0.2rem] rounded px-px py-[0.2rem] transition-colors duration-100 ease-in-out\"><strong data-start=\"0\" data-end=\"21\" data-is-only-node=\"\">Inkbird ISC-007BW<\/strong> on nutikas suitsuahju temperatuuri kontroller, mis v\u00f5imaldab sul saavutada t\u00e4pseid ja stabiilseid tulemusi grillimisel ja suitsutamisel.<\/span> <span class=\"relative -mx-px my-[-0.2rem] rounded px-px py-[0.2rem] transition-colors duration-100 ease-in-out\">Seade \u00fchendab endas Wi-Fi ja Bluetoothi \u00fchenduvuse, automaatse ventilaatori juhtimise ning kasutajas\u00f5braliku disaini, muutes selle ideaalseks t\u00f6\u00f6riistaks nii kodukokkadele kui ka professionaalsetele grillmeistritele.<\/span><\/p>\n<p><span class=\"relative -mx-px my-[-0.2rem] rounded px-px py-[0.2rem] transition-colors duration-100 ease-in-out\">Ideaalne valik neile, kes soovivad saavutada t\u00e4pseid ja usaldusv\u00e4\u00e4rseid tulemusi grillimisel ja suitsutamisel, olles samal ajal mugavalt juhitav nutiseadme kaudu.<\/span> <span class=\"relative -mx-px my-[-0.2rem] rounded px-px py-[0.2rem] transition-colors duration-100 ease-in-out\">See seade sobib suurep\u00e4raselt erinevatele grillidele ja suitsuahjudele, sealhulgas Big Green Egg, <a href=\"https:\/\/tammetorubbq.ee\/kategooria\/grillid\/keraamilised-grillid\/\">Kamado Joe<\/a>, Weber ja teistele.<\/span><\/p>\n<p><img loading=\"lazy\" decoding=\"async\" class=\"alignnone wp-image-3250\" src=\"http:\/\/tammetorubbq.ee\/wp-content\/uploads\/2025\/05\/Inkbird-logo-PNG-300x85.png\" alt=\"\" width=\"169\" height=\"48\" srcset=\"https:\/\/tammetorubbq.ee\/wp-content\/uploads\/2025\/05\/Inkbird-logo-PNG-300x85.png 300w, https:\/\/tammetorubbq.ee\/wp-content\/uploads\/2025\/05\/Inkbird-logo-PNG-1024x290.png 1024w, https:\/\/tammetorubbq.ee\/wp-content\/uploads\/2025\/05\/Inkbird-logo-PNG-768x218.png 768w, https:\/\/tammetorubbq.ee\/wp-content\/uploads\/2025\/05\/Inkbird-logo-PNG-18x5.png 18w, https:\/\/tammetorubbq.ee\/wp-content\/uploads\/2025\/05\/Inkbird-logo-PNG-600x170.png 600w, https:\/\/tammetorubbq.ee\/wp-content\/uploads\/2025\/05\/Inkbird-logo-PNG-64x18.png 64w, https:\/\/tammetorubbq.ee\/wp-content\/uploads\/2025\/05\/Inkbird-logo-PNG.png 1192w\" sizes=\"auto, (max-width: 169px) 100vw, 169px\" \/><\/p>\n<p><a href=\"https:\/\/www.tammetorubbq.ee\/maksa-hiljem\/\"><strong>OSTA KOHE, MAKSA HILJEM<\/strong><\/a>\u00a0\u2013 intressivabalt!<\/p>\n<p><img loading=\"lazy\" decoding=\"async\" class=\"alignnone wp-image-2646\" src=\"http:\/\/tammetorubbq.ee\/wp-content\/uploads\/2023\/12\/inbank-wordmark.png\" alt=\"\" width=\"167\" height=\"75\" srcset=\"https:\/\/tammetorubbq.ee\/wp-content\/uploads\/2023\/12\/inbank-wordmark.png 300w, https:\/\/tammetorubbq.ee\/wp-content\/uploads\/2023\/12\/inbank-wordmark-18x8.png 18w, https:\/\/tammetorubbq.ee\/wp-content\/uploads\/2023\/12\/inbank-wordmark-64x29.png 64w\" sizes=\"auto, (max-width: 167px) 100vw, 167px\" \/><\/p>\n<p>Pakume v\u00f5imalust ostu eest tasuda ka hiljem \u2013 \u00fches, kahes v\u00f5i kolmes v\u00f5rdses osas, ilma igasuguse intressi ja lisatasuta.<\/p>\n<p>Valiku erinevatele v\u00f5imalustele tasumiseks leiate meie ostukorvist.<\/p>\n","protected":false},"featured_media":1002,"comment_status":"open","ping_status":"closed","template":"","meta":{"_uf_show_specific_survey":0,"_uf_disable_surveys":false},"pwb-brand":[67],"product_brand":[],"product_cat":[30,66],"product_tag":[134,116,115],"class_list":{"0":"post-1000","1":"product","2":"type-product","3":"status-publish","4":"has-post-thumbnail","6":"pwb-brand-inkbird","7":"product_cat-grillimise-tarvikud","8":"product_cat-termomeetrid","9":"product_tag-grillimise-tarvikud","10":"product_tag-inkbird","11":"product_tag-termomeeter","13":"first","14":"instock","15":"taxable","16":"shipping-taxable","17":"purchasable","18":"product-type-simple"},"brands":[{"id":67,"name":"Inkbird","slug":"inkbird"}],"_links":{"self":[{"href":"https:\/\/tammetorubbq.ee\/lt\/wp-json\/wp\/v2\/product\/1000","targetHints":{"allow":["GET"]}}],"collection":[{"href":"https:\/\/tammetorubbq.ee\/lt\/wp-json\/wp\/v2\/product"}],"about":[{"href":"https:\/\/tammetorubbq.ee\/lt\/wp-json\/wp\/v2\/types\/product"}],"replies":[{"embeddable":true,"href":"https:\/\/tammetorubbq.ee\/lt\/wp-json\/wp\/v2\/comments?post=1000"}],"wp:featuredmedia":[{"embeddable":true,"href":"https:\/\/tammetorubbq.ee\/lt\/wp-json\/wp\/v2\/media\/1002"}],"wp:attachment":[{"href":"https:\/\/tammetorubbq.ee\/lt\/wp-json\/wp\/v2\/media?parent=1000"}],"wp:term":[{"taxonomy":"pwb-brand","embeddable":true,"href":"https:\/\/tammetorubbq.ee\/lt\/wp-json\/wp\/v2\/pwb-brand?post=1000"},{"taxonomy":"product_brand","embeddable":true,"href":"https:\/\/tammetorubbq.ee\/lt\/wp-json\/wp\/v2\/product_brand?post=1000"},{"taxonomy":"product_cat","embeddable":true,"href":"https:\/\/tammetorubbq.ee\/lt\/wp-json\/wp\/v2\/product_cat?post=1000"},{"taxonomy":"product_tag","embeddable":true,"href":"https:\/\/tammetorubbq.ee\/lt\/wp-json\/wp\/v2\/product_tag?post=1000"}],"curies":[{"name":"wp","href":"https:\/\/api.w.org\/{rel}","templated":true}]}}