{"id":1008,"date":"2024-01-03T20:29:51","date_gmt":"2024-01-03T18:29:51","guid":{"rendered":"https:\/\/tammetorubbq.ee\/?post_type=product&#038;p=1008"},"modified":"2026-04-30T13:00:02","modified_gmt":"2026-04-30T10:00:02","slug":"looft-ziebtuvelis-i-elektrinis-kepsnines-degiklis","status":"publish","type":"product","link":"https:\/\/tammetorubbq.ee\/lt\/toode\/looft-lighter-i-elektriline-grillsoe-suutaja\/","title":{"rendered":"\"Looft Lighter I\" elektrinis kepsnin\u0117s \u017eiebtuv\u0117lis"},"content":{"rendered":"<p>\"Looft\" \u017eiebtuv\u0117lis yra grei\u010diausias, saugiausias ir \u0161variausias b\u016bdas u\u017edegti kepsnin\u0119, lau\u017e\u0105 ar virykl\u0119.<br \/>\nGreitas ir universalus - \"Looft\" \u017eiebtuv\u0117lis yra grei\u010diausias b\u016bdas prad\u0117ti ir paruo\u0161ti kepsnin\u0119 kepti. Per kelias akimirkas i\u0161gauna tobul\u0105 \u017e\u0117r\u0117jim\u0105.<\/p>\n<p>Paprasta - paspauskite \"Looft\" mygtuk\u0105 ir u\u017edegkite anglis. N\u0117ra lengvesnio b\u016bdo u\u017edegti med\u017eio anglis.<br \/>\n\u0160varus - be liepsnos, duj\u0173 ar nuoding\u0173 chemini\u0173 med\u017eiag\u0173. \"Looft Lighter\" \u017eiebtuv\u0117lis anglims u\u017ekurti naudoja perkaitint\u0105 or\u0105.<\/p>\n<p class=\"\" data-start=\"0\" data-end=\"150\"><strong data-start=\"0\" data-end=\"21\">Techniniai duomenys<\/strong><br data-start=\"21\" data-end=\"24\" \/>- \u012ejungimo \/ i\u0161jungimo jungiklis<br data-start=\"44\" data-end=\"47\" \/>- 700 \u00b0C su perkaitintu oru<br data-start=\"69\" data-end=\"72\" \/>- 3 metr\u0173 ilgio maitinimo kabelis<br data-start=\"94\" data-end=\"97\" \/>- Galia: 1800 W, 230 V, 50 Hz<br data-start=\"125\" data-end=\"128\" \/>- Va\u017eiuokl\u0117 \/ Buteli\u0173 atidarytuvas<\/p>\n<p class=\"\" data-start=\"152\" data-end=\"199\"><strong data-start=\"152\" data-end=\"170\">Matmenys ir svoris<\/strong><br data-start=\"170\" data-end=\"173\" \/>- 49 x 7 x 7 cm<br data-start=\"188\" data-end=\"191\" \/>- 1 kg<\/p>\n<p class=\"\" data-start=\"201\" data-end=\"266\"><strong data-start=\"201\" data-end=\"221\">Rinkin\u012f sudaro<\/strong><br data-start=\"221\" data-end=\"224\" \/>- \"Looftlighter Classic<br data-start=\"246\" data-end=\"249\" \/>- Naudotojo vadovas<\/p>\n<p class=\"\" data-start=\"268\" data-end=\"594\"><strong data-start=\"268\" data-end=\"291\">Kaip veikia produktas<\/strong><br data-start=\"291\" data-end=\"294\" \/>\"Looftlighter\" u\u017edegs med\u017eio anglis ar medien\u0105 perkaitintu oru - be liepsnos, duj\u0173 ar chemini\u0173 med\u017eiag\u0173. Nukreipkite \u017eiebtuv\u0117l\u012f \u012f anglis ar medien\u0105, paspauskite mygtuk\u0105 ir vos per 60 sekund\u017ei\u0173 intensyvus kar\u0161tas oras u\u017edegs anglis ar medien\u0105. Kai pamatysite kibirk\u0161tis, \u0161iek tiek patraukite atgal, kad padidintum\u0117te oro sraut\u0105 ir dar labiau pagreitintum\u0117te u\u017esidegim\u0105.<\/p>","protected":false},"excerpt":{"rendered":"<p>Elektrinis \u017eiebtuv\u0117lis LOOFT LIGHTER I yra grei\u010diausias ir patogiausias b\u016bdas u\u017edegti anglis kepsnin\u0117je, malk\u0173 \u017eidinyje ar pic\u0173 krosnyje.<\/p>\n<p><strong>U\u017edegti degtuk\u0105 u\u017etrunka ma\u017eiau nei minut\u0119.<\/strong><\/p>\n<p>\"LOOFT\" \u012f\u017eiebia anglis perkaitintu oru - jokios ugnies, joki\u0173 chemini\u0173 med\u017eiag\u0173, joki\u0173 duj\u0173 ugniai \u012f\u017eiebti.<\/p>\n<p class=\"\" data-start=\"136\" data-end=\"282\">- 700\u00b0C u\u017esidega per 60 sekund\u017ei\u0173<br data-start=\"163\" data-end=\"166\" \/>- Visi\u0161kai elektrinis<br data-start=\"183\" data-end=\"186\" data-is-only-node=\"\" \/>- Nereikia joki\u0173 u\u017epild\u0173<br data-start=\"209\" data-end=\"212\" \/>- Draugi\u0161kas aplinkai<br data-start=\"231\" data-end=\"234\" \/>- Degina bet kok\u012f kur\u0105 - anglis, briketus ir pel\u0117sius<\/p>\n<p class=\"\" data-start=\"284\" data-end=\"335\"><img loading=\"lazy\" decoding=\"async\" class=\"alignnone wp-image-3025\" src=\"http:\/\/tammetorubbq.ee\/wp-content\/uploads\/2024\/01\/Electric-plug_0f8362a7-973c-4a97-a704-c35e66e02199.webp\" alt=\"\" width=\"20\" height=\"20\" srcset=\"https:\/\/tammetorubbq.ee\/wp-content\/uploads\/2024\/01\/Electric-plug_0f8362a7-973c-4a97-a704-c35e66e02199.webp 48w, https:\/\/tammetorubbq.ee\/wp-content\/uploads\/2024\/01\/Electric-plug_0f8362a7-973c-4a97-a704-c35e66e02199-12x12.webp 12w\" sizes=\"auto, (max-width: 20px) 100vw, 20px\" \/> Visi\u0161kai elektrinis\u00a0 <img loading=\"lazy\" decoding=\"async\" class=\"alignnone wp-image-3026\" src=\"http:\/\/tammetorubbq.ee\/wp-content\/uploads\/2024\/01\/wind-128.webp\" alt=\"\" width=\"21\" height=\"21\" srcset=\"https:\/\/tammetorubbq.ee\/wp-content\/uploads\/2024\/01\/wind-128.webp 48w, https:\/\/tammetorubbq.ee\/wp-content\/uploads\/2024\/01\/wind-128-12x12.webp 12w\" sizes=\"auto, (max-width: 21px) 100vw, 21px\" \/> Be liepsnos\u00a0 <img loading=\"lazy\" decoding=\"async\" class=\"alignnone wp-image-3027\" src=\"http:\/\/tammetorubbq.ee\/wp-content\/uploads\/2024\/01\/shield-security-128.webp\" alt=\"\" width=\"24\" height=\"24\" srcset=\"https:\/\/tammetorubbq.ee\/wp-content\/uploads\/2024\/01\/shield-security-128.webp 48w, https:\/\/tammetorubbq.ee\/wp-content\/uploads\/2024\/01\/shield-security-128-12x12.webp 12w\" sizes=\"auto, (max-width: 24px) 100vw, 24px\" \/> 3 met\u0173 garantija<\/p>\n<p>&nbsp;<\/p>\n<p><img loading=\"lazy\" decoding=\"async\" class=\"wp-image-1673\" src=\"http:\/\/tammetorubbq.ee\/wp-content\/uploads\/2024\/05\/Looft-logo-300x120.png\" alt=\"loftas\" width=\"165\" height=\"66\" srcset=\"https:\/\/tammetorubbq.ee\/wp-content\/uploads\/2024\/05\/Looft-logo-300x120.png 300w, https:\/\/tammetorubbq.ee\/wp-content\/uploads\/2024\/05\/Looft-logo-18x7.png 18w, https:\/\/tammetorubbq.ee\/wp-content\/uploads\/2024\/05\/Looft-logo-64x26.png 64w, https:\/\/tammetorubbq.ee\/wp-content\/uploads\/2024\/05\/Looft-logo.png 400w\" sizes=\"auto, (max-width: 165px) 100vw, 165px\" \/><\/p>","protected":false},"featured_media":1009,"comment_status":"open","ping_status":"closed","template":"","meta":{"_uf_show_specific_survey":0,"_uf_disable_surveys":false},"pwb-brand":[],"product_brand":[],"product_cat":[30,60],"product_tag":[],"class_list":{"0":"post-1008","1":"product","2":"type-product","3":"status-publish","4":"has-post-thumbnail","6":"product_cat-grillimise-tarvikud","7":"product_cat-suutepulgad","9":"first","10":"instock","11":"taxable","12":"shipping-taxable","13":"purchasable","14":"product-type-simple"},"brands":[],"_links":{"self":[{"href":"https:\/\/tammetorubbq.ee\/lt\/wp-json\/wp\/v2\/product\/1008","targetHints":{"allow":["GET"]}}],"collection":[{"href":"https:\/\/tammetorubbq.ee\/lt\/wp-json\/wp\/v2\/product"}],"about":[{"href":"https:\/\/tammetorubbq.ee\/lt\/wp-json\/wp\/v2\/types\/product"}],"replies":[{"embeddable":true,"href":"https:\/\/tammetorubbq.ee\/lt\/wp-json\/wp\/v2\/comments?post=1008"}],"wp:featuredmedia":[{"embeddable":true,"href":"https:\/\/tammetorubbq.ee\/lt\/wp-json\/wp\/v2\/media\/1009"}],"wp:attachment":[{"href":"https:\/\/tammetorubbq.ee\/lt\/wp-json\/wp\/v2\/media?parent=1008"}],"wp:term":[{"taxonomy":"pwb-brand","embeddable":true,"href":"https:\/\/tammetorubbq.ee\/lt\/wp-json\/wp\/v2\/pwb-brand?post=1008"},{"taxonomy":"product_brand","embeddable":true,"href":"https:\/\/tammetorubbq.ee\/lt\/wp-json\/wp\/v2\/product_brand?post=1008"},{"taxonomy":"product_cat","embeddable":true,"href":"https:\/\/tammetorubbq.ee\/lt\/wp-json\/wp\/v2\/product_cat?post=1008"},{"taxonomy":"product_tag","embeddable":true,"href":"https:\/\/tammetorubbq.ee\/lt\/wp-json\/wp\/v2\/product_tag?post=1008"}],"curies":[{"name":"wp","href":"https:\/\/api.w.org\/{rel}","templated":true}]}}