{"id":1025,"date":"2024-01-07T19:33:51","date_gmt":"2024-01-07T17:33:51","guid":{"rendered":"https:\/\/tammetorubbq.ee\/?post_type=product&#038;p=1025"},"modified":"2026-04-29T23:00:50","modified_gmt":"2026-04-29T20:00:50","slug":"thermapen-one-mesos-termometras","status":"publish","type":"product","link":"https:\/\/tammetorubbq.ee\/lt\/toode\/thermapen-one-liha-sisetermomeeter\/","title":{"rendered":"M\u0117sos termometras \"Thermapen ONE"},"content":{"rendered":"<ul>\n<li>Temperat\u016br\u0105 i\u0161matuoja per 1 sekund\u0119<\/li>\n<li>Vandeniui atsparus<\/li>\n<li>\u0160vyt\u0117jimas tamsoje<\/li>\n<li>Automati\u0161kai 360\u00b0 kampu besisukantis ekranas<\/li>\n<li>Saugiai sulankstomas<\/li>\n<li>Sulankstomas ner\u016bdijan\u010dio plieno matavimo strypas<\/li>\n<li>Baterijos veikimo laikas 2000 valand\u0173 (1,5 V AAA baterija)<\/li>\n<li>Ekran\u0105 galima reguliuoti \u00b0C arba \u00b0F<\/li>\n<li>Skal\u0117 nuo -49,9 \u00b0C iki 299,9 \u00b0C, \u012fskaitant tikslum\u0105 iki \u00b10,3 \u00b0C (-19,9-119,9 \u00b0C) ir \u00b10,4 \u00b0C (-49,9-199,9 \u00b0C), kitu atveju \u00b11 \u00b0C.<\/li>\n<li>Patobulinta 5 met\u0173 garantija ir nemokamas pridedamas kalibravimo sertifikatas<\/li>\n<li>Rank\u0173 darbo Anglijoje<\/li>\n<\/ul>\n<p>&nbsp;<\/p>\n<p><strong>Technin\u0117 informacija<\/strong><\/p>\n<p>CAL 0,115 kg<\/p>\n<p>SPALVA Juoda<\/p>","protected":false},"excerpt":{"rendered":"<p><strong>Tai \"pasaulio \u010dempionas\" rankini\u0173 m\u0117sos termometr\u0173 pasaulyje.<\/strong><\/p>\n<p>\"Thermapen\u00ae ONE\" - tai profesionalus m\u0117sos termometras, kuris labai tiksliai ir greitai matuoja temperat\u016br\u0105 - rezultatai matomi vos po keli\u0173 sekund\u017ei\u0173. <strong data-start=\"296\" data-end=\"309\">1 sekund\u0117<\/strong> apie. Idealiai tinka kepti ant groteli\u0173, skrudinti ir atlikti kitus maisto ruo\u0161imo darbus, kai svarbus tikslumas.<\/p>\n<p>Puikiai tinka m\u0117sos, \u017euvies, vi\u0161tienos, kepini\u0173 ir kit\u0173 maisto produkt\u0173 vidaus temperat\u016brai kontroliuoti namuose, profesionalioje virtuv\u0117je ar kepsnin\u0117je.<\/p>\n<p>&nbsp;<\/p>\n<p><img loading=\"lazy\" decoding=\"async\" class=\"alignnone wp-image-3391\" src=\"http:\/\/tammetorubbq.ee\/wp-content\/uploads\/2024\/01\/thermapen-logo-1631270615-300x48.jpg\" alt=\"\" width=\"256\" height=\"41\" srcset=\"https:\/\/tammetorubbq.ee\/wp-content\/uploads\/2024\/01\/thermapen-logo-1631270615-300x48.jpg 300w, https:\/\/tammetorubbq.ee\/wp-content\/uploads\/2024\/01\/thermapen-logo-1631270615-1024x164.jpg 1024w, https:\/\/tammetorubbq.ee\/wp-content\/uploads\/2024\/01\/thermapen-logo-1631270615-768x123.jpg 768w, https:\/\/tammetorubbq.ee\/wp-content\/uploads\/2024\/01\/thermapen-logo-1631270615-1536x246.jpg 1536w, https:\/\/tammetorubbq.ee\/wp-content\/uploads\/2024\/01\/thermapen-logo-1631270615-18x3.jpg 18w, https:\/\/tammetorubbq.ee\/wp-content\/uploads\/2024\/01\/thermapen-logo-1631270615-600x96.jpg 600w, https:\/\/tammetorubbq.ee\/wp-content\/uploads\/2024\/01\/thermapen-logo-1631270615-64x10.jpg 64w, https:\/\/tammetorubbq.ee\/wp-content\/uploads\/2024\/01\/thermapen-logo-1631270615.jpg 1985w\" sizes=\"auto, (max-width: 256px) 100vw, 256px\" \/><\/p>\n<p>&nbsp;<\/p>","protected":false},"featured_media":1027,"comment_status":"open","ping_status":"closed","template":"","meta":{"_uf_show_specific_survey":0,"_uf_disable_surveys":false},"pwb-brand":[68],"product_brand":[],"product_cat":[30,66],"product_tag":[134,115],"class_list":{"0":"post-1025","1":"product","2":"type-product","3":"status-publish","4":"has-post-thumbnail","6":"pwb-brand-thermapen","7":"product_cat-grillimise-tarvikud","8":"product_cat-termomeetrid","9":"product_tag-grillimise-tarvikud","10":"product_tag-termomeeter","12":"first","13":"instock","14":"taxable","15":"shipping-taxable","16":"purchasable","17":"product-type-simple"},"brands":[{"id":68,"name":"Thermapen","slug":"thermapen"}],"_links":{"self":[{"href":"https:\/\/tammetorubbq.ee\/lt\/wp-json\/wp\/v2\/product\/1025","targetHints":{"allow":["GET"]}}],"collection":[{"href":"https:\/\/tammetorubbq.ee\/lt\/wp-json\/wp\/v2\/product"}],"about":[{"href":"https:\/\/tammetorubbq.ee\/lt\/wp-json\/wp\/v2\/types\/product"}],"replies":[{"embeddable":true,"href":"https:\/\/tammetorubbq.ee\/lt\/wp-json\/wp\/v2\/comments?post=1025"}],"wp:featuredmedia":[{"embeddable":true,"href":"https:\/\/tammetorubbq.ee\/lt\/wp-json\/wp\/v2\/media\/1027"}],"wp:attachment":[{"href":"https:\/\/tammetorubbq.ee\/lt\/wp-json\/wp\/v2\/media?parent=1025"}],"wp:term":[{"taxonomy":"pwb-brand","embeddable":true,"href":"https:\/\/tammetorubbq.ee\/lt\/wp-json\/wp\/v2\/pwb-brand?post=1025"},{"taxonomy":"product_brand","embeddable":true,"href":"https:\/\/tammetorubbq.ee\/lt\/wp-json\/wp\/v2\/product_brand?post=1025"},{"taxonomy":"product_cat","embeddable":true,"href":"https:\/\/tammetorubbq.ee\/lt\/wp-json\/wp\/v2\/product_cat?post=1025"},{"taxonomy":"product_tag","embeddable":true,"href":"https:\/\/tammetorubbq.ee\/lt\/wp-json\/wp\/v2\/product_tag?post=1025"}],"curies":[{"name":"wp","href":"https:\/\/api.w.org\/{rel}","templated":true}]}}