{"id":1083,"date":"2024-01-22T19:43:09","date_gmt":"2024-01-22T17:43:09","guid":{"rendered":"https:\/\/tammetorubbq.ee\/?post_type=product&#038;p=1083"},"modified":"2026-04-15T03:00:14","modified_gmt":"2026-04-15T00:00:14","slug":"swift-searibi-st-louise-usa","status":"publish","type":"product","link":"https:\/\/tammetorubbq.ee\/lt\/produktas\/swift-searibi-st-louise-usa\/","title":{"rendered":"Swift searibi St.Louise ~1,7kg (JAV)"},"content":{"rendered":"<ul>\n<li>Ekologi\u0161ka kiauliena be antibiotik\u0173.<\/li>\n<li>Vakuumin\u0117 pakuot\u0117.<\/li>\n<li>U\u017e\u0161aldytas (laikymo temperat\u016bra -18C).<\/li>\n<li>\u00dche ribiplaadi kaal ~1,7kg.<\/li>\n<li>Biri pakuot\u0117 ~18 kg (~10 briaunuot\u0173 lak\u0161t\u0173).<\/li>\n<li>Kilm\u0117s \u0161alis JAV.<\/li>\n<\/ul>\n<p>&nbsp;<\/p>\n<p>Produktas negali b\u016bti siun\u010diamas siunt\u0173 ma\u0161ina arba kurjeriu.<\/p>\n<p>Tellimus on v\u00f5imalik k\u00e4tte saada eelneval kokkuleppel Harjumaa piires.<\/p>\n<p>Ra\u0161ykite mums <a href=\"\/lt\/info@tammetorubbq.ee\/\">info@tammetorubbq.ee<\/a> arba skambinkite <a href=\"http:\/\/+372 56 888 638\">+372 56 888 638<\/a><\/p>\n<p>&nbsp;<\/p>","protected":false},"excerpt":{"rendered":"<p><strong><span style=\"color: #0000ff;\">BBQ draug\u0173 m\u0117gstamiausias \"Swift\" kiaulienos \u0161onkauliukas Sent Luiso stiliumi.<\/span><\/strong><\/p>\n<p>Auk\u0161\u010diausios kokyb\u0117s kiaulienos \u0161onkauliuk\u0173 m\u0117sa, naudojama daugelyje BBQ var\u017eyb\u0173 visame pasaulyje.<\/p>\n<p>Idealiai tinka kepti ant ma\u017eo ir l\u0117to griliaus arba BBQ.<\/p>\n<p>&nbsp;<\/p>\n<p>\u00dche ribiplaadi keskmine kaal on ~1,7kg.<\/p>\n<p>Didesniam kiekiui pra\u0161ykite specialios kainos.<\/p>\n<p>Produktas parduodamas pagal svor\u012f. Tiksli kaina bus apskai\u010diuota pasv\u0117rus gamin\u012f.<\/p>\n<p><strong>Prek\u0117 yra sand\u0117lyje. <\/strong><\/p>\n<p>Kadangi tai yra sveriamas produktas, n\u0117ra galimyb\u0117s pateikti u\u017esakymo internetin\u0117je parduotuv\u0117je.<\/p>\n<p>Nor\u0117dami u\u017esisakyti, ra\u0161ykite adresu <a href=\"\/lt\/info@tammetorubbq.ee\/\">info@tammetorubbq.ee<\/a> arba skambinkite <a href=\"http:\/\/+372 56 888 638\">+372 56 888 638<\/a><\/p>\n<p>&nbsp;<\/p>\n<p><img loading=\"lazy\" decoding=\"async\" class=\"alignnone wp-image-1389\" src=\"http:\/\/tammetorubbq.ee\/wp-content\/uploads\/2024\/01\/Swift.svg\" alt=\"\" width=\"214\" height=\"99\" \/><\/p>\n<p>&nbsp;<\/p>\n<p>&nbsp;<\/p>","protected":false},"featured_media":1084,"comment_status":"open","ping_status":"closed","template":"","meta":{"_uf_show_specific_survey":0,"_uf_disable_surveys":false},"pwb-brand":[72],"product_brand":[],"product_cat":[71],"product_tag":[114,122],"class_list":{"0":"post-1083","1":"product","2":"type-product","3":"status-publish","4":"has-post-thumbnail","6":"pwb-brand-swift","7":"product_cat-liha","8":"product_tag-sealiha","9":"product_tag-searibi","11":"first","12":"outofstock","13":"taxable","14":"shipping-taxable","15":"purchasable","16":"product-type-simple"},"brands":[{"id":72,"name":"Swift","slug":"swift"}],"_links":{"self":[{"href":"https:\/\/tammetorubbq.ee\/lt\/wp-json\/wp\/v2\/product\/1083","targetHints":{"allow":["GET"]}}],"collection":[{"href":"https:\/\/tammetorubbq.ee\/lt\/wp-json\/wp\/v2\/product"}],"about":[{"href":"https:\/\/tammetorubbq.ee\/lt\/wp-json\/wp\/v2\/types\/product"}],"replies":[{"embeddable":true,"href":"https:\/\/tammetorubbq.ee\/lt\/wp-json\/wp\/v2\/comments?post=1083"}],"wp:featuredmedia":[{"embeddable":true,"href":"https:\/\/tammetorubbq.ee\/lt\/wp-json\/wp\/v2\/media\/1084"}],"wp:attachment":[{"href":"https:\/\/tammetorubbq.ee\/lt\/wp-json\/wp\/v2\/media?parent=1083"}],"wp:term":[{"taxonomy":"pwb-brand","embeddable":true,"href":"https:\/\/tammetorubbq.ee\/lt\/wp-json\/wp\/v2\/pwb-brand?post=1083"},{"taxonomy":"product_brand","embeddable":true,"href":"https:\/\/tammetorubbq.ee\/lt\/wp-json\/wp\/v2\/product_brand?post=1083"},{"taxonomy":"product_cat","embeddable":true,"href":"https:\/\/tammetorubbq.ee\/lt\/wp-json\/wp\/v2\/product_cat?post=1083"},{"taxonomy":"product_tag","embeddable":true,"href":"https:\/\/tammetorubbq.ee\/lt\/wp-json\/wp\/v2\/product_tag?post=1083"}],"curies":[{"name":"wp","href":"https:\/\/api.w.org\/{rel}","templated":true}]}}