{"id":1335,"date":"2024-02-21T20:18:37","date_gmt":"2024-02-21T18:18:37","guid":{"rendered":"https:\/\/tammetorubbq.ee\/?post_type=product&#038;p=1335"},"modified":"2026-04-14T22:00:19","modified_gmt":"2026-04-14T19:00:19","slug":"blues-hog-originali-bbq-pasta-709g","status":"publish","type":"product","link":"https:\/\/tammetorubbq.ee\/lt\/produktas\/blues-hog-originali-bbq-pasta-709g\/","title":{"rendered":"Blues Hog Original BBQ pada\u017eas 709g"},"content":{"rendered":"<p><strong>Sudedamosios dalys:<\/strong> rudasis cukrus, ke\u010dupas, obuoli\u0173 sidro actas, cukrus, druska, prieskoniai, paprika, vusterio pada\u017eas, vanil\u0117s ekstraktas, \u010desnakas.<\/p>\n<p><img loading=\"lazy\" decoding=\"async\" class=\"alignnone size-full wp-image-1337\" src=\"http:\/\/tammetorubbq.ee\/wp-content\/uploads\/2024\/02\/Blues-Hog-Original-BBQ-kaste.jpg\" alt=\"Blues Hog Original BBQ \" width=\"297\" height=\"95\" srcset=\"https:\/\/tammetorubbq.ee\/wp-content\/uploads\/2024\/02\/Blues-Hog-Original-BBQ-kaste.jpg 297w, https:\/\/tammetorubbq.ee\/wp-content\/uploads\/2024\/02\/Blues-Hog-Original-BBQ-kaste-18x6.jpg 18w, https:\/\/tammetorubbq.ee\/wp-content\/uploads\/2024\/02\/Blues-Hog-Original-BBQ-kaste-64x20.jpg 64w\" sizes=\"auto, (max-width: 297px) 100vw, 297px\" \/><\/p>","protected":false},"excerpt":{"rendered":"<p>Legendinio Bill Arnold Blues Hog nereikia pristatin\u0117ti - pavadinimas pasako visk\u0105!<\/p>\n<p>\"Blues Hog Original BBQ\" pada\u017eas yra puikus saldumo ir a\u0161trumo derinys. \"Blues Hog Original BBQ Sauce\" buvo i\u0161rinktas geriausiu pada\u017eu planetoje.<\/p>\n<p>Tai labai unikalus skonis ir labai \"lipnus\" pada\u017eas.<\/p>\n<p>\"Blues Hog\" gurmani\u0161kuose pada\u017euose n\u0117ra glitimo, jie gaminami i\u0161 nat\u016brali\u0173, auk\u0161tos kokyb\u0117s ingredient\u0173.<\/p>\n<p>\"Blues Hog\" gaminiai yra peln\u0119 daugiau apdovanojim\u0173 nei bet kurie kiti rinkoje esantys \"konkurentai\", tod\u0117l \"Blues Hog\" gaminius naudoja 90% kepsnini\u0173 kepimo var\u017eyb\u0173 komandos visame pasaulyje.<\/p>\n<p><span style=\"color: #0000ff;\"><strong style=\"font-weight: var(--bde-woo-typography-font-weight-heavy);\">\"Blues Hog\" - tai apdovanojimus pelniusi\u0173 \u010dempion\u0173 pasirinkimas!<\/strong><\/span><\/p>\n<p><img loading=\"lazy\" decoding=\"async\" class=\"alignnone wp-image-3462\" src=\"http:\/\/tammetorubbq.ee\/wp-content\/uploads\/2024\/02\/BH_Logo_2022-300x280.avif\" alt=\"\" width=\"192\" height=\"179\" srcset=\"https:\/\/tammetorubbq.ee\/wp-content\/uploads\/2024\/02\/BH_Logo_2022-300x280.avif 300w, https:\/\/tammetorubbq.ee\/wp-content\/uploads\/2024\/02\/BH_Logo_2022-13x12.avif 13w, https:\/\/tammetorubbq.ee\/wp-content\/uploads\/2024\/02\/BH_Logo_2022-64x60.avif 64w, https:\/\/tammetorubbq.ee\/wp-content\/uploads\/2024\/02\/BH_Logo_2022.avif 322w\" sizes=\"auto, (max-width: 192px) 100vw, 192px\" \/><\/p>","protected":false},"featured_media":4760,"comment_status":"open","ping_status":"closed","template":"","meta":{"_uf_show_specific_survey":0,"_uf_disable_surveys":false},"pwb-brand":[],"product_brand":[],"product_cat":[22],"product_tag":[331,354],"class_list":{"0":"post-1335","1":"product","2":"type-product","3":"status-publish","4":"has-post-thumbnail","6":"product_cat-kastmed-ja-marinaadid","7":"product_tag-blues-hog","8":"product_tag-blues-hog-kastmed","10":"first","11":"instock","12":"taxable","13":"shipping-taxable","14":"purchasable","15":"product-type-simple"},"brands":[],"_links":{"self":[{"href":"https:\/\/tammetorubbq.ee\/lt\/wp-json\/wp\/v2\/product\/1335","targetHints":{"allow":["GET"]}}],"collection":[{"href":"https:\/\/tammetorubbq.ee\/lt\/wp-json\/wp\/v2\/product"}],"about":[{"href":"https:\/\/tammetorubbq.ee\/lt\/wp-json\/wp\/v2\/types\/product"}],"replies":[{"embeddable":true,"href":"https:\/\/tammetorubbq.ee\/lt\/wp-json\/wp\/v2\/comments?post=1335"}],"wp:featuredmedia":[{"embeddable":true,"href":"https:\/\/tammetorubbq.ee\/lt\/wp-json\/wp\/v2\/media\/4760"}],"wp:attachment":[{"href":"https:\/\/tammetorubbq.ee\/lt\/wp-json\/wp\/v2\/media?parent=1335"}],"wp:term":[{"taxonomy":"pwb-brand","embeddable":true,"href":"https:\/\/tammetorubbq.ee\/lt\/wp-json\/wp\/v2\/pwb-brand?post=1335"},{"taxonomy":"product_brand","embeddable":true,"href":"https:\/\/tammetorubbq.ee\/lt\/wp-json\/wp\/v2\/product_brand?post=1335"},{"taxonomy":"product_cat","embeddable":true,"href":"https:\/\/tammetorubbq.ee\/lt\/wp-json\/wp\/v2\/product_cat?post=1335"},{"taxonomy":"product_tag","embeddable":true,"href":"https:\/\/tammetorubbq.ee\/lt\/wp-json\/wp\/v2\/product_tag?post=1335"}],"curies":[{"name":"wp","href":"https:\/\/api.w.org\/{rel}","templated":true}]}}