{"id":1339,"date":"2024-02-21T20:52:05","date_gmt":"2024-02-21T18:52:05","guid":{"rendered":"https:\/\/tammetorubbq.ee\/?post_type=product&#038;p=1339"},"modified":"2026-04-26T13:22:06","modified_gmt":"2026-04-26T10:22:06","slug":"mesos-baznycios-evangelijos-itrinti-397g","status":"publish","type":"product","link":"https:\/\/tammetorubbq.ee\/lt\/produktas\/mesos-baznycios-evangelijos-itrinti-397g\/","title":{"rendered":"\"Meat Church Gospel Rub\" 397g"},"content":{"rendered":"<p><strong>Sudedamosios dalys:<\/strong> suhkur, sool, v\u00fcrtsid, sh paprika, dekstroos, veetustatud k\u00fc\u00fcslauk, seller, r\u00e4nidioksiid ja v\u00fcrtside ekstraktiivained.<\/p>\n<p>Be glitimo.<\/p>\n<p>Produkte n\u0117ra skonio stipriklio MSG (<em>mononatrio glutamatas<\/em>\u00a0arba natrio glutamato (E621).<\/p>","protected":false},"excerpt":{"rendered":"<h5>Kui sa saaksid valida ainult \u00fche BBQ-maitseaine, siis see oleks see.<\/h5>\n<p><strong data-start=\"108\" data-end=\"142\">The Gospel All-Purpose BBQ Rub<\/strong> on universaalne maitseaine, mis sobib absoluutselt igaks kokkamiseks \u2013 veiseliha, kana, sealiha, mereannid ja isegi k\u00f6\u00f6giviljad.<\/p>\n<h5 data-start=\"273\" data-end=\"457\"><strong>See Southwestern-stiilis BBQ rub annab toidule:<\/strong><\/h5>\n<ul>\n<li data-start=\"273\" data-end=\"457\">rikkaliku, suitsuse ja tasakaalus BBQ maitse<\/li>\n<li data-start=\"273\" data-end=\"457\">kerge v\u00fcrtsikuse ja soolasuse<\/li>\n<li data-start=\"273\" data-end=\"457\">\u00f5rna magususe, mis seob kogu maitse tervikuks<\/li>\n<\/ul>\n<p data-start=\"459\" data-end=\"685\">Lisaks maitsele on sellel \u00fcks suur pluss \u2013 <strong data-start=\"502\" data-end=\"536\">uskumatult ilus punakas v\u00e4rvus<\/strong>, mida BBQ maailmas kutsutakse tihti \u201cThe Best Color in BBQ\u201d. See loob lihale isu\u00e4ratava kooriku ja professionaalse v\u00e4limuse juba enne esimest ampsu.<\/p>\n<p><img loading=\"lazy\" decoding=\"async\" class=\"wp-image-1702\" src=\"http:\/\/tammetorubbq.ee\/wp-content\/uploads\/2024\/02\/Meat-Church-logo-scaled-300x300.webp\" alt=\"M\u0117sos ba\u017eny\u010dios logotipas\" width=\"195\" height=\"195\" srcset=\"https:\/\/tammetorubbq.ee\/wp-content\/uploads\/2024\/02\/Meat-Church-logo-scaled-300x300.webp 300w, https:\/\/tammetorubbq.ee\/wp-content\/uploads\/2024\/02\/Meat-Church-logo-scaled-1024x1024.webp 1024w, https:\/\/tammetorubbq.ee\/wp-content\/uploads\/2024\/02\/Meat-Church-logo-scaled-150x150.webp 150w, https:\/\/tammetorubbq.ee\/wp-content\/uploads\/2024\/02\/Meat-Church-logo-scaled-768x768.webp 768w, https:\/\/tammetorubbq.ee\/wp-content\/uploads\/2024\/02\/Meat-Church-logo-scaled-1536x1536.webp 1536w, https:\/\/tammetorubbq.ee\/wp-content\/uploads\/2024\/02\/Meat-Church-logo-scaled-2048x2048.webp 2048w, https:\/\/tammetorubbq.ee\/wp-content\/uploads\/2024\/02\/Meat-Church-logo-scaled-12x12.webp 12w, https:\/\/tammetorubbq.ee\/wp-content\/uploads\/2024\/02\/Meat-Church-logo-scaled-600x600.webp 600w, https:\/\/tammetorubbq.ee\/wp-content\/uploads\/2024\/02\/Meat-Church-logo-scaled-64x64.webp 64w\" sizes=\"auto, (max-width: 195px) 100vw, 195px\" \/><\/p>","protected":false},"featured_media":1323,"comment_status":"open","ping_status":"closed","template":"","meta":{"_uf_show_specific_survey":0,"_uf_disable_surveys":false},"pwb-brand":[96],"product_brand":[382],"product_cat":[21],"product_tag":[138,118,159,121,388,120,114,122,119,165],"class_list":{"0":"post-1339","1":"product","2":"type-product","3":"status-publish","4":"has-post-thumbnail","6":"pwb-brand-meat-church","7":"product_brand-meat-church","8":"product_cat-maitseainesegud","9":"product_tag-burger","10":"product_tag-kanaliha","11":"product_tag-kanatiivad","12":"product_tag-koogiviljad","13":"product_tag-meat-church","14":"product_tag-mereannid","15":"product_tag-sealiha","16":"product_tag-searibi","17":"product_tag-veiseliha","18":"product_tag-veiseribi","20":"first","21":"instock","22":"taxable","23":"shipping-taxable","24":"purchasable","25":"product-type-simple"},"brands":[{"id":96,"name":"M\u0117sos ba\u017eny\u010dia","slug":"meat-church"}],"_links":{"self":[{"href":"https:\/\/tammetorubbq.ee\/lt\/wp-json\/wp\/v2\/product\/1339","targetHints":{"allow":["GET"]}}],"collection":[{"href":"https:\/\/tammetorubbq.ee\/lt\/wp-json\/wp\/v2\/product"}],"about":[{"href":"https:\/\/tammetorubbq.ee\/lt\/wp-json\/wp\/v2\/types\/product"}],"replies":[{"embeddable":true,"href":"https:\/\/tammetorubbq.ee\/lt\/wp-json\/wp\/v2\/comments?post=1339"}],"wp:featuredmedia":[{"embeddable":true,"href":"https:\/\/tammetorubbq.ee\/lt\/wp-json\/wp\/v2\/media\/1323"}],"wp:attachment":[{"href":"https:\/\/tammetorubbq.ee\/lt\/wp-json\/wp\/v2\/media?parent=1339"}],"wp:term":[{"taxonomy":"pwb-brand","embeddable":true,"href":"https:\/\/tammetorubbq.ee\/lt\/wp-json\/wp\/v2\/pwb-brand?post=1339"},{"taxonomy":"product_brand","embeddable":true,"href":"https:\/\/tammetorubbq.ee\/lt\/wp-json\/wp\/v2\/product_brand?post=1339"},{"taxonomy":"product_cat","embeddable":true,"href":"https:\/\/tammetorubbq.ee\/lt\/wp-json\/wp\/v2\/product_cat?post=1339"},{"taxonomy":"product_tag","embeddable":true,"href":"https:\/\/tammetorubbq.ee\/lt\/wp-json\/wp\/v2\/product_tag?post=1339"}],"curies":[{"name":"wp","href":"https:\/\/api.w.org\/{rel}","templated":true}]}}