{"id":1341,"date":"2024-02-21T21:03:11","date_gmt":"2024-02-21T19:03:11","guid":{"rendered":"https:\/\/tammetorubbq.ee\/?post_type=product&#038;p=1341"},"modified":"2026-04-17T03:00:27","modified_gmt":"2026-04-17T00:00:27","slug":"meat-church-medaus-kiaulems-trinti-397g","status":"publish","type":"product","link":"https:\/\/tammetorubbq.ee\/lt\/produktas\/meat-church-medaus-kiaulems-trinti-397g\/","title":{"rendered":"\"Meat Church Honey Hog Rub\" 397g"},"content":{"rendered":"<p><strong>Sudedamosios dalys:<\/strong> cukrus, druska, medaus milteliai (rafinuotas sirupas, medus), prieskoniai, \u012fskaitant. pipirai, dekstroz\u0117, dehidratuoti \u010desnakai, salierai, iki 2% silicio dioksido (kad nesulipt\u0173) ir prieskoni\u0173 ekstraktai.<\/p>\n<p>Be glitimo.<\/p>\n<p>Produkte n\u0117ra skonio stipriklio MSG (<em>mononatrio glutamatas<\/em>\u00a0arba natrio glutamato (E621).<\/p>","protected":false},"excerpt":{"rendered":"<p>Saldus ir sodrus BBQ prieskoni\u0173 mi\u0161inys, kuriame dera medus ir prieskoniai.<\/p>\n<p>Puikiai tinka kiaulienai, vi\u0161tienai, \u0161onkauliukams ir dar\u017eov\u0117ms.<\/p>\n<p>Suteikia m\u0117sai gra\u017ei\u0105 karamelin\u0119 plutel\u0119 ir subalansuot\u0105 skon\u012f.<\/p>\n<p><img loading=\"lazy\" decoding=\"async\" class=\"wp-image-1702\" src=\"http:\/\/tammetorubbq.ee\/wp-content\/uploads\/2024\/02\/Meat-Church-logo-scaled-300x300.webp\" alt=\"M\u0117sos ba\u017eny\u010dios logotipas\" width=\"164\" height=\"164\" srcset=\"https:\/\/tammetorubbq.ee\/wp-content\/uploads\/2024\/02\/Meat-Church-logo-scaled-300x300.webp 300w, https:\/\/tammetorubbq.ee\/wp-content\/uploads\/2024\/02\/Meat-Church-logo-scaled-1024x1024.webp 1024w, https:\/\/tammetorubbq.ee\/wp-content\/uploads\/2024\/02\/Meat-Church-logo-scaled-150x150.webp 150w, https:\/\/tammetorubbq.ee\/wp-content\/uploads\/2024\/02\/Meat-Church-logo-scaled-768x768.webp 768w, https:\/\/tammetorubbq.ee\/wp-content\/uploads\/2024\/02\/Meat-Church-logo-scaled-1536x1536.webp 1536w, https:\/\/tammetorubbq.ee\/wp-content\/uploads\/2024\/02\/Meat-Church-logo-scaled-2048x2048.webp 2048w, https:\/\/tammetorubbq.ee\/wp-content\/uploads\/2024\/02\/Meat-Church-logo-scaled-12x12.webp 12w, https:\/\/tammetorubbq.ee\/wp-content\/uploads\/2024\/02\/Meat-Church-logo-scaled-600x600.webp 600w, https:\/\/tammetorubbq.ee\/wp-content\/uploads\/2024\/02\/Meat-Church-logo-scaled-64x64.webp 64w\" sizes=\"auto, (max-width: 164px) 100vw, 164px\" \/><\/p>","protected":false},"featured_media":1331,"comment_status":"open","ping_status":"closed","template":"","meta":{"_uf_show_specific_survey":0,"_uf_disable_surveys":false},"pwb-brand":[96],"product_brand":[],"product_cat":[21],"product_tag":[118,121,114,122],"class_list":{"0":"post-1341","1":"product","2":"type-product","3":"status-publish","4":"has-post-thumbnail","6":"pwb-brand-meat-church","7":"product_cat-maitseainesegud","8":"product_tag-kanaliha","9":"product_tag-koogiviljad","10":"product_tag-sealiha","11":"product_tag-searibi","13":"first","14":"outofstock","15":"taxable","16":"shipping-taxable","17":"purchasable","18":"product-type-simple"},"brands":[{"id":96,"name":"M\u0117sos ba\u017eny\u010dia","slug":"meat-church"}],"_links":{"self":[{"href":"https:\/\/tammetorubbq.ee\/lt\/wp-json\/wp\/v2\/product\/1341","targetHints":{"allow":["GET"]}}],"collection":[{"href":"https:\/\/tammetorubbq.ee\/lt\/wp-json\/wp\/v2\/product"}],"about":[{"href":"https:\/\/tammetorubbq.ee\/lt\/wp-json\/wp\/v2\/types\/product"}],"replies":[{"embeddable":true,"href":"https:\/\/tammetorubbq.ee\/lt\/wp-json\/wp\/v2\/comments?post=1341"}],"wp:featuredmedia":[{"embeddable":true,"href":"https:\/\/tammetorubbq.ee\/lt\/wp-json\/wp\/v2\/media\/1331"}],"wp:attachment":[{"href":"https:\/\/tammetorubbq.ee\/lt\/wp-json\/wp\/v2\/media?parent=1341"}],"wp:term":[{"taxonomy":"pwb-brand","embeddable":true,"href":"https:\/\/tammetorubbq.ee\/lt\/wp-json\/wp\/v2\/pwb-brand?post=1341"},{"taxonomy":"product_brand","embeddable":true,"href":"https:\/\/tammetorubbq.ee\/lt\/wp-json\/wp\/v2\/product_brand?post=1341"},{"taxonomy":"product_cat","embeddable":true,"href":"https:\/\/tammetorubbq.ee\/lt\/wp-json\/wp\/v2\/product_cat?post=1341"},{"taxonomy":"product_tag","embeddable":true,"href":"https:\/\/tammetorubbq.ee\/lt\/wp-json\/wp\/v2\/product_tag?post=1341"}],"curies":[{"name":"wp","href":"https:\/\/api.w.org\/{rel}","templated":true}]}}