{"id":1342,"date":"2024-02-21T21:17:00","date_gmt":"2024-02-21T19:17:00","guid":{"rendered":"https:\/\/tammetorubbq.ee\/?post_type=product&#038;p=1342"},"modified":"2026-04-15T00:00:05","modified_gmt":"2026-04-14T21:00:05","slug":"meat-church-honey-hog-hot-rub-397g","status":"publish","type":"product","link":"https:\/\/tammetorubbq.ee\/lt\/produktas\/meat-church-honey-hog-hot-rub-397g\/","title":{"rendered":"Meat Church Honey Hog HOT Rub 397g"},"content":{"rendered":"<p><strong>Sudedamosios dalys:<\/strong> suhkur, sool, meepulber (rafineeritud siirup, mesi), v\u00fcrtsid, sh. paprika, dekstroos, veetustatud jalapeno, veetustatud k\u00fc\u00fcslauk, seller, kuni 2% r\u00e4nidioksiid (et v\u00e4ltida paakumist) ja v\u00fcrtside ekstraktiivained.<\/p>\n<p>Be glitimo.<\/p>\n<p>Produkte n\u0117ra skonio stipriklio MSG (<em>mononatrio glutamatas<\/em>\u00a0arba natrio glutamato (E621).<\/p>","protected":false},"excerpt":{"rendered":"<p>\"Meat Church Honey Hog HOT\" prieskoni\u0173 mi\u0161inys - tai populiariojo \"Meat Church\" prieskoni\u0173 mi\u0161inio \"Honey Hog\" t\u0119sinys, papildytas jalape\u00f1o prieskoniais. \u0160is sald\u017eiai a\u0161trus \u012ftrintas \u012fdaras puikiai tinka kiaulienos \u0161onkauliukams, kiaulienai, pauk\u0161tienai ir \u017euviai.<\/p>\n<p>Sujung\u0119 j\u012f su \"Honey Hog BBQ\", gausite \"mirtin\u0105\" \u0161onkauliuk\u0173 derin\u012f, kuris nuveiks darbus BBQ var\u017eybose visame pasaulyje.<\/p>\n<p>\"Honey Hog HOT\" taip pat fantasti\u0161kai tinka vi\u0161tienos sparneliuose.<\/p>\n<p><img loading=\"lazy\" decoding=\"async\" class=\"wp-image-1702\" src=\"https:\/\/tammetorubbq.ee\/wp-content\/uploads\/2024\/02\/Meat-Church-logo-scaled-300x300.webp\" alt=\"M\u0117sos ba\u017eny\u010dios logotipas\" width=\"178\" height=\"178\" srcset=\"https:\/\/tammetorubbq.ee\/wp-content\/uploads\/2024\/02\/Meat-Church-logo-scaled-300x300.webp 300w, https:\/\/tammetorubbq.ee\/wp-content\/uploads\/2024\/02\/Meat-Church-logo-scaled-1024x1024.webp 1024w, https:\/\/tammetorubbq.ee\/wp-content\/uploads\/2024\/02\/Meat-Church-logo-scaled-150x150.webp 150w, https:\/\/tammetorubbq.ee\/wp-content\/uploads\/2024\/02\/Meat-Church-logo-scaled-768x768.webp 768w, https:\/\/tammetorubbq.ee\/wp-content\/uploads\/2024\/02\/Meat-Church-logo-scaled-1536x1536.webp 1536w, https:\/\/tammetorubbq.ee\/wp-content\/uploads\/2024\/02\/Meat-Church-logo-scaled-2048x2048.webp 2048w, https:\/\/tammetorubbq.ee\/wp-content\/uploads\/2024\/02\/Meat-Church-logo-scaled-12x12.webp 12w, https:\/\/tammetorubbq.ee\/wp-content\/uploads\/2024\/02\/Meat-Church-logo-scaled-600x600.webp 600w, https:\/\/tammetorubbq.ee\/wp-content\/uploads\/2024\/02\/Meat-Church-logo-scaled-64x64.webp 64w\" sizes=\"auto, (max-width: 178px) 100vw, 178px\" \/><\/p>","protected":false},"featured_media":1329,"comment_status":"open","ping_status":"closed","template":"","meta":{"_uf_show_specific_survey":0,"_uf_disable_surveys":false},"pwb-brand":[96],"product_brand":[],"product_cat":[21],"product_tag":[159,166,114],"class_list":{"0":"post-1342","1":"product","2":"type-product","3":"status-publish","4":"has-post-thumbnail","6":"pwb-brand-meat-church","7":"product_cat-maitseainesegud","8":"product_tag-kanatiivad","9":"product_tag-rebitudliha","10":"product_tag-sealiha","12":"first","13":"instock","14":"taxable","15":"shipping-taxable","16":"purchasable","17":"product-type-simple"},"brands":[{"id":96,"name":"M\u0117sos ba\u017eny\u010dia","slug":"meat-church"}],"_links":{"self":[{"href":"https:\/\/tammetorubbq.ee\/lt\/wp-json\/wp\/v2\/product\/1342","targetHints":{"allow":["GET"]}}],"collection":[{"href":"https:\/\/tammetorubbq.ee\/lt\/wp-json\/wp\/v2\/product"}],"about":[{"href":"https:\/\/tammetorubbq.ee\/lt\/wp-json\/wp\/v2\/types\/product"}],"replies":[{"embeddable":true,"href":"https:\/\/tammetorubbq.ee\/lt\/wp-json\/wp\/v2\/comments?post=1342"}],"wp:featuredmedia":[{"embeddable":true,"href":"https:\/\/tammetorubbq.ee\/lt\/wp-json\/wp\/v2\/media\/1329"}],"wp:attachment":[{"href":"https:\/\/tammetorubbq.ee\/lt\/wp-json\/wp\/v2\/media?parent=1342"}],"wp:term":[{"taxonomy":"pwb-brand","embeddable":true,"href":"https:\/\/tammetorubbq.ee\/lt\/wp-json\/wp\/v2\/pwb-brand?post=1342"},{"taxonomy":"product_brand","embeddable":true,"href":"https:\/\/tammetorubbq.ee\/lt\/wp-json\/wp\/v2\/product_brand?post=1342"},{"taxonomy":"product_cat","embeddable":true,"href":"https:\/\/tammetorubbq.ee\/lt\/wp-json\/wp\/v2\/product_cat?post=1342"},{"taxonomy":"product_tag","embeddable":true,"href":"https:\/\/tammetorubbq.ee\/lt\/wp-json\/wp\/v2\/product_tag?post=1342"}],"curies":[{"name":"wp","href":"https:\/\/api.w.org\/{rel}","templated":true}]}}