{"id":1343,"date":"2024-02-21T21:40:06","date_gmt":"2024-02-21T19:40:06","guid":{"rendered":"https:\/\/tammetorubbq.ee\/?post_type=product&#038;p=1343"},"modified":"2026-04-14T22:01:08","modified_gmt":"2026-04-14T19:01:08","slug":"meat-church-deez-nuts-medaus-pekano-riesutu-itrinti-397g","status":"publish","type":"product","link":"https:\/\/tammetorubbq.ee\/lt\/produktas\/meat-church-deez-nuts-medaus-pekano-riesutu-itrinti-397g\/","title":{"rendered":"\"Meat Church Deez Nuts\" (medaus pekano rie\u0161ut\u0173) \u012ftrinti 397g"},"content":{"rendered":"<p>Sud\u0117tis: cukrus, druska, medaus milteliai (rafinuotas sirupas, medus), prieskoniai, \u012fskaitant cukr\u0173, drusk\u0105. pipirai, dekstroz\u0117, dehidratuoti \u010desnakai, salierai (ne daugiau kaip 2%), silicio dioksidas nuo sukepimo, prieskoni\u0173 ekstraktai ir nat\u016bralus pekano rie\u0161ut\u0173 aromatas.<\/p>\n<p>Be glitimo.<\/p>\n<p>Produkte n\u0117ra skonio stipriklio MSG (<em>mononatrio glutamatas<\/em>\u00a0arba natrio glutamato (E621).<\/p>","protected":false},"excerpt":{"rendered":"<p>M\u0117sos Ba\u017eny\u010dia \u012fsiklaus\u0117 \u012f vartotoj\u0173 poreikius ir \u012f juos reagavo. \"Deez Nuts\" (Honey Pecan) prieskoni\u0173 mi\u0161in\u012f \u012fkv\u0117p\u0117 \"Meat Church\" populiarus \"Honey Hog BBQ\" \u012ftrintas medaus kepsnys.<\/p>\n<p>Produktas buvo kuriamas kartu su keliais geriausiais vir\u0117jais, kurie eksperimentavo su \u012fvairiais pekano rie\u0161ut\u0173 skoniais.<\/p>\n<p>\"Meat Church Deez Nuts\" (Honey Pecan) saldus \u012ftrinimas puikiai tinka kiaulienai, pauk\u0161tienai ir \u017euviai!<\/p>\n<p><img loading=\"lazy\" decoding=\"async\" class=\"wp-image-1702\" src=\"http:\/\/tammetorubbq.ee\/wp-content\/uploads\/2024\/02\/Meat-Church-logo-300x300.webp\" alt=\"M\u0117sos ba\u017eny\u010dios logotipas\" width=\"167\" height=\"167\" \/><\/p>","protected":false},"featured_media":1321,"comment_status":"open","ping_status":"closed","template":"","meta":{"_uf_show_specific_survey":0,"_uf_disable_surveys":false},"pwb-brand":[],"product_brand":[],"product_cat":[21],"product_tag":[],"class_list":{"0":"post-1343","1":"product","2":"type-product","3":"status-publish","4":"has-post-thumbnail","6":"product_cat-maitseainesegud","8":"first","9":"outofstock","10":"taxable","11":"shipping-taxable","12":"purchasable","13":"product-type-simple"},"brands":[],"_links":{"self":[{"href":"https:\/\/tammetorubbq.ee\/lt\/wp-json\/wp\/v2\/product\/1343","targetHints":{"allow":["GET"]}}],"collection":[{"href":"https:\/\/tammetorubbq.ee\/lt\/wp-json\/wp\/v2\/product"}],"about":[{"href":"https:\/\/tammetorubbq.ee\/lt\/wp-json\/wp\/v2\/types\/product"}],"replies":[{"embeddable":true,"href":"https:\/\/tammetorubbq.ee\/lt\/wp-json\/wp\/v2\/comments?post=1343"}],"wp:featuredmedia":[{"embeddable":true,"href":"https:\/\/tammetorubbq.ee\/lt\/wp-json\/wp\/v2\/media\/1321"}],"wp:attachment":[{"href":"https:\/\/tammetorubbq.ee\/lt\/wp-json\/wp\/v2\/media?parent=1343"}],"wp:term":[{"taxonomy":"pwb-brand","embeddable":true,"href":"https:\/\/tammetorubbq.ee\/lt\/wp-json\/wp\/v2\/pwb-brand?post=1343"},{"taxonomy":"product_brand","embeddable":true,"href":"https:\/\/tammetorubbq.ee\/lt\/wp-json\/wp\/v2\/product_brand?post=1343"},{"taxonomy":"product_cat","embeddable":true,"href":"https:\/\/tammetorubbq.ee\/lt\/wp-json\/wp\/v2\/product_cat?post=1343"},{"taxonomy":"product_tag","embeddable":true,"href":"https:\/\/tammetorubbq.ee\/lt\/wp-json\/wp\/v2\/product_tag?post=1343"}],"curies":[{"name":"wp","href":"https:\/\/api.w.org\/{rel}","templated":true}]}}