{"id":1346,"date":"2024-02-21T22:13:10","date_gmt":"2024-02-21T20:13:10","guid":{"rendered":"https:\/\/tammetorubbq.ee\/?post_type=product&#038;p=1346"},"modified":"2026-04-15T00:00:12","modified_gmt":"2026-04-14T21:00:12","slug":"heath-riles-obuoliu-itrinimas-283g","status":"publish","type":"product","link":"https:\/\/tammetorubbq.ee\/lt\/produktas\/heath-riles-obuoliu-itrinimas-283g\/","title":{"rendered":"Heath Riles Apple Rub 283g"},"content":{"rendered":"<p>Sudedamosios dalys: cukrus, rudasis cukrus, paprika, druska, prieskoniai, natrio glutamatas, \u010desnak\u0173 milteliai, svog\u016bn\u0173 milteliai, nat\u016brali obuoli\u0173 kvapioji med\u017eiaga (maltodekstrinas, akacij\u0173 derva), obuoli\u0173 r\u016bg\u0161tis, anatas, nat\u016brali kvapioji med\u017eiaga, nat\u016brali d\u016bm\u0173 kvapioji med\u017eiaga ir ma\u017eiau nei 2% trikalcio fosfato (kad nesulipt\u0173).<\/p>","protected":false},"excerpt":{"rendered":"<p>Heathas Rilesas - \u017emogus, laim\u0117j\u0119s daugyb\u0119 titul\u0173 pasaulio \u010dempionato \u017eeberkl\u0173 kategorijoje.<\/p>\n<p>\"Apple Rub\" yra geriausiai parduodamas \"Heath Riles\" prieskoni\u0173 mi\u0161inys, kuriame dera vaisi\u0173 saldumas ir a\u0161trumas.<\/p>\n<p>\"Heath Riles Apple Rub\" puikiai tinka kiaulienai, \u0161onkauliukams, vi\u0161tienai ar \u017euviai.<\/p>\n<p>\u0160\u012f gamin\u012f tur\u0117t\u0173 rinktis kiekvienas rimtas BBQ entuziastas.<\/p>\n<p><img loading=\"lazy\" decoding=\"async\" class=\"wp-image-1567\" src=\"http:\/\/tammetorubbq.ee\/wp-content\/uploads\/2024\/03\/Heath_Riles_logo-300x300.webp\" alt=\"Heath_Riles_logotipas\" width=\"150\" height=\"150\" srcset=\"https:\/\/tammetorubbq.ee\/wp-content\/uploads\/2024\/03\/Heath_Riles_logo-300x300.webp 300w, https:\/\/tammetorubbq.ee\/wp-content\/uploads\/2024\/03\/Heath_Riles_logo-150x150.webp 150w, https:\/\/tammetorubbq.ee\/wp-content\/uploads\/2024\/03\/Heath_Riles_logo-12x12.webp 12w, https:\/\/tammetorubbq.ee\/wp-content\/uploads\/2024\/03\/Heath_Riles_logo-64x64.webp 64w, https:\/\/tammetorubbq.ee\/wp-content\/uploads\/2024\/03\/Heath_Riles_logo.webp 480w\" sizes=\"auto, (max-width: 150px) 100vw, 150px\" \/><\/p>","protected":false},"featured_media":1303,"comment_status":"open","ping_status":"closed","template":"","meta":{"_uf_show_specific_survey":0,"_uf_disable_surveys":false},"pwb-brand":[],"product_brand":[],"product_cat":[21],"product_tag":[347],"class_list":{"0":"post-1346","1":"product","2":"type-product","3":"status-publish","4":"has-post-thumbnail","6":"product_cat-maitseainesegud","7":"product_tag-heath-riles","9":"first","10":"instock","11":"taxable","12":"shipping-taxable","13":"purchasable","14":"product-type-simple"},"brands":[],"_links":{"self":[{"href":"https:\/\/tammetorubbq.ee\/lt\/wp-json\/wp\/v2\/product\/1346","targetHints":{"allow":["GET"]}}],"collection":[{"href":"https:\/\/tammetorubbq.ee\/lt\/wp-json\/wp\/v2\/product"}],"about":[{"href":"https:\/\/tammetorubbq.ee\/lt\/wp-json\/wp\/v2\/types\/product"}],"replies":[{"embeddable":true,"href":"https:\/\/tammetorubbq.ee\/lt\/wp-json\/wp\/v2\/comments?post=1346"}],"wp:featuredmedia":[{"embeddable":true,"href":"https:\/\/tammetorubbq.ee\/lt\/wp-json\/wp\/v2\/media\/1303"}],"wp:attachment":[{"href":"https:\/\/tammetorubbq.ee\/lt\/wp-json\/wp\/v2\/media?parent=1346"}],"wp:term":[{"taxonomy":"pwb-brand","embeddable":true,"href":"https:\/\/tammetorubbq.ee\/lt\/wp-json\/wp\/v2\/pwb-brand?post=1346"},{"taxonomy":"product_brand","embeddable":true,"href":"https:\/\/tammetorubbq.ee\/lt\/wp-json\/wp\/v2\/product_brand?post=1346"},{"taxonomy":"product_cat","embeddable":true,"href":"https:\/\/tammetorubbq.ee\/lt\/wp-json\/wp\/v2\/product_cat?post=1346"},{"taxonomy":"product_tag","embeddable":true,"href":"https:\/\/tammetorubbq.ee\/lt\/wp-json\/wp\/v2\/product_tag?post=1346"}],"curies":[{"name":"wp","href":"https:\/\/api.w.org\/{rel}","templated":true}]}}