{"id":1356,"date":"2024-02-21T22:49:49","date_gmt":"2024-02-21T20:49:49","guid":{"rendered":"https:\/\/tammetorubbq.ee\/?post_type=product&#038;p=1356"},"modified":"2026-04-29T19:00:01","modified_gmt":"2026-04-29T16:00:01","slug":"killer-hogs-bbq-itrinti-397g","status":"publish","type":"product","link":"https:\/\/tammetorubbq.ee\/lt\/toode\/killer-hogs-the-bbq-rub-397g\/","title":{"rendered":"Killer Hogs THE BBQ Rub 397g"},"content":{"rendered":"<p>Sudedamosios dalys: rudasis cukrus, cukrus, paprika, druska, prieskoniai (raudonieji ir juodieji pipirai), dehidratuoti \u010desnakai, va\u0161ko pipir\u0173 aliejus, d\u017eiovintos apelsin\u0173 \u017eievel\u0117s, nat\u016brali kvapioji med\u017eiaga ir ma\u017eiau nei 2% trikalcio fosfato (dedama, kad nesulipt\u0173).<\/p>\n<p>\"Killer Hogs\" produktuose n\u0117ra glitimo.<\/p>","protected":false},"excerpt":{"rendered":"<p>Nelaim\u0117site BBQ \u010dempionato, jei nieko nei\u0161manote apie m\u0117sos pagardinim\u0105!<\/p>\n<p>Malcolmas Reedas kartu su savo BBQ komanda \"Killer Hogs\" suk\u016br\u0117 tik jums skirt\u0105 skoni\u0173 mi\u0161in\u012f \"THE BBQ RUB\", kuriame yra viskas - skonis, pusiausvyra, saldumas ir galiausiai malonus \"sm\u016bgis\", kuris \u0161velniai perteikia anks\u010diau patirtus gerus skonius ir padaro juos dar kompakti\u0161kesnius.<\/p>\n<p><span style=\"color: #0000ff;\"><strong>Tikras BBQ prieskonis, pasi\u017eymintis visomis trimis savyb\u0117mis: s\u016brumu, saldumu ir a\u0161trumu.<\/strong><\/span><\/p>\n<p>Tinka bet kokiai kiaulienai.<\/p>\n<p><img loading=\"lazy\" decoding=\"async\" class=\"wp-image-2335\" src=\"http:\/\/tammetorubbq.ee\/wp-content\/uploads\/2024\/12\/Killer-Hogs-logo-300x300.webp\" alt=\"Kiaul\u0117s \u017eudik\u0117s logotipas\" width=\"126\" height=\"126\" srcset=\"https:\/\/tammetorubbq.ee\/wp-content\/uploads\/2024\/12\/Killer-Hogs-logo-300x300.webp 300w, https:\/\/tammetorubbq.ee\/wp-content\/uploads\/2024\/12\/Killer-Hogs-logo-150x150.webp 150w, https:\/\/tammetorubbq.ee\/wp-content\/uploads\/2024\/12\/Killer-Hogs-logo-768x768.webp 768w, https:\/\/tammetorubbq.ee\/wp-content\/uploads\/2024\/12\/Killer-Hogs-logo-12x12.webp 12w, https:\/\/tammetorubbq.ee\/wp-content\/uploads\/2024\/12\/Killer-Hogs-logo-600x600.webp 600w, https:\/\/tammetorubbq.ee\/wp-content\/uploads\/2024\/12\/Killer-Hogs-logo-64x64.webp 64w, https:\/\/tammetorubbq.ee\/wp-content\/uploads\/2024\/12\/Killer-Hogs-logo.webp 800w\" sizes=\"auto, (max-width: 126px) 100vw, 126px\" \/><\/p>","protected":false},"featured_media":2343,"comment_status":"open","ping_status":"closed","template":"","meta":{"_uf_show_specific_survey":0,"_uf_disable_surveys":false},"pwb-brand":[103],"product_brand":[],"product_cat":[21],"product_tag":[],"class_list":{"0":"post-1356","1":"product","2":"type-product","3":"status-publish","4":"has-post-thumbnail","6":"pwb-brand-killer-hogs-bbq","7":"product_cat-maitseainesegud","9":"first","10":"outofstock","11":"taxable","12":"shipping-taxable","13":"purchasable","14":"product-type-simple"},"brands":[{"id":103,"name":"Killer Hogs BBQ","slug":"killer-hogs-bbq"}],"_links":{"self":[{"href":"https:\/\/tammetorubbq.ee\/lt\/wp-json\/wp\/v2\/product\/1356","targetHints":{"allow":["GET"]}}],"collection":[{"href":"https:\/\/tammetorubbq.ee\/lt\/wp-json\/wp\/v2\/product"}],"about":[{"href":"https:\/\/tammetorubbq.ee\/lt\/wp-json\/wp\/v2\/types\/product"}],"replies":[{"embeddable":true,"href":"https:\/\/tammetorubbq.ee\/lt\/wp-json\/wp\/v2\/comments?post=1356"}],"wp:featuredmedia":[{"embeddable":true,"href":"https:\/\/tammetorubbq.ee\/lt\/wp-json\/wp\/v2\/media\/2343"}],"wp:attachment":[{"href":"https:\/\/tammetorubbq.ee\/lt\/wp-json\/wp\/v2\/media?parent=1356"}],"wp:term":[{"taxonomy":"pwb-brand","embeddable":true,"href":"https:\/\/tammetorubbq.ee\/lt\/wp-json\/wp\/v2\/pwb-brand?post=1356"},{"taxonomy":"product_brand","embeddable":true,"href":"https:\/\/tammetorubbq.ee\/lt\/wp-json\/wp\/v2\/product_brand?post=1356"},{"taxonomy":"product_cat","embeddable":true,"href":"https:\/\/tammetorubbq.ee\/lt\/wp-json\/wp\/v2\/product_cat?post=1356"},{"taxonomy":"product_tag","embeddable":true,"href":"https:\/\/tammetorubbq.ee\/lt\/wp-json\/wp\/v2\/product_tag?post=1356"}],"curies":[{"name":"wp","href":"https:\/\/api.w.org\/{rel}","templated":true}]}}