{"id":1357,"date":"2024-02-21T23:02:27","date_gmt":"2024-02-21T21:02:27","guid":{"rendered":"https:\/\/tammetorubbq.ee\/?post_type=product&#038;p=1357"},"modified":"2026-04-29T21:00:30","modified_gmt":"2026-04-29T18:00:30","slug":"killer-hogs-bbq-pasta-454g","status":"publish","type":"product","link":"https:\/\/tammetorubbq.ee\/lt\/toode\/killer-hogs-the-bbq-kaste-454g\/","title":{"rendered":"Killer Hogs THE BBQ pada\u017eas 454g"},"content":{"rendered":"<p>Sudedamosios dalys: (melasa, kukur\u016bz\u0173 sirupas, karamelin\u0117 spalva, \u010desnak\u0173 milteliai, an\u010diuviai, tamarindas, nat\u016brali kvapioji med\u017eiaga), pomidor\u0173 pasta, auk\u0161tos fruktoz\u0117s kukur\u016bz\u0173 sirupas, cukrus, distiliuotas actas, druska, modifikuotas kukur\u016bz\u0173 krakmolas, paprika, prieskoniai (raudonieji ir juodieji pipirai), \u010desnak\u0173 milteliai, ksantano derva, natrio benzoatas, kalio sorbatas, vanil\u0117s ekstraktas (vanil\u0117s pupeli\u0173 ekstraktai, etilo alkoholis), ksantano derva, svog\u016bn\u0173 milteliai ir nat\u016brali kvapioji med\u017eiaga (dekstroz\u0117).<\/p>\n<p>SUD\u0116TYJE YRA: AN\u010cIUVI\u0172 (\u017dUVIS)<\/p>\n<p>\"Killer Hogs\" produktuose n\u0117ra glitimo.<\/p>","protected":false},"excerpt":{"rendered":"<p>BBQ pada\u017eus suk\u016br\u0117 Malcolmas Reedas ir jo BBQ komanda \"Killer Hogs\" var\u017eybose, kuriose jie pasis\u0117m\u0117 nauj\u0173 \u017eini\u0173 ir id\u0117j\u0173, o dabar jie i\u0161pilstyti \u012f butelius.<\/p>\n<p>Reikia puikaus pada\u017eo kepsniams? \u0160tai jis - pada\u017eas, kuris visada veikia.<\/p>\n<p>&nbsp;<\/p>\n<p><img loading=\"lazy\" decoding=\"async\" class=\"wp-image-2335\" src=\"http:\/\/tammetorubbq.ee\/wp-content\/uploads\/2024\/12\/Killer-Hogs-logo-300x300.webp\" alt=\"Kiaul\u0117s \u017eudik\u0117s logotipas\" width=\"137\" height=\"137\" srcset=\"https:\/\/tammetorubbq.ee\/wp-content\/uploads\/2024\/12\/Killer-Hogs-logo-300x300.webp 300w, https:\/\/tammetorubbq.ee\/wp-content\/uploads\/2024\/12\/Killer-Hogs-logo-150x150.webp 150w, https:\/\/tammetorubbq.ee\/wp-content\/uploads\/2024\/12\/Killer-Hogs-logo-768x768.webp 768w, https:\/\/tammetorubbq.ee\/wp-content\/uploads\/2024\/12\/Killer-Hogs-logo-12x12.webp 12w, https:\/\/tammetorubbq.ee\/wp-content\/uploads\/2024\/12\/Killer-Hogs-logo-600x600.webp 600w, https:\/\/tammetorubbq.ee\/wp-content\/uploads\/2024\/12\/Killer-Hogs-logo-64x64.webp 64w, https:\/\/tammetorubbq.ee\/wp-content\/uploads\/2024\/12\/Killer-Hogs-logo.webp 800w\" sizes=\"auto, (max-width: 137px) 100vw, 137px\" \/><\/p>","protected":false},"featured_media":2350,"comment_status":"open","ping_status":"closed","template":"","meta":{"_uf_show_specific_survey":0,"_uf_disable_surveys":false},"pwb-brand":[103],"product_brand":[],"product_cat":[22],"product_tag":[],"class_list":{"0":"post-1357","1":"product","2":"type-product","3":"status-publish","4":"has-post-thumbnail","6":"pwb-brand-killer-hogs-bbq","7":"product_cat-kastmed-ja-marinaadid","9":"first","10":"outofstock","11":"taxable","12":"shipping-taxable","13":"purchasable","14":"product-type-simple"},"brands":[{"id":103,"name":"Killer Hogs BBQ","slug":"killer-hogs-bbq"}],"_links":{"self":[{"href":"https:\/\/tammetorubbq.ee\/lt\/wp-json\/wp\/v2\/product\/1357","targetHints":{"allow":["GET"]}}],"collection":[{"href":"https:\/\/tammetorubbq.ee\/lt\/wp-json\/wp\/v2\/product"}],"about":[{"href":"https:\/\/tammetorubbq.ee\/lt\/wp-json\/wp\/v2\/types\/product"}],"replies":[{"embeddable":true,"href":"https:\/\/tammetorubbq.ee\/lt\/wp-json\/wp\/v2\/comments?post=1357"}],"wp:featuredmedia":[{"embeddable":true,"href":"https:\/\/tammetorubbq.ee\/lt\/wp-json\/wp\/v2\/media\/2350"}],"wp:attachment":[{"href":"https:\/\/tammetorubbq.ee\/lt\/wp-json\/wp\/v2\/media?parent=1357"}],"wp:term":[{"taxonomy":"pwb-brand","embeddable":true,"href":"https:\/\/tammetorubbq.ee\/lt\/wp-json\/wp\/v2\/pwb-brand?post=1357"},{"taxonomy":"product_brand","embeddable":true,"href":"https:\/\/tammetorubbq.ee\/lt\/wp-json\/wp\/v2\/product_brand?post=1357"},{"taxonomy":"product_cat","embeddable":true,"href":"https:\/\/tammetorubbq.ee\/lt\/wp-json\/wp\/v2\/product_cat?post=1357"},{"taxonomy":"product_tag","embeddable":true,"href":"https:\/\/tammetorubbq.ee\/lt\/wp-json\/wp\/v2\/product_tag?post=1357"}],"curies":[{"name":"wp","href":"https:\/\/api.w.org\/{rel}","templated":true}]}}