{"id":1365,"date":"2024-02-23T16:54:02","date_gmt":"2024-02-23T14:54:02","guid":{"rendered":"https:\/\/tammetorubbq.ee\/?post_type=product&#038;p=1365"},"modified":"2026-04-29T13:00:13","modified_gmt":"2026-04-29T10:00:13","slug":"proq-excel-tuneline-rukykla-50-cm-versija-4-0","status":"publish","type":"product","link":"https:\/\/tammetorubbq.ee\/lt\/toode\/proq-excel-tunn-suitsuahi-50-cm-versioon-4-0\/","title":{"rendered":"\"ProQ Excel\" statin\u0117s r\u016bkykl\u0117s (50 cm) versija 4.0"},"content":{"rendered":"<p>&nbsp;<\/p>\n<ul>\n<li>Naudodami \u0161i\u0105 itin universali\u0105 BBQ r\u016bkykl\u0105 statin\u0117je galite kepti ant groteli\u0173, skrudinti arba r\u016bkyti maist\u0105.<\/li>\n<li>Tai ideali BBQ krosnel\u0117 pradedantiesiems arba tiems, kurie ie\u0161ko patikimos kasdien\u0117s kepsnin\u0117s \/ BBQ krosnel\u0117s.<\/li>\n<li>Dangtyje \u012fmontuotas temperat\u016bros matuoklis ir kelios ventiliacijos angos leid\u017eia lengvai kontroliuoti temperat\u016br\u0105.<\/li>\n<li>Puikus dydis \u0161eimoms ir kepsnin\u0117ms! Ji taip pat puikiai tinka kaip ne\u0161iojamoji kepsnin\u0117 papl\u016bdimyje, nes \u0161ios virykl\u0117s lentynos yra kilnojamosios - j\u0105 galite pasidaryti b\u016btent tokio dyd\u017eio, kokio norite.<\/li>\n<li>Galima \u012fsigyti \u012fvairi\u0173 pried\u0173, kad kepsnin\u0117 b\u016bt\u0173 dar universalesn\u0117.<\/li>\n<li>Pagamintas i\u0161 auk\u0161\u010diausios kokyb\u0117s med\u017eiag\u0173: plieninis korpusas padengtas patvariu porcelianu.<\/li>\n<li>Produktas tarnauja daugel\u012f met\u0173, jam taip pat suteikiama ribota 10 met\u0173 garantija.<\/li>\n<li>Visi tvirtinimo elementai - \u0161onin\u0117s rankenos, spaustuvai, ver\u017el\u0117s ir var\u017etai - pagaminti i\u0161 ner\u016bdijan\u010dio plieno, \u012fskaitant groteli\u0173 groteles.<\/li>\n<li>U\u017e papildomus pinigus galite \u012fsigyti papildom\u0173 auk\u0161t\u0173 (\u017er.\u00a0<em>Krautuvas<\/em>), \u012f kuriuos taip pat \u012feina kepsni\u0173 liku\u010diai.<\/li>\n<\/ul>","protected":false},"excerpt":{"rendered":"<p>\"Excel\" statin\u0117s r\u016bkykla yra did\u017eiausia \"ProQ\" kepsnin\u0117s r\u016bkykla, kurioje vienu metu galima kepti iki 30 kg.<\/p>\n<p>\"Excel\", kuri\u0105 pam\u0117go profesional\u016bs virtuv\u0117s \u0161efai ir geriausios grilio var\u017eyb\u0173 komandos visame pasaulyje, u\u017esitarnavo patikimumo, kokyb\u0117s ir skani\u0173 kulinarini\u0173 rezultat\u0173 reputacij\u0105.<\/p>\n<p>&nbsp;<\/p>","protected":false},"featured_media":1369,"comment_status":"open","ping_status":"closed","template":"","meta":{"_uf_show_specific_survey":0,"_uf_disable_surveys":false},"pwb-brand":[75],"product_brand":[],"product_cat":[57,53],"product_tag":[146,76],"class_list":{"0":"post-1365","1":"product","2":"type-product","3":"status-publish","4":"has-post-thumbnail","6":"pwb-brand-proq","7":"product_cat-bbq-suitsuahjud","8":"product_cat-grillid","9":"product_tag-proq","10":"product_tag-suitsuahi","12":"first","13":"instock","14":"taxable","15":"shipping-taxable","16":"purchasable","17":"product-type-simple"},"brands":[{"id":75,"name":"ProQ","slug":"proq"}],"_links":{"self":[{"href":"https:\/\/tammetorubbq.ee\/lt\/wp-json\/wp\/v2\/product\/1365","targetHints":{"allow":["GET"]}}],"collection":[{"href":"https:\/\/tammetorubbq.ee\/lt\/wp-json\/wp\/v2\/product"}],"about":[{"href":"https:\/\/tammetorubbq.ee\/lt\/wp-json\/wp\/v2\/types\/product"}],"replies":[{"embeddable":true,"href":"https:\/\/tammetorubbq.ee\/lt\/wp-json\/wp\/v2\/comments?post=1365"}],"wp:featuredmedia":[{"embeddable":true,"href":"https:\/\/tammetorubbq.ee\/lt\/wp-json\/wp\/v2\/media\/1369"}],"wp:attachment":[{"href":"https:\/\/tammetorubbq.ee\/lt\/wp-json\/wp\/v2\/media?parent=1365"}],"wp:term":[{"taxonomy":"pwb-brand","embeddable":true,"href":"https:\/\/tammetorubbq.ee\/lt\/wp-json\/wp\/v2\/pwb-brand?post=1365"},{"taxonomy":"product_brand","embeddable":true,"href":"https:\/\/tammetorubbq.ee\/lt\/wp-json\/wp\/v2\/product_brand?post=1365"},{"taxonomy":"product_cat","embeddable":true,"href":"https:\/\/tammetorubbq.ee\/lt\/wp-json\/wp\/v2\/product_cat?post=1365"},{"taxonomy":"product_tag","embeddable":true,"href":"https:\/\/tammetorubbq.ee\/lt\/wp-json\/wp\/v2\/product_tag?post=1365"}],"curies":[{"name":"wp","href":"https:\/\/api.w.org\/{rel}","templated":true}]}}