{"id":1384,"date":"2024-03-04T12:26:35","date_gmt":"2024-03-04T10:26:35","guid":{"rendered":"https:\/\/tammetorubbq.ee\/?post_type=product&#038;p=1384"},"modified":"2026-04-15T04:00:11","modified_gmt":"2026-04-15T01:00:11","slug":"jautienos-sonkauliukai-airija","status":"publish","type":"product","link":"https:\/\/tammetorubbq.ee\/lt\/produktas\/jautienos-sonkauliukai-airija\/","title":{"rendered":"Jautienos \u0161onkauliukai ~2,3 kg (IRL)"},"content":{"rendered":"<ul>\n<li>Ekologi\u0161ka jautiena be antibiotik\u0173.<\/li>\n<li><span class=\"label\">Maitinimas - <\/span><span class=\"data\">rohi.<\/span><\/li>\n<li>Vakuumin\u0117 pakuot\u0117.<\/li>\n<li>Laikoma \u0161aldytuve (laikymo temperat\u016bra 0 + 2 \u00b0C).<\/li>\n<li>Viena juostel\u0117 sveria 1,5-2,3 kg.<\/li>\n<li>Biri pakuot\u0117 ~9 kg (~5 briaunuoti lak\u0161tai).<\/li>\n<li>Kilm\u0117s \u0161alis IRELANDIJA.<\/li>\n<\/ul>\n<p>&nbsp;<\/p>\n<p>Produktas negali b\u016bti siun\u010diamas siunt\u0173 ma\u0161ina arba kurjeriu.<\/p>\n<p><strong>Tellimus on v\u00f5imalik k\u00e4tte saada eelneval kokkuleppel: L\u00e4ike tee, Peetri v\u00f5i Metssea tee, Uuesalu, Rae vald.<\/strong><\/p>\n<p>Ra\u0161ykite mums\u00a0<a href=\"https:\/\/tammetorubbq.ee\/lt\/produktas\/swift-searibi-st-louise-usa\/info%40tammetorubbq.ee\/\">info@tammetorubbq.ee<\/a>\u00a0arba skambinkite\u00a0<a href=\"http:\/\/+372%2056%20888%20638\/\" target=\"_blank\" rel=\"noopener\">+372 56 888 638<\/a><\/p>","protected":false},"excerpt":{"rendered":"<h5><strong>Esmaklassilise kvaliteediga rohumaa veise ribiliha<\/strong><\/h5>\n<p>Idealiai tinka kepti ant ma\u017eo ir l\u0117to griliaus arba BBQ.<\/p>\n<p>Trumpieji \u0161onkauliukai gaminami i\u0161 \u0161onkauli\u0173 dalies, kuri\u0105 sudaro trys ar keturi \u0161onkauliai. Priklausomai nuo pj\u016bvio vietos, jie gali b\u016bti 5-15 cm storio, o j\u0173 m\u0117sa persipina su raumenimis, riebalais ir sausgysl\u0117mis, suteikian\u010diomis i\u0161skirtin\u012f ir stipr\u0173 m\u0117sos skon\u012f.<\/p>\n<p>Tinkamai paruo\u0161tas \u0161is gabalas yra labai mink\u0161tas ir sultingas.<\/p>\n<p>&nbsp;<\/p>\n<p>\u00dche ribiplaadi keskmine kaal on ~2,3kg.<\/p>\n<p>Didesniam kiekiui pra\u0161ykite specialios kainos.<\/p>\n<p>Produktas parduodamas pagal svor\u012f. Tiksli kaina bus apskai\u010diuota pasv\u0117rus gamin\u012f.<\/p>\n<p><strong>Produkt\u0105 galima u\u017esisakyti i\u0161 anksto.\u00a0<\/strong><\/p>\n<p>Kadangi tai yra sveriamas produktas, n\u0117ra galimyb\u0117s pateikti u\u017esakymo internetin\u0117je parduotuv\u0117je.<\/p>\n<p>Nor\u0117dami u\u017esisakyti, ra\u0161ykite adresu <a href=\"\/lt\/info@tammetorubbq.ee\/\">info@tammetorubbq.ee<\/a> arba skambinkite <a href=\"http:\/\/+372 56 888 638\">+372 56 888 638<\/a><\/p>\n<p>&nbsp;<\/p>","protected":false},"featured_media":1397,"comment_status":"open","ping_status":"closed","template":"","meta":{"_uf_show_specific_survey":0,"_uf_disable_surveys":false},"pwb-brand":[],"product_brand":[],"product_cat":[71],"product_tag":[],"class_list":{"0":"post-1384","1":"product","2":"type-product","3":"status-publish","4":"has-post-thumbnail","6":"product_cat-liha","8":"first","9":"outofstock","10":"taxable","11":"shipping-taxable","12":"purchasable","13":"product-type-simple"},"brands":[],"_links":{"self":[{"href":"https:\/\/tammetorubbq.ee\/lt\/wp-json\/wp\/v2\/product\/1384","targetHints":{"allow":["GET"]}}],"collection":[{"href":"https:\/\/tammetorubbq.ee\/lt\/wp-json\/wp\/v2\/product"}],"about":[{"href":"https:\/\/tammetorubbq.ee\/lt\/wp-json\/wp\/v2\/types\/product"}],"replies":[{"embeddable":true,"href":"https:\/\/tammetorubbq.ee\/lt\/wp-json\/wp\/v2\/comments?post=1384"}],"wp:featuredmedia":[{"embeddable":true,"href":"https:\/\/tammetorubbq.ee\/lt\/wp-json\/wp\/v2\/media\/1397"}],"wp:attachment":[{"href":"https:\/\/tammetorubbq.ee\/lt\/wp-json\/wp\/v2\/media?parent=1384"}],"wp:term":[{"taxonomy":"pwb-brand","embeddable":true,"href":"https:\/\/tammetorubbq.ee\/lt\/wp-json\/wp\/v2\/pwb-brand?post=1384"},{"taxonomy":"product_brand","embeddable":true,"href":"https:\/\/tammetorubbq.ee\/lt\/wp-json\/wp\/v2\/product_brand?post=1384"},{"taxonomy":"product_cat","embeddable":true,"href":"https:\/\/tammetorubbq.ee\/lt\/wp-json\/wp\/v2\/product_cat?post=1384"},{"taxonomy":"product_tag","embeddable":true,"href":"https:\/\/tammetorubbq.ee\/lt\/wp-json\/wp\/v2\/product_tag?post=1384"}],"curies":[{"name":"wp","href":"https:\/\/api.w.org\/{rel}","templated":true}]}}