{"id":1398,"date":"2024-03-04T21:21:33","date_gmt":"2024-03-04T19:21:33","guid":{"rendered":"https:\/\/tammetorubbq.ee\/?post_type=product&#038;p=1398"},"modified":"2026-04-26T23:00:01","modified_gmt":"2026-04-26T20:00:01","slug":"castor","status":"publish","type":"product","link":"https:\/\/tammetorubbq.ee\/lt\/produktas\/castor\/","title":{"rendered":"\u0104\u017euolin\u0117 pjaustymo lenta 50x30x3cm"},"content":{"rendered":"<p>I\u0161oriniai matmenys: 30 cm x 50 cm.<\/p>\n<p>Pjaustymo lentos storis: 4 cm.<\/p>\n<p>Med\u017eiaga: \u0105\u017euolo mediena<\/p>\n<p>Apsauga: \"Osmo\" pjaustymo lentos aliejinis va\u0161kas (kodas 3099).<\/p>\n<p>&nbsp;<\/p>\n<p>Bent kelis kartus per metus rekomenduojame pjaustymo lentos pavir\u0161i\u0173 patepti \"Osmo\" pjaustymo lentos alyva, atsi\u017evelgiant \u012f naudojimo intensyvum\u0105.<\/p>\n<p>Prie\u0161 tepant alyva, stal\u0105 reikia nuplauti ir gerai i\u0161d\u017eiovinti. Kad stalas nei\u0161sikraipyt\u0173, visada tepkite abi jo puses. Nuplov\u0119 arba sutep\u0119 aliejumi, pad\u0117kite pjaustymo lentel\u0119 d\u017ei\u016bti taip, kad i\u0161 abiej\u0173 pusi\u0173 patekt\u0173 oro, kad lentel\u0117 tolygiai i\u0161d\u017ei\u016bt\u0173.  Taip i\u0161vengsite pjaustymo lentos deformacij\u0173.<\/p>\n<p><strong>Jo negalima skalbti skalbimo ma\u0161inoje!<\/strong><\/p>","protected":false},"excerpt":{"rendered":"<p>Rank\u0173 darbo, prakti\u0161ka ir patvari \u0105\u017euolin\u0117 pjaustymo lenta, kurios pavir\u0161ius atsparus \u012fskilimams ir pjaustymui, o tinkamai pri\u017ei\u016brint ilgai i\u0161liks gra\u017eus.<\/p>\n<p>Pjaustymo lentoje yra griovelis m\u0117sos sultims nutek\u0117ti, kad sultys nei\u0161siliet\u0173, o galuose yra patog\u016bs \"pir\u0161t\u0173 antgaliai\", kad pjaustymo lent\u0105 b\u016bt\u0173 lengviau perkelti.<\/p>\n<p>&nbsp;<\/p>\n<p>Tinka gardiems m\u0117sos patiekalams pjaustyti ir patiekti.<\/p>","protected":false},"featured_media":1399,"comment_status":"open","ping_status":"closed","template":"","meta":{"_uf_show_specific_survey":0,"_uf_disable_surveys":false},"pwb-brand":[],"product_brand":[],"product_cat":[30],"product_tag":[],"class_list":{"0":"post-1398","1":"product","2":"type-product","3":"status-publish","4":"has-post-thumbnail","6":"product_cat-grillimise-tarvikud","8":"first","9":"outofstock","10":"taxable","11":"shipping-taxable","12":"purchasable","13":"product-type-simple"},"brands":[],"_links":{"self":[{"href":"https:\/\/tammetorubbq.ee\/lt\/wp-json\/wp\/v2\/product\/1398","targetHints":{"allow":["GET"]}}],"collection":[{"href":"https:\/\/tammetorubbq.ee\/lt\/wp-json\/wp\/v2\/product"}],"about":[{"href":"https:\/\/tammetorubbq.ee\/lt\/wp-json\/wp\/v2\/types\/product"}],"replies":[{"embeddable":true,"href":"https:\/\/tammetorubbq.ee\/lt\/wp-json\/wp\/v2\/comments?post=1398"}],"wp:featuredmedia":[{"embeddable":true,"href":"https:\/\/tammetorubbq.ee\/lt\/wp-json\/wp\/v2\/media\/1399"}],"wp:attachment":[{"href":"https:\/\/tammetorubbq.ee\/lt\/wp-json\/wp\/v2\/media?parent=1398"}],"wp:term":[{"taxonomy":"pwb-brand","embeddable":true,"href":"https:\/\/tammetorubbq.ee\/lt\/wp-json\/wp\/v2\/pwb-brand?post=1398"},{"taxonomy":"product_brand","embeddable":true,"href":"https:\/\/tammetorubbq.ee\/lt\/wp-json\/wp\/v2\/product_brand?post=1398"},{"taxonomy":"product_cat","embeddable":true,"href":"https:\/\/tammetorubbq.ee\/lt\/wp-json\/wp\/v2\/product_cat?post=1398"},{"taxonomy":"product_tag","embeddable":true,"href":"https:\/\/tammetorubbq.ee\/lt\/wp-json\/wp\/v2\/product_tag?post=1398"}],"curies":[{"name":"wp","href":"https:\/\/api.w.org\/{rel}","templated":true}]}}