{"id":1420,"date":"2024-03-08T19:41:33","date_gmt":"2024-03-08T17:41:33","guid":{"rendered":"https:\/\/tammetorubbq.ee\/?post_type=product&#038;p=1420"},"modified":"2026-04-15T00:00:08","modified_gmt":"2026-04-14T21:00:08","slug":"blues-hog-medaus-garstyciu-bbq-padazas-595g","status":"publish","type":"product","link":"https:\/\/tammetorubbq.ee\/lt\/produktas\/blues-hog-medaus-garstyciu-bbq-padazas-595g\/","title":{"rendered":"\"Blues Hog\" medaus garsty\u010di\u0173 BBQ pada\u017eas 595g"},"content":{"rendered":"<p><strong>Sudedamosios dalys:<\/strong> sinep, mesi, pruun suhkur, ket\u0161up (punased k\u00fcpsed tomatid, destilleeritud \u00e4\u00e4dikas, k\u00f5rge fruktoosisisaldusega maisisiirup, maisisiirup, sool, v\u00fcrtsid, sibulapulber, looduslik maitseaine), \u00f5una\u00e4\u00e4dikas, suhkur, sool, vesi, v\u00fcrtsid, t\u0161illipulber (t\u0161illipipar, v\u00fcrtsid, sool, k\u00fc\u00fcslaugupulber), kuivatatud k\u00fc\u00fcslauk, maitseaine, Worcestershire&#8217;i kaste (\u00e4\u00e4dikas, melassi maisisiirup, vesi, sool, karamelliv\u00e4rv, k\u00fc\u00fcslaugupulber, suhkur, v\u00fcrtsid, an\u0161oovised, tamarind, looduslik l\u00f5hna- ja maitseaine, sulfitid).<\/p>\n<p>&nbsp;<\/p>","protected":false},"excerpt":{"rendered":"<p data-start=\"66\" data-end=\"361\">Blues Hog Honey Mustard BBQ kaste on paks ja kuldne gurmeekaste, mis \u00fchendab t\u00e4iuslikus tasakaalus magusa mee ja s\u00e4rtsaka sinepi. Tulemuseks on rikkalik ja maitsek\u00fcllane kaste, millel on m\u00f5nus sinepine teravus ning meeldivalt magus j\u00e4relmaitse \u2013 ideaalne igale roale, mida soovid erilisemaks muuta.<\/p>\n<p data-start=\"363\" data-end=\"640\">See mitmek\u00fclgne kaste sobib suurep\u00e4raselt kana-, sea-, veise- ja kalaliha juurde ning on suurep\u00e4rane valik grillimiseks, marineerimiseks v\u00f5i dipikastmeks. T\u00e4nu oma tasakaalustatud maitseprofiilile toimib see \u00fchtviisi h\u00e4sti nii marinaadina, glasuurina kui ka viimistluskastmena.<\/p>\n<p data-start=\"642\" data-end=\"852\">Blues Hog Honey Mustard kaste on valmistatud kvaliteetsetest, looduslikest koostisosadest, on gluteenivaba ning toodetud USA-s. Pole ime, et seda usaldab ligi 90% meistriv\u00f5istlustel osalevatest BBQ-tiimidest.<\/p>\n<p data-start=\"854\" data-end=\"1026\">Choice of Champions sarja kuuluv Blues Hog Honey Mustard BBQ gurmeekaste toob sinu taldrikule t\u00e4iusliku koosluse hapukusest, magususest ja ehtsast l\u00f5unamaise BBQ iseloomuga maitsest.<\/p>\n<p><strong data-start=\"258\" data-end=\"272\">Profesional\u0173 patarimas: <\/strong>Pintselda kastet ribidele v\u00f5i kanatiibadele viimase 5\u201310 minuti jooksul ahjus v\u00f5i grillil \u2013 kaste karamellistub kaunilt ja annab s\u00fcgavama maitse.<\/p>\n<p><img loading=\"lazy\" decoding=\"async\" class=\"wp-image-3462\" src=\"http:\/\/tammetorubbq.ee\/wp-content\/uploads\/2024\/02\/BH_Logo_2022-300x280.avif\" alt=\"M\u0117lynoji kiaul\u0117\" width=\"173\" height=\"161\" srcset=\"https:\/\/tammetorubbq.ee\/wp-content\/uploads\/2024\/02\/BH_Logo_2022-300x280.avif 300w, https:\/\/tammetorubbq.ee\/wp-content\/uploads\/2024\/02\/BH_Logo_2022-13x12.avif 13w, https:\/\/tammetorubbq.ee\/wp-content\/uploads\/2024\/02\/BH_Logo_2022-64x60.avif 64w, https:\/\/tammetorubbq.ee\/wp-content\/uploads\/2024\/02\/BH_Logo_2022.avif 322w\" sizes=\"auto, (max-width: 173px) 100vw, 173px\" \/><\/p>","protected":false},"featured_media":4761,"comment_status":"open","ping_status":"closed","template":"","meta":{"_uf_show_specific_survey":0,"_uf_disable_surveys":false},"pwb-brand":[74],"product_brand":[],"product_cat":[22],"product_tag":[331,354],"class_list":{"0":"post-1420","1":"product","2":"type-product","3":"status-publish","4":"has-post-thumbnail","6":"pwb-brand-blues-hog","7":"product_cat-kastmed-ja-marinaadid","8":"product_tag-blues-hog","9":"product_tag-blues-hog-kastmed","11":"first","12":"instock","13":"taxable","14":"shipping-taxable","15":"purchasable","16":"product-type-simple"},"brands":[{"id":74,"name":"M\u0117lynoji kiaul\u0117","slug":"blues-hog"}],"_links":{"self":[{"href":"https:\/\/tammetorubbq.ee\/lt\/wp-json\/wp\/v2\/product\/1420","targetHints":{"allow":["GET"]}}],"collection":[{"href":"https:\/\/tammetorubbq.ee\/lt\/wp-json\/wp\/v2\/product"}],"about":[{"href":"https:\/\/tammetorubbq.ee\/lt\/wp-json\/wp\/v2\/types\/product"}],"replies":[{"embeddable":true,"href":"https:\/\/tammetorubbq.ee\/lt\/wp-json\/wp\/v2\/comments?post=1420"}],"wp:featuredmedia":[{"embeddable":true,"href":"https:\/\/tammetorubbq.ee\/lt\/wp-json\/wp\/v2\/media\/4761"}],"wp:attachment":[{"href":"https:\/\/tammetorubbq.ee\/lt\/wp-json\/wp\/v2\/media?parent=1420"}],"wp:term":[{"taxonomy":"pwb-brand","embeddable":true,"href":"https:\/\/tammetorubbq.ee\/lt\/wp-json\/wp\/v2\/pwb-brand?post=1420"},{"taxonomy":"product_brand","embeddable":true,"href":"https:\/\/tammetorubbq.ee\/lt\/wp-json\/wp\/v2\/product_brand?post=1420"},{"taxonomy":"product_cat","embeddable":true,"href":"https:\/\/tammetorubbq.ee\/lt\/wp-json\/wp\/v2\/product_cat?post=1420"},{"taxonomy":"product_tag","embeddable":true,"href":"https:\/\/tammetorubbq.ee\/lt\/wp-json\/wp\/v2\/product_tag?post=1420"}],"curies":[{"name":"wp","href":"https:\/\/api.w.org\/{rel}","templated":true}]}}