{"id":1426,"date":"2024-03-08T20:01:11","date_gmt":"2024-03-08T18:01:11","guid":{"rendered":"https:\/\/tammetorubbq.ee\/?post_type=product&#038;p=1426"},"modified":"2026-04-20T01:00:28","modified_gmt":"2026-04-19T22:00:28","slug":"blues-hog-smokey-mountain-bbq-padazas-680g","status":"publish","type":"product","link":"https:\/\/tammetorubbq.ee\/lt\/produktas\/blues-hog-smokey-mountain-bbq-padazas-680g\/","title":{"rendered":"Blues Hog Smokey Mountain BBQ pada\u017eas 680g"},"content":{"rendered":"<p><strong>Sudedamosios dalys:<\/strong> ket\u0161up (tomatikontsentraat punastest k\u00fcpsetest tomatitest, destilleeritud \u00e4\u00e4dikas, k\u00f5rge fruktoosisisaldusega maisisiirup, sool, v\u00fcrtsid, sibulapulber, looduslik maitseaine), pruun suhkur, \u00f5unasiidri \u00e4\u00e4dikas, suhkur, sool, vesi, v\u00fcrtsid, Worcestershire&#8217;i kaste (\u00e4\u00e4dikas, melass, maisisiirup, vesi, sool, karamelliv\u00e4rv, k\u00fc\u00fcslaugupulber, suhkur, v\u00fcrtsid, an\u0161oovis (kala), tamarind, looduslikud l\u00f5hna- ja maitseained (soja), tamarindi ekstrakt, sulfiteeriv aine), v\u00fcrtsid, sh paprika, veetustatud k\u00fc\u00fcslauk ja sibul, looduslik hikkori suitsumaitse (vesi, looduslik hikkori suitsukontsentraat).<\/p>","protected":false},"excerpt":{"rendered":"<p>Legendinio Bill Arnold Blues Hog nereikia pristatin\u0117ti - pavadinimas pasako visk\u0105!<\/p>\n<p>\"Blues Hog Smokey Mountain BBQ Sauce\" yra unikalus kepsni\u0173 arba glaz\u016bros pada\u017eas, kuriame gausus \"Blues Hog Original BBQ Sauce\" pada\u017ee esan\u010di\u0173 auk\u0161\u010diausios kokyb\u0117s ingredient\u0173 mi\u0161inys derinamas su nat\u016braliais hikorio d\u016bmais.<\/p>\n<p>\"Blues Hog\" gurmani\u0161kuose pada\u017euose n\u0117ra glitimo, jie gaminami i\u0161 nat\u016brali\u0173, auk\u0161tos kokyb\u0117s ingredient\u0173.<\/p>\n<p>\"Blues Hog\" gaminiai yra peln\u0119 daugiau apdovanojim\u0173 nei bet kurie kiti rinkoje esantys \"konkurentai\", tod\u0117l \"Blues Hog\" gaminius naudoja 90% kepsnini\u0173 kepimo var\u017eyb\u0173 komandos visame pasaulyje.<\/p>\n<p><span style=\"color: #0000ff;\"><strong>\"Blues Hog\" - tai apdovanojimus pelniusi\u0173 \u010dempion\u0173 pasirinkimas!<\/strong><\/span><\/p>\n<p>&nbsp;<\/p>\n<p><img loading=\"lazy\" decoding=\"async\" class=\"wp-image-3462\" src=\"http:\/\/tammetorubbq.ee\/wp-content\/uploads\/2024\/02\/BH_Logo_2022-300x280.avif\" alt=\"M\u0117lynoji kiaul\u0117\" width=\"184\" height=\"172\" srcset=\"https:\/\/tammetorubbq.ee\/wp-content\/uploads\/2024\/02\/BH_Logo_2022-300x280.avif 300w, https:\/\/tammetorubbq.ee\/wp-content\/uploads\/2024\/02\/BH_Logo_2022-13x12.avif 13w, https:\/\/tammetorubbq.ee\/wp-content\/uploads\/2024\/02\/BH_Logo_2022-64x60.avif 64w, https:\/\/tammetorubbq.ee\/wp-content\/uploads\/2024\/02\/BH_Logo_2022.avif 322w\" sizes=\"auto, (max-width: 184px) 100vw, 184px\" \/><\/p>","protected":false},"featured_media":4762,"comment_status":"open","ping_status":"closed","template":"","meta":{"_uf_show_specific_survey":0,"_uf_disable_surveys":false},"pwb-brand":[74],"product_brand":[],"product_cat":[22],"product_tag":[331,354],"class_list":{"0":"post-1426","1":"product","2":"type-product","3":"status-publish","4":"has-post-thumbnail","6":"pwb-brand-blues-hog","7":"product_cat-kastmed-ja-marinaadid","8":"product_tag-blues-hog","9":"product_tag-blues-hog-kastmed","11":"first","12":"instock","13":"taxable","14":"shipping-taxable","15":"purchasable","16":"product-type-simple"},"brands":[{"id":74,"name":"M\u0117lynoji kiaul\u0117","slug":"blues-hog"}],"_links":{"self":[{"href":"https:\/\/tammetorubbq.ee\/lt\/wp-json\/wp\/v2\/product\/1426","targetHints":{"allow":["GET"]}}],"collection":[{"href":"https:\/\/tammetorubbq.ee\/lt\/wp-json\/wp\/v2\/product"}],"about":[{"href":"https:\/\/tammetorubbq.ee\/lt\/wp-json\/wp\/v2\/types\/product"}],"replies":[{"embeddable":true,"href":"https:\/\/tammetorubbq.ee\/lt\/wp-json\/wp\/v2\/comments?post=1426"}],"wp:featuredmedia":[{"embeddable":true,"href":"https:\/\/tammetorubbq.ee\/lt\/wp-json\/wp\/v2\/media\/4762"}],"wp:attachment":[{"href":"https:\/\/tammetorubbq.ee\/lt\/wp-json\/wp\/v2\/media?parent=1426"}],"wp:term":[{"taxonomy":"pwb-brand","embeddable":true,"href":"https:\/\/tammetorubbq.ee\/lt\/wp-json\/wp\/v2\/pwb-brand?post=1426"},{"taxonomy":"product_brand","embeddable":true,"href":"https:\/\/tammetorubbq.ee\/lt\/wp-json\/wp\/v2\/product_brand?post=1426"},{"taxonomy":"product_cat","embeddable":true,"href":"https:\/\/tammetorubbq.ee\/lt\/wp-json\/wp\/v2\/product_cat?post=1426"},{"taxonomy":"product_tag","embeddable":true,"href":"https:\/\/tammetorubbq.ee\/lt\/wp-json\/wp\/v2\/product_tag?post=1426"}],"curies":[{"name":"wp","href":"https:\/\/api.w.org\/{rel}","templated":true}]}}