{"id":1438,"date":"2024-03-08T20:38:23","date_gmt":"2024-03-08T18:38:23","guid":{"rendered":"https:\/\/tammetorubbq.ee\/?post_type=product&#038;p=1438"},"modified":"2026-04-15T00:00:09","modified_gmt":"2026-04-14T21:00:09","slug":"blues-hog-champions-blend-bbq-pasta-680g","status":"publish","type":"product","link":"https:\/\/tammetorubbq.ee\/lt\/produktas\/blues-hog-champions-blend-bbq-pasta-680g\/","title":{"rendered":"Blues Hog Champions' Blend BBQ pada\u017eas 680g"},"content":{"rendered":"<p><strong>Sudedamosios dalys:<\/strong> rudasis cukrus, ke\u010dupas (prinokusi\u0173 raudon\u0173j\u0173 pomidor\u0173 pomidor\u0173 koncentratas, distiliuotas actas, kukur\u016bz\u0173 fruktoz\u0117s sirupas, druska, prieskoniai, svog\u016bn\u0173 milteliai, nat\u016bral\u016bs prieskoniai), obuoli\u0173 sidro actas, vanduo, druska, prieskoniai, \u012fskaitant paprik\u0105, Vor\u010dester\u0161yro pada\u017eas, skystas d\u016bmas, vanil\u0117s ekstraktas, d\u017eiovinti \u010desnakai.<\/p>","protected":false},"excerpt":{"rendered":"<p><strong data-start=\"0\" data-end=\"40\">\"Blues Hog Champions' Blend\" BBQ pada\u017eas<\/strong> tai Amerikoje pagamintas auk\u0161\u010diausios kokyb\u0117s BBQ pada\u017eas, daugelio barbekiu meistr\u0173 laikomas vienu geriausi\u0173 pasaulyje.<\/p>\n<p>\u0160is pada\u017eas sujungia geriausias \u012fvairi\u0173 \"Blues Hog\" pada\u017e\u0173 savybes - sald\u0173, d\u016bmin\u012f ir \u0161iek tiek a\u0161tr\u0173 skon\u012f, kuris puikiai tinka m\u0117sai, vi\u0161tienai, \u0161onkauliukams ir m\u0117sainiams.<\/p>\n<p>\"Blues Hog\" gurmani\u0161kuose pada\u017euose n\u0117ra glitimo, jie gaminami i\u0161 nat\u016brali\u0173, auk\u0161tos kokyb\u0117s ingredient\u0173.<\/p>\n<p>\"Blues Hog\" gaminiai yra peln\u0119 daugiau apdovanojim\u0173 nei bet kurie kiti rinkoje esantys \"konkurentai\", tod\u0117l \"Blues Hog\" gaminius naudoja 90% kepsnini\u0173 kepimo var\u017eyb\u0173 komandos visame pasaulyje.<\/p>\n<p><span style=\"color: #0000ff;\"><strong>\"Blues Hog\" - tai apdovanojimus pelniusi\u0173 \u010dempion\u0173 pasirinkimas!<\/strong><\/span><\/p>\n<p><img loading=\"lazy\" decoding=\"async\" class=\"alignnone wp-image-3462\" src=\"http:\/\/tammetorubbq.ee\/wp-content\/uploads\/2024\/02\/BH_Logo_2022-300x280.avif\" alt=\"\" width=\"166\" height=\"155\" srcset=\"https:\/\/tammetorubbq.ee\/wp-content\/uploads\/2024\/02\/BH_Logo_2022-300x280.avif 300w, https:\/\/tammetorubbq.ee\/wp-content\/uploads\/2024\/02\/BH_Logo_2022-13x12.avif 13w, https:\/\/tammetorubbq.ee\/wp-content\/uploads\/2024\/02\/BH_Logo_2022-64x60.avif 64w, https:\/\/tammetorubbq.ee\/wp-content\/uploads\/2024\/02\/BH_Logo_2022.avif 322w\" sizes=\"auto, (max-width: 166px) 100vw, 166px\" \/><\/p>","protected":false},"featured_media":4759,"comment_status":"open","ping_status":"closed","template":"","meta":{"_uf_show_specific_survey":0,"_uf_disable_surveys":false},"pwb-brand":[74],"product_brand":[],"product_cat":[22],"product_tag":[331,354,118,114,119],"class_list":{"0":"post-1438","1":"product","2":"type-product","3":"status-publish","4":"has-post-thumbnail","6":"pwb-brand-blues-hog","7":"product_cat-kastmed-ja-marinaadid","8":"product_tag-blues-hog","9":"product_tag-blues-hog-kastmed","10":"product_tag-kanaliha","11":"product_tag-sealiha","12":"product_tag-veiseliha","14":"first","15":"instock","16":"taxable","17":"shipping-taxable","18":"purchasable","19":"product-type-simple"},"brands":[{"id":74,"name":"M\u0117lynoji kiaul\u0117","slug":"blues-hog"}],"_links":{"self":[{"href":"https:\/\/tammetorubbq.ee\/lt\/wp-json\/wp\/v2\/product\/1438","targetHints":{"allow":["GET"]}}],"collection":[{"href":"https:\/\/tammetorubbq.ee\/lt\/wp-json\/wp\/v2\/product"}],"about":[{"href":"https:\/\/tammetorubbq.ee\/lt\/wp-json\/wp\/v2\/types\/product"}],"replies":[{"embeddable":true,"href":"https:\/\/tammetorubbq.ee\/lt\/wp-json\/wp\/v2\/comments?post=1438"}],"wp:featuredmedia":[{"embeddable":true,"href":"https:\/\/tammetorubbq.ee\/lt\/wp-json\/wp\/v2\/media\/4759"}],"wp:attachment":[{"href":"https:\/\/tammetorubbq.ee\/lt\/wp-json\/wp\/v2\/media?parent=1438"}],"wp:term":[{"taxonomy":"pwb-brand","embeddable":true,"href":"https:\/\/tammetorubbq.ee\/lt\/wp-json\/wp\/v2\/pwb-brand?post=1438"},{"taxonomy":"product_brand","embeddable":true,"href":"https:\/\/tammetorubbq.ee\/lt\/wp-json\/wp\/v2\/product_brand?post=1438"},{"taxonomy":"product_cat","embeddable":true,"href":"https:\/\/tammetorubbq.ee\/lt\/wp-json\/wp\/v2\/product_cat?post=1438"},{"taxonomy":"product_tag","embeddable":true,"href":"https:\/\/tammetorubbq.ee\/lt\/wp-json\/wp\/v2\/product_tag?post=1438"}],"curies":[{"name":"wp","href":"https:\/\/api.w.org\/{rel}","templated":true}]}}