{"id":1448,"date":"2024-03-08T21:18:21","date_gmt":"2024-03-08T19:18:21","guid":{"rendered":"https:\/\/tammetorubbq.ee\/?post_type=product&#038;p=1448"},"modified":"2026-04-14T22:00:44","modified_gmt":"2026-04-14T19:00:44","slug":"big-poppa-smokers-competition-stash-rub","status":"publish","type":"product","link":"https:\/\/tammetorubbq.ee\/lt\/produktas\/big-poppa-smokers-competition-stash-rub\/","title":{"rendered":"Big Poppa Smokers Competition Stash Rub 340g"},"content":{"rendered":"<p>Sud\u0117tis: cukrus, j\u016bros druska, dehidratuoti \u010desnakai ir svog\u016bnai, prieskoniai, \u012fskaitant prieskonius. aitri\u0173j\u0173 paprik\u0173, paprikos, citrinos r\u016bg\u0161ties, mieli\u0173 ekstrakto, salier\u0173 s\u0117kl\u0173, paprik\u0173 ekstrakt\u0173 (da\u017eiklis), citrin\u0173 aliejaus, nat\u016bralios kvapiosios med\u017eiagos ir ne daugiau kaip 2% trikalcio fosfato, prid\u0117ta siekiant i\u0161vengti sukepimo.<\/p>","protected":false},"excerpt":{"rendered":"<p>\"Big Poppa Smokers Competition Stash\" skonio mi\u0161inys pagamintas i\u0161 auk\u0161\u010diausios kokyb\u0117s ingredient\u0173, kurie buvo kruop\u0161\u010diai atrinkti ir sumai\u0161yti, kad b\u016bt\u0173 pasiektas puikus galutinis rezultatas.<\/p>\n<p>Idealiai tinka su jautiena, kiauliena ir vi\u0161tiena<\/p>\n<p>Be glitimo<\/p>\n<p>\"Big Poppa Smokers\" yra gerai \u017einoma ir seniai \u017einoma fig\u016bra JAV rinkoje, i\u0161leidusi daugyb\u0119 leidini\u0173.<\/p>\n<p><img loading=\"lazy\" decoding=\"async\" class=\"wp-image-1557\" src=\"http:\/\/tammetorubbq.ee\/wp-content\/uploads\/2024\/03\/Big-Poppa-Smokers-Logo-Vector-300x225.webp\" alt=\"&quot;Big Poppa Smokers\" width=\"157\" height=\"118\" srcset=\"https:\/\/tammetorubbq.ee\/wp-content\/uploads\/2024\/03\/Big-Poppa-Smokers-Logo-Vector-300x225.webp 300w, https:\/\/tammetorubbq.ee\/wp-content\/uploads\/2024\/03\/Big-Poppa-Smokers-Logo-Vector-768x576.webp 768w, https:\/\/tammetorubbq.ee\/wp-content\/uploads\/2024\/03\/Big-Poppa-Smokers-Logo-Vector-16x12.webp 16w, https:\/\/tammetorubbq.ee\/wp-content\/uploads\/2024\/03\/Big-Poppa-Smokers-Logo-Vector-600x450.webp 600w, https:\/\/tammetorubbq.ee\/wp-content\/uploads\/2024\/03\/Big-Poppa-Smokers-Logo-Vector-64x48.webp 64w, https:\/\/tammetorubbq.ee\/wp-content\/uploads\/2024\/03\/Big-Poppa-Smokers-Logo-Vector.webp 866w\" sizes=\"auto, (max-width: 157px) 100vw, 157px\" \/><\/p>","protected":false},"featured_media":1449,"comment_status":"open","ping_status":"closed","template":"","meta":{"_uf_show_specific_survey":0,"_uf_disable_surveys":false},"pwb-brand":[80],"product_brand":[],"product_cat":[21],"product_tag":[],"class_list":{"0":"post-1448","1":"product","2":"type-product","3":"status-publish","4":"has-post-thumbnail","6":"pwb-brand-big-poppas","7":"product_cat-maitseainesegud","9":"first","10":"outofstock","11":"taxable","12":"shipping-taxable","13":"purchasable","14":"product-type-simple"},"brands":[{"id":80,"name":"Big Poppa's","slug":"big-poppas"}],"_links":{"self":[{"href":"https:\/\/tammetorubbq.ee\/lt\/wp-json\/wp\/v2\/product\/1448","targetHints":{"allow":["GET"]}}],"collection":[{"href":"https:\/\/tammetorubbq.ee\/lt\/wp-json\/wp\/v2\/product"}],"about":[{"href":"https:\/\/tammetorubbq.ee\/lt\/wp-json\/wp\/v2\/types\/product"}],"replies":[{"embeddable":true,"href":"https:\/\/tammetorubbq.ee\/lt\/wp-json\/wp\/v2\/comments?post=1448"}],"wp:featuredmedia":[{"embeddable":true,"href":"https:\/\/tammetorubbq.ee\/lt\/wp-json\/wp\/v2\/media\/1449"}],"wp:attachment":[{"href":"https:\/\/tammetorubbq.ee\/lt\/wp-json\/wp\/v2\/media?parent=1448"}],"wp:term":[{"taxonomy":"pwb-brand","embeddable":true,"href":"https:\/\/tammetorubbq.ee\/lt\/wp-json\/wp\/v2\/pwb-brand?post=1448"},{"taxonomy":"product_brand","embeddable":true,"href":"https:\/\/tammetorubbq.ee\/lt\/wp-json\/wp\/v2\/product_brand?post=1448"},{"taxonomy":"product_cat","embeddable":true,"href":"https:\/\/tammetorubbq.ee\/lt\/wp-json\/wp\/v2\/product_cat?post=1448"},{"taxonomy":"product_tag","embeddable":true,"href":"https:\/\/tammetorubbq.ee\/lt\/wp-json\/wp\/v2\/product_tag?post=1448"}],"curies":[{"name":"wp","href":"https:\/\/api.w.org\/{rel}","templated":true}]}}