{"id":1452,"date":"2024-03-08T21:31:46","date_gmt":"2024-03-08T19:31:46","guid":{"rendered":"https:\/\/tammetorubbq.ee\/?post_type=product&#038;p=1452"},"modified":"2026-04-14T22:00:15","modified_gmt":"2026-04-14T19:00:15","slug":"big-poppa-smokers-sweet-money-rub-397g","status":"publish","type":"product","link":"https:\/\/tammetorubbq.ee\/lt\/produktas\/big-poppa-smokers-sweet-money-rub-397g\/","title":{"rendered":"Big Poppa Smokers Sweet Money Rub 397g"},"content":{"rendered":"<p>Sudedamosios dalys: garintos cukranendri\u0173 sultys, j\u016bros druska, granuliuotas medus (rafinavimo sirupas, medus), dehidratuoti \u010desnakai, svog\u016bnai, paprikos, paprikos, mieli\u0173 ekstraktas, salierai, nat\u016bralios kvapiosios med\u017eiagos, paprik\u0173 ekstraktai (da\u017eiklis).<\/p>","protected":false},"excerpt":{"rendered":"<p>\"Big Poppa Smokers\" prieskoniai \"Sweet Money\" yra bene \u017einomiausi j\u0173 asortimento prieskoniai, kuriuos naudoja viso pasaulio BBQ meistrai.<\/p>\n<p>Saldus skonis, kaip apib\u016bdina trinties pavadinimas, ta\u010diau jame yra viskas, ko reikia, subalansuotas s\u016brumas ir a\u0161trumas.<\/p>\n<p>Puikiai tinka su jautiena, kiauliena ir vi\u0161tiena<br \/>\nBe glitimo<\/p>\n<p><img loading=\"lazy\" decoding=\"async\" class=\"wp-image-1557\" src=\"http:\/\/tammetorubbq.ee\/wp-content\/uploads\/2024\/03\/Big-Poppa-Smokers-Logo-Vector-300x225.webp\" alt=\"&quot;Big Poppa Smokers\" width=\"200\" height=\"150\" srcset=\"https:\/\/tammetorubbq.ee\/wp-content\/uploads\/2024\/03\/Big-Poppa-Smokers-Logo-Vector-300x225.webp 300w, https:\/\/tammetorubbq.ee\/wp-content\/uploads\/2024\/03\/Big-Poppa-Smokers-Logo-Vector-768x576.webp 768w, https:\/\/tammetorubbq.ee\/wp-content\/uploads\/2024\/03\/Big-Poppa-Smokers-Logo-Vector-16x12.webp 16w, https:\/\/tammetorubbq.ee\/wp-content\/uploads\/2024\/03\/Big-Poppa-Smokers-Logo-Vector-600x450.webp 600w, https:\/\/tammetorubbq.ee\/wp-content\/uploads\/2024\/03\/Big-Poppa-Smokers-Logo-Vector-64x48.webp 64w, https:\/\/tammetorubbq.ee\/wp-content\/uploads\/2024\/03\/Big-Poppa-Smokers-Logo-Vector.webp 866w\" sizes=\"auto, (max-width: 200px) 100vw, 200px\" \/><\/p>","protected":false},"featured_media":1453,"comment_status":"open","ping_status":"closed","template":"","meta":{"_uf_show_specific_survey":0,"_uf_disable_surveys":false},"pwb-brand":[80],"product_brand":[],"product_cat":[21],"product_tag":[],"class_list":{"0":"post-1452","1":"product","2":"type-product","3":"status-publish","4":"has-post-thumbnail","6":"pwb-brand-big-poppas","7":"product_cat-maitseainesegud","9":"first","10":"outofstock","11":"taxable","12":"shipping-taxable","13":"purchasable","14":"product-type-simple"},"brands":[{"id":80,"name":"Big Poppa's","slug":"big-poppas"}],"_links":{"self":[{"href":"https:\/\/tammetorubbq.ee\/lt\/wp-json\/wp\/v2\/product\/1452","targetHints":{"allow":["GET"]}}],"collection":[{"href":"https:\/\/tammetorubbq.ee\/lt\/wp-json\/wp\/v2\/product"}],"about":[{"href":"https:\/\/tammetorubbq.ee\/lt\/wp-json\/wp\/v2\/types\/product"}],"replies":[{"embeddable":true,"href":"https:\/\/tammetorubbq.ee\/lt\/wp-json\/wp\/v2\/comments?post=1452"}],"wp:featuredmedia":[{"embeddable":true,"href":"https:\/\/tammetorubbq.ee\/lt\/wp-json\/wp\/v2\/media\/1453"}],"wp:attachment":[{"href":"https:\/\/tammetorubbq.ee\/lt\/wp-json\/wp\/v2\/media?parent=1452"}],"wp:term":[{"taxonomy":"pwb-brand","embeddable":true,"href":"https:\/\/tammetorubbq.ee\/lt\/wp-json\/wp\/v2\/pwb-brand?post=1452"},{"taxonomy":"product_brand","embeddable":true,"href":"https:\/\/tammetorubbq.ee\/lt\/wp-json\/wp\/v2\/product_brand?post=1452"},{"taxonomy":"product_cat","embeddable":true,"href":"https:\/\/tammetorubbq.ee\/lt\/wp-json\/wp\/v2\/product_cat?post=1452"},{"taxonomy":"product_tag","embeddable":true,"href":"https:\/\/tammetorubbq.ee\/lt\/wp-json\/wp\/v2\/product_tag?post=1452"}],"curies":[{"name":"wp","href":"https:\/\/api.w.org\/{rel}","templated":true}]}}