{"id":1471,"date":"2024-03-10T19:19:02","date_gmt":"2024-03-10T17:19:02","guid":{"rendered":"https:\/\/tammetorubbq.ee\/?post_type=product&#038;p=1471"},"modified":"2026-04-15T03:00:16","modified_gmt":"2026-04-15T00:00:16","slug":"franklin-barbecue-brisket-rub-170g","status":"publish","type":"product","link":"https:\/\/tammetorubbq.ee\/lt\/produktas\/franklin-barbecue-brisket-rub-170g\/","title":{"rendered":"\"Franklin Barbecue Brisket Rub\" 170g"},"content":{"rendered":"<p>Paprastume slypi galia!<\/p>\n<p>Sud\u0117tis: druska, juodieji pipirai.<\/p>","protected":false},"excerpt":{"rendered":"<p>\"Franklin BBQ\" geriausiai \u017einoma d\u0117l savo kr\u016btinin\u0117s kepsnin\u0117s, ta\u010diau \u0161\u012f druskos ir pipir\u0173 prieskoni\u0173 mi\u0161in\u012f Aaronas Franklinas kasdien naudoja savo restorane.<\/p>\n<p>Jei kada nors band\u0117te Franklino BBQ, \u017einote, kad tai geriausia i\u0161 geriausi\u0173.<\/p>\n<p>\u0160is prieskonis vis\u0173 pirma skirtas jautienos kr\u016btininei, ta\u010diau jis puikiai tinka ir \u0161onkauliukams.<\/p>\n<p>&nbsp;<\/p>\n<p>&nbsp;<\/p>\n<p>&nbsp;<\/p>\n<p><img loading=\"lazy\" decoding=\"async\" class=\"alignnone  wp-image-1842\" src=\"http:\/\/tammetorubbq.ee\/wp-content\/uploads\/2024\/07\/Franklin-BBQ-logo.svg\" alt=\"Franklin BBQ logotipas\" width=\"195\" height=\"110\" \/><\/p>","protected":false},"featured_media":1472,"comment_status":"open","ping_status":"closed","template":"","meta":{"_uf_show_specific_survey":0,"_uf_disable_surveys":false},"pwb-brand":[83],"product_brand":[],"product_cat":[21],"product_tag":[],"class_list":{"0":"post-1471","1":"product","2":"type-product","3":"status-publish","4":"has-post-thumbnail","6":"pwb-brand-franklin-barbecue","7":"product_cat-maitseainesegud","9":"first","10":"outofstock","11":"taxable","12":"shipping-taxable","13":"purchasable","14":"product-type-simple"},"brands":[{"id":83,"name":"Franklino kepsnin\u0117","slug":"franklin-barbecue"}],"_links":{"self":[{"href":"https:\/\/tammetorubbq.ee\/lt\/wp-json\/wp\/v2\/product\/1471","targetHints":{"allow":["GET"]}}],"collection":[{"href":"https:\/\/tammetorubbq.ee\/lt\/wp-json\/wp\/v2\/product"}],"about":[{"href":"https:\/\/tammetorubbq.ee\/lt\/wp-json\/wp\/v2\/types\/product"}],"replies":[{"embeddable":true,"href":"https:\/\/tammetorubbq.ee\/lt\/wp-json\/wp\/v2\/comments?post=1471"}],"wp:featuredmedia":[{"embeddable":true,"href":"https:\/\/tammetorubbq.ee\/lt\/wp-json\/wp\/v2\/media\/1472"}],"wp:attachment":[{"href":"https:\/\/tammetorubbq.ee\/lt\/wp-json\/wp\/v2\/media?parent=1471"}],"wp:term":[{"taxonomy":"pwb-brand","embeddable":true,"href":"https:\/\/tammetorubbq.ee\/lt\/wp-json\/wp\/v2\/pwb-brand?post=1471"},{"taxonomy":"product_brand","embeddable":true,"href":"https:\/\/tammetorubbq.ee\/lt\/wp-json\/wp\/v2\/product_brand?post=1471"},{"taxonomy":"product_cat","embeddable":true,"href":"https:\/\/tammetorubbq.ee\/lt\/wp-json\/wp\/v2\/product_cat?post=1471"},{"taxonomy":"product_tag","embeddable":true,"href":"https:\/\/tammetorubbq.ee\/lt\/wp-json\/wp\/v2\/product_tag?post=1471"}],"curies":[{"name":"wp","href":"https:\/\/api.w.org\/{rel}","templated":true}]}}