{"id":1482,"date":"2024-03-10T20:01:16","date_gmt":"2024-03-10T18:01:16","guid":{"rendered":"https:\/\/tammetorubbq.ee\/?post_type=product&#038;p=1482"},"modified":"2026-04-15T02:00:14","modified_gmt":"2026-04-14T23:00:14","slug":"heath-riles-sweet-bbq-rub-283g","status":"publish","type":"product","link":"https:\/\/tammetorubbq.ee\/lt\/produktas\/heath-riles-sweet-bbq-rub-283g\/","title":{"rendered":"Heath Riles Sweet BBQ Rub 283g"},"content":{"rendered":"<p>Sud\u0117tis: cukrus, paprika, rudasis cukrus, druska, prieskoniai, natrio glutamatas, \u010desnak\u0173 milteliai, svog\u016bn\u0173 milteliai, rafinuotas soj\u0173 pupeli\u0173 aliejus, nat\u016brali r\u016bkymo kvapioji med\u017eiaga, paprikos derva ir trikalcio fosfatas (2%), kad nesulipt\u0173.<\/p>","protected":false},"excerpt":{"rendered":"<p>\"Heath Riles Sweet BBQ\" prieskoniai, kaip galima suprasti i\u0161 pavadinimo, yra saldus cukraus pagrindo ir gra\u017eios spalvos \u012ftrinimas.<\/p>\n<p>Heathas Rilesas - \u017emogus, laim\u0117j\u0119s daugyb\u0119 titul\u0173 pasaulio \u010dempionato \u017eeberkl\u0173 kategorijoje. Pastaraisiais metais jis i\u0161liko nepralenkiamas.<\/p>","protected":false},"featured_media":1483,"comment_status":"open","ping_status":"closed","template":"","meta":{"_uf_show_specific_survey":0,"_uf_disable_surveys":false},"pwb-brand":[84],"product_brand":[],"product_cat":[21],"product_tag":[347],"class_list":{"0":"post-1482","1":"product","2":"type-product","3":"status-publish","4":"has-post-thumbnail","6":"pwb-brand-heath-riles","7":"product_cat-maitseainesegud","8":"product_tag-heath-riles","10":"first","11":"instock","12":"taxable","13":"shipping-taxable","14":"purchasable","15":"product-type-simple"},"brands":[{"id":84,"name":"Heath Riles","slug":"heath-riles"}],"_links":{"self":[{"href":"https:\/\/tammetorubbq.ee\/lt\/wp-json\/wp\/v2\/product\/1482","targetHints":{"allow":["GET"]}}],"collection":[{"href":"https:\/\/tammetorubbq.ee\/lt\/wp-json\/wp\/v2\/product"}],"about":[{"href":"https:\/\/tammetorubbq.ee\/lt\/wp-json\/wp\/v2\/types\/product"}],"replies":[{"embeddable":true,"href":"https:\/\/tammetorubbq.ee\/lt\/wp-json\/wp\/v2\/comments?post=1482"}],"wp:featuredmedia":[{"embeddable":true,"href":"https:\/\/tammetorubbq.ee\/lt\/wp-json\/wp\/v2\/media\/1483"}],"wp:attachment":[{"href":"https:\/\/tammetorubbq.ee\/lt\/wp-json\/wp\/v2\/media?parent=1482"}],"wp:term":[{"taxonomy":"pwb-brand","embeddable":true,"href":"https:\/\/tammetorubbq.ee\/lt\/wp-json\/wp\/v2\/pwb-brand?post=1482"},{"taxonomy":"product_brand","embeddable":true,"href":"https:\/\/tammetorubbq.ee\/lt\/wp-json\/wp\/v2\/product_brand?post=1482"},{"taxonomy":"product_cat","embeddable":true,"href":"https:\/\/tammetorubbq.ee\/lt\/wp-json\/wp\/v2\/product_cat?post=1482"},{"taxonomy":"product_tag","embeddable":true,"href":"https:\/\/tammetorubbq.ee\/lt\/wp-json\/wp\/v2\/product_tag?post=1482"}],"curies":[{"name":"wp","href":"https:\/\/api.w.org\/{rel}","templated":true}]}}