{"id":1486,"date":"2024-03-10T20:17:37","date_gmt":"2024-03-10T18:17:37","guid":{"rendered":"https:\/\/tammetorubbq.ee\/?post_type=product&#038;p=1486"},"modified":"2026-04-14T22:00:13","modified_gmt":"2026-04-14T19:00:13","slug":"didelis-penis-rancoje-geras-sudas-trinti-313g","status":"publish","type":"product","link":"https:\/\/tammetorubbq.ee\/lt\/produktas\/didelis-penis-rancoje-geras-sudas-trinti-313g\/","title":{"rendered":"Big Cock Ranch Good Shit Rub 313g"},"content":{"rendered":"<p><strong>Sudedamosios dalys:<\/strong> granuliuotas cukrus, rudasis cukrus, paprika, druska, pipirai, \u010desnakai, svog\u016bnai, aitriosios paprikos milteliai.<\/p>","protected":false},"excerpt":{"rendered":"<p><span style=\"color: #0000ff;\"><strong>This is some gooooood shit!<\/strong><\/span><\/p>\n<p><span class=\"relative -mx-px my-[-0.2rem] rounded px-px py-[0.2rem] transition-colors duration-100 ease-in-out\"><strong data-start=\"0\" data-end=\"32\" data-is-only-node=\"\">Big Cock Ranch Good Shit Rub<\/strong> on maitseainesegu, mis on loodud selleks, et lisada rikkalikku ja magus-v\u00fcrtsikat maitset erinevatele roogadele.<\/span> <span class=\"relative -mx-px my-[-0.2rem] rounded px-px py-[0.2rem] transition-colors duration-100 ease-in-out\">See segu sobib suurep\u00e4raselt kana, sealiha, veiseliha ja isegi k\u00f6\u00f6giviljade maitsestamiseks.<\/span><\/p>\n<p><span class=\"relative -mx-px my-[-0.2rem] rounded px-px py-[0.2rem] transition-colors duration-100 ease-in-out\"><strong data-start=\"0\" data-end=\"32\" data-is-only-node=\"\">Big Cock Ranch Good Shit Rub<\/strong> on suurep\u00e4rane valik neile, kes soovivad lisada oma roogadele magus-v\u00fcrtsikat maitset.<\/span> <span class=\"relative -mx-px my-[-0.2rem] rounded px-px py-[0.2rem] transition-colors duration-100 ease-in-out\">Olgu see siis grillil, ahjus v\u00f5i pannil \u2013 see segu toob esile parima teie toitudes.<\/span><\/p>\n<p data-start=\"485\" data-end=\"500\"><strong>Pro tip:<\/strong> <span class=\"relative -mx-px my-[-0.2rem] rounded px-px py-[0.2rem] transition-colors duration-100 ease-in-out\">Kasutage <strong data-start=\"9\" data-end=\"26\">Good Shit Rub<\/strong>-i mitte ainult kuivmarinaadina, vaid segage seda ka oliivi\u00f5liga, et luua maitsev m\u00e4rg marinaad.<\/span> <span class=\"relative -mx-px my-[-0.2rem] rounded px-px py-[0.2rem] transition-colors duration-100 ease-in-out\">See aitab maitsel paremini imenduda ja annab grillitud toitudele kauni karamellise kooriku.<\/span><\/p>\n<p><img loading=\"lazy\" decoding=\"async\" class=\"alignnone wp-image-3225\" src=\"http:\/\/tammetorubbq.ee\/wp-content\/uploads\/2025\/05\/big-cock-ranch-logo-300x250.webp\" alt=\"\" width=\"160\" height=\"133\" srcset=\"https:\/\/tammetorubbq.ee\/wp-content\/uploads\/2025\/05\/big-cock-ranch-logo-300x250.webp 300w, https:\/\/tammetorubbq.ee\/wp-content\/uploads\/2025\/05\/big-cock-ranch-logo-14x12.webp 14w, https:\/\/tammetorubbq.ee\/wp-content\/uploads\/2025\/05\/big-cock-ranch-logo-64x53.webp 64w, https:\/\/tammetorubbq.ee\/wp-content\/uploads\/2025\/05\/big-cock-ranch-logo.webp 600w\" sizes=\"auto, (max-width: 160px) 100vw, 160px\" \/><\/p>\n","protected":false},"featured_media":2899,"comment_status":"open","ping_status":"closed","template":"","meta":{"_uf_show_specific_survey":0,"_uf_disable_surveys":false},"pwb-brand":[85],"product_brand":[],"product_cat":[21],"product_tag":[118,114],"class_list":{"0":"post-1486","1":"product","2":"type-product","3":"status-publish","4":"has-post-thumbnail","6":"pwb-brand-big-cock-ranch","7":"product_cat-maitseainesegud","8":"product_tag-kanaliha","9":"product_tag-sealiha","11":"first","12":"instock","13":"taxable","14":"shipping-taxable","15":"purchasable","16":"product-type-simple"},"brands":[{"id":85,"name":"Didelio gaid\u017eio ran\u010dos","slug":"big-cock-ranch"}],"_links":{"self":[{"href":"https:\/\/tammetorubbq.ee\/lt\/wp-json\/wp\/v2\/product\/1486","targetHints":{"allow":["GET"]}}],"collection":[{"href":"https:\/\/tammetorubbq.ee\/lt\/wp-json\/wp\/v2\/product"}],"about":[{"href":"https:\/\/tammetorubbq.ee\/lt\/wp-json\/wp\/v2\/types\/product"}],"replies":[{"embeddable":true,"href":"https:\/\/tammetorubbq.ee\/lt\/wp-json\/wp\/v2\/comments?post=1486"}],"wp:featuredmedia":[{"embeddable":true,"href":"https:\/\/tammetorubbq.ee\/lt\/wp-json\/wp\/v2\/media\/2899"}],"wp:attachment":[{"href":"https:\/\/tammetorubbq.ee\/lt\/wp-json\/wp\/v2\/media?parent=1486"}],"wp:term":[{"taxonomy":"pwb-brand","embeddable":true,"href":"https:\/\/tammetorubbq.ee\/lt\/wp-json\/wp\/v2\/pwb-brand?post=1486"},{"taxonomy":"product_brand","embeddable":true,"href":"https:\/\/tammetorubbq.ee\/lt\/wp-json\/wp\/v2\/product_brand?post=1486"},{"taxonomy":"product_cat","embeddable":true,"href":"https:\/\/tammetorubbq.ee\/lt\/wp-json\/wp\/v2\/product_cat?post=1486"},{"taxonomy":"product_tag","embeddable":true,"href":"https:\/\/tammetorubbq.ee\/lt\/wp-json\/wp\/v2\/product_tag?post=1486"}],"curies":[{"name":"wp","href":"https:\/\/api.w.org\/{rel}","templated":true}]}}