{"id":1495,"date":"2024-03-16T10:36:39","date_gmt":"2024-03-16T08:36:39","guid":{"rendered":"https:\/\/tammetorubbq.ee\/?post_type=product&#038;p=1495"},"modified":"2026-04-14T18:01:31","modified_gmt":"2026-04-14T15:01:31","slug":"victorinox-swiss-classic-pjaustymo-peilis","status":"publish","type":"product","link":"https:\/\/tammetorubbq.ee\/lt\/produktas\/victorinox-swiss-classic-pjaustymo-peilis\/","title":{"rendered":"\"Victorinox\" pjaustymo peilis \"Swiss Classic"},"content":{"rendered":"<p><strong>PAKUOT\u0116S MATMENYS PEILIO DUOMENYS<\/strong><br \/>\nAuk\u0161tis: 19 mm Kaltas: ne<br \/>\nIlgis: 430 mm Briaunos tipas: lenkta briauna<br \/>\nPlotis: 90 mm Gele\u017et\u0117s ilgis: 250 mm<br \/>\nSvoris: 115 g Rankenos med\u017eiaga: termoplastinis elastomeras (TPE)<\/p>\n<p>Galima plauti indaplov\u0117je: taip<\/p>\n<p><strong>GARANTIJA<\/strong><br \/>\n\u0160iam gaminiui suteikiama \"Victorinox\" viso gyvenimo garantija.<\/p>","protected":false},"excerpt":{"rendered":"<p>\"Victorinox\" \"SWISS CLASSIC\" yra puikus \u012frankis, kuriuo puikiai supjaustysite riek\u0119. Jo ergonomi\u0161ka rankena puikiai telpa rankoje, o \"i\u0161lenktas kra\u0161tas\" u\u017etikrina, kad pjaustoma tolygiai, nesupl\u0117\u0161ant m\u0117sos, o kiekvienas m\u0117sos gabal\u0117lis lengvai nuslysta nuo a\u0161men\u0173.<\/p>\n<p><strong>-<\/strong> Lengva naudoti pjaustant bet koki\u0105 m\u0117s\u0105.<br \/>\n<strong>-<\/strong> Su ergonomi\u0161ka neslystan\u010dia rankena.<br \/>\n<strong>-<\/strong> Su dilimui atspariais ner\u016bdijan\u010dio plieno a\u0161menimis.<br \/>\n<strong>-<\/strong> Pagaminta \u0160veicarijoje \"SWISS MADE\".<\/p>\n<p>&nbsp;<\/p>\n<p><img loading=\"lazy\" decoding=\"async\" class=\"wp-image-1500\" src=\"http:\/\/tammetorubbq.ee\/wp-content\/uploads\/2024\/03\/Victorinox-300x129.png\" alt=\"Victorinox \" width=\"163\" height=\"70\" srcset=\"https:\/\/tammetorubbq.ee\/wp-content\/uploads\/2024\/03\/Victorinox-300x129.png 300w, https:\/\/tammetorubbq.ee\/wp-content\/uploads\/2024\/03\/Victorinox-1024x441.png 1024w, https:\/\/tammetorubbq.ee\/wp-content\/uploads\/2024\/03\/Victorinox-768x331.png 768w, https:\/\/tammetorubbq.ee\/wp-content\/uploads\/2024\/03\/Victorinox-18x8.png 18w, https:\/\/tammetorubbq.ee\/wp-content\/uploads\/2024\/03\/Victorinox-600x258.png 600w, https:\/\/tammetorubbq.ee\/wp-content\/uploads\/2024\/03\/Victorinox-64x28.png 64w, https:\/\/tammetorubbq.ee\/wp-content\/uploads\/2024\/03\/Victorinox.png 1280w\" sizes=\"auto, (max-width: 163px) 100vw, 163px\" \/><\/p>","protected":false},"featured_media":1498,"comment_status":"open","ping_status":"closed","template":"","meta":{"_uf_show_specific_survey":0,"_uf_disable_surveys":false},"pwb-brand":[86],"product_brand":[],"product_cat":[27,20],"product_tag":[310],"class_list":{"0":"post-1495","1":"product","2":"type-product","3":"status-publish","4":"has-post-thumbnail","6":"pwb-brand-victorinox","7":"product_cat-noad","8":"product_cat-kampaania","9":"product_tag-victorinox","11":"first","12":"instock","13":"sale","14":"taxable","15":"shipping-taxable","16":"purchasable","17":"product-type-simple"},"brands":[{"id":86,"name":"Victorinox","slug":"victorinox"}],"_links":{"self":[{"href":"https:\/\/tammetorubbq.ee\/lt\/wp-json\/wp\/v2\/product\/1495","targetHints":{"allow":["GET"]}}],"collection":[{"href":"https:\/\/tammetorubbq.ee\/lt\/wp-json\/wp\/v2\/product"}],"about":[{"href":"https:\/\/tammetorubbq.ee\/lt\/wp-json\/wp\/v2\/types\/product"}],"replies":[{"embeddable":true,"href":"https:\/\/tammetorubbq.ee\/lt\/wp-json\/wp\/v2\/comments?post=1495"}],"wp:featuredmedia":[{"embeddable":true,"href":"https:\/\/tammetorubbq.ee\/lt\/wp-json\/wp\/v2\/media\/1498"}],"wp:attachment":[{"href":"https:\/\/tammetorubbq.ee\/lt\/wp-json\/wp\/v2\/media?parent=1495"}],"wp:term":[{"taxonomy":"pwb-brand","embeddable":true,"href":"https:\/\/tammetorubbq.ee\/lt\/wp-json\/wp\/v2\/pwb-brand?post=1495"},{"taxonomy":"product_brand","embeddable":true,"href":"https:\/\/tammetorubbq.ee\/lt\/wp-json\/wp\/v2\/product_brand?post=1495"},{"taxonomy":"product_cat","embeddable":true,"href":"https:\/\/tammetorubbq.ee\/lt\/wp-json\/wp\/v2\/product_cat?post=1495"},{"taxonomy":"product_tag","embeddable":true,"href":"https:\/\/tammetorubbq.ee\/lt\/wp-json\/wp\/v2\/product_tag?post=1495"}],"curies":[{"name":"wp","href":"https:\/\/api.w.org\/{rel}","templated":true}]}}