{"id":1501,"date":"2024-03-16T11:22:58","date_gmt":"2024-03-16T09:22:58","guid":{"rendered":"https:\/\/tammetorubbq.ee\/?post_type=product&#038;p=1501"},"modified":"2026-04-14T18:01:07","modified_gmt":"2026-04-14T15:01:07","slug":"victorinox-grand-maitre-pjaustymo-peilis","status":"publish","type":"product","link":"https:\/\/tammetorubbq.ee\/lt\/produktas\/victorinox-grand-maitre-pjaustymo-peilis\/","title":{"rendered":"\"Victorinox\" \"Grand Maitre\" pjaustymo peilis"},"content":{"rendered":"<p><strong>PAKUOT\u0116S MATMENYS PEILIO DUOMENYS<\/strong><br \/>\nAuk\u0161tis: 25 mm Kaltas: taip<br \/>\nIlgis: 452 mm Briaunos tipas: lenkta briauna<br \/>\nPlotis: 94 mm Gele\u017et\u0117s ilgis: 260 mm<br \/>\nSvoris: 312 g Rankenos med\u017eiaga: polioksimetilenas (POM)<\/p>\n<p>Galima plauti indaplov\u0117je: taip<\/p>\n<p><strong>GARANTIJA<\/strong><br \/>\n\u0160iam gaminiui suteikiama \"Victorinox\" viso gyvenimo garantija.<\/p>","protected":false},"excerpt":{"rendered":"<p>\"Victorinox\" kaltinis pjaustymo peilis \"GRAND MAITRE\" atlieka savo esm\u0119 atitinkan\u010di\u0105 funkcij\u0105. Jis ne tik gra\u017eiai atrodo, bet ir kaltin\u0117 gele\u017et\u0117 yra labai patvari, o jos \"i\u0161lenkta briauna\" u\u017etikrina, kad ji pjauna tolygiai, nesupl\u0117\u0161ydama m\u0117sos. Eleganti\u0161ka ir ergonomi\u0161ka rankena u\u017etikrina patog\u0173 laikym\u0105 pjaustant bet koki\u0105 m\u0117s\u0105.<\/p>\n<p><strong>-<\/strong> Lengva naudoti pjaustant bet koki\u0105 m\u0117s\u0105.<br \/>\n<strong>-<\/strong> Kaltinis pjaustymo peilis lenkta briauna.<br \/>\n<strong>-<\/strong> Puikiai subalansuotas dizainas, eleganti\u0161ka ergonomi\u0161ka rankena.<br \/>\n<strong>-<\/strong> Pagaminta \u0160veicarijoje \"SWISS MADE\".<\/p>\n<p>&nbsp;<\/p>\n<p><img loading=\"lazy\" decoding=\"async\" class=\"wp-image-1500\" src=\"http:\/\/tammetorubbq.ee\/wp-content\/uploads\/2024\/03\/Victorinox-300x129.png\" alt=\"Victorinox\" width=\"161\" height=\"69\" srcset=\"https:\/\/tammetorubbq.ee\/wp-content\/uploads\/2024\/03\/Victorinox-300x129.png 300w, https:\/\/tammetorubbq.ee\/wp-content\/uploads\/2024\/03\/Victorinox-1024x441.png 1024w, https:\/\/tammetorubbq.ee\/wp-content\/uploads\/2024\/03\/Victorinox-768x331.png 768w, https:\/\/tammetorubbq.ee\/wp-content\/uploads\/2024\/03\/Victorinox-18x8.png 18w, https:\/\/tammetorubbq.ee\/wp-content\/uploads\/2024\/03\/Victorinox-600x258.png 600w, https:\/\/tammetorubbq.ee\/wp-content\/uploads\/2024\/03\/Victorinox-64x28.png 64w, https:\/\/tammetorubbq.ee\/wp-content\/uploads\/2024\/03\/Victorinox.png 1280w\" sizes=\"auto, (max-width: 161px) 100vw, 161px\" \/><\/p>","protected":false},"featured_media":1502,"comment_status":"open","ping_status":"closed","template":"","meta":{"_uf_show_specific_survey":0,"_uf_disable_surveys":false},"pwb-brand":[86],"product_brand":[],"product_cat":[27,20],"product_tag":[310],"class_list":{"0":"post-1501","1":"product","2":"type-product","3":"status-publish","4":"has-post-thumbnail","6":"pwb-brand-victorinox","7":"product_cat-noad","8":"product_cat-kampaania","9":"product_tag-victorinox","11":"first","12":"instock","13":"sale","14":"taxable","15":"shipping-taxable","16":"purchasable","17":"product-type-simple"},"brands":[{"id":86,"name":"Victorinox","slug":"victorinox"}],"_links":{"self":[{"href":"https:\/\/tammetorubbq.ee\/lt\/wp-json\/wp\/v2\/product\/1501","targetHints":{"allow":["GET"]}}],"collection":[{"href":"https:\/\/tammetorubbq.ee\/lt\/wp-json\/wp\/v2\/product"}],"about":[{"href":"https:\/\/tammetorubbq.ee\/lt\/wp-json\/wp\/v2\/types\/product"}],"replies":[{"embeddable":true,"href":"https:\/\/tammetorubbq.ee\/lt\/wp-json\/wp\/v2\/comments?post=1501"}],"wp:featuredmedia":[{"embeddable":true,"href":"https:\/\/tammetorubbq.ee\/lt\/wp-json\/wp\/v2\/media\/1502"}],"wp:attachment":[{"href":"https:\/\/tammetorubbq.ee\/lt\/wp-json\/wp\/v2\/media?parent=1501"}],"wp:term":[{"taxonomy":"pwb-brand","embeddable":true,"href":"https:\/\/tammetorubbq.ee\/lt\/wp-json\/wp\/v2\/pwb-brand?post=1501"},{"taxonomy":"product_brand","embeddable":true,"href":"https:\/\/tammetorubbq.ee\/lt\/wp-json\/wp\/v2\/product_brand?post=1501"},{"taxonomy":"product_cat","embeddable":true,"href":"https:\/\/tammetorubbq.ee\/lt\/wp-json\/wp\/v2\/product_cat?post=1501"},{"taxonomy":"product_tag","embeddable":true,"href":"https:\/\/tammetorubbq.ee\/lt\/wp-json\/wp\/v2\/product_tag?post=1501"}],"curies":[{"name":"wp","href":"https:\/\/api.w.org\/{rel}","templated":true}]}}