{"id":1510,"date":"2024-03-17T11:06:55","date_gmt":"2024-03-17T09:06:55","guid":{"rendered":"https:\/\/tammetorubbq.ee\/?post_type=product&#038;p=1510"},"modified":"2026-04-16T23:00:34","modified_gmt":"2026-04-16T20:00:34","slug":"hestono-blumenthalio-kepsnine-tangid-everdure","status":"publish","type":"product","link":"https:\/\/tammetorubbq.ee\/lt\/produktas\/hestono-blumenthalio-kepsnine-tangid-everdure\/","title":{"rendered":"Everdure by Heston Blumenthal grilltangid"},"content":{"rendered":"<p>- Pagamintas i\u0161 auk\u0161tos kokyb\u0117s ner\u016bdijan\u010dio plieno.<br \/>\n- Labai atsparus korozijai.<br \/>\n- Lengvai suimama rankena u\u017etikrina patog\u0173 ir lengv\u0105 valdym\u0105.<br \/>\n- Rudas odinis pakabinimo dir\u017eelis.<br \/>\n- Ilgis 355 mm.<\/p>\n<p>Matmenys: 355x43x31 mm<\/p>","protected":false},"excerpt":{"rendered":"<p>\"Everdure by Heston Blumenthal\" ner\u016bdijan\u010dio plieno kepimo ant groteli\u0173 \u017enypl\u0117s (su odiniu pakabuku) - kokybi\u0161kas ir universalus \u012frankis kepimui ant groteli\u0173.<\/p>\n<p>Plienin\u0117 konstrukcija u\u017etikrina tvirt\u0105 sukibim\u0105, tod\u0117l jie bus patvar\u016bs daugel\u012f met\u0173.<\/p>\n<p>Repl\u0117s pagamintos i\u0161 auk\u0161tos kokyb\u0117s ner\u016bdijan\u010dio plieno, tod\u0117l yra atsparios korozijai ir lengvai valomos.<\/p>\n<p>Grilio lazdel\u0117s turi patogi\u0105 pakabinam\u0105 kilp\u0105 (odin\u0117, ruda), kad b\u016bt\u0173 patogu laikyti, kai j\u0173 nenaudojate.<\/p>\n<p>&nbsp;<\/p>\n<p><img loading=\"lazy\" decoding=\"async\" class=\"wp-image-1517\" src=\"http:\/\/tammetorubbq.ee\/wp-content\/uploads\/2024\/03\/Everdure-by-Heston-Blumenthal-logo-300x58.png\" alt=\"&quot;Everdure by Heston Blumenthal&quot; logotipas\" width=\"197\" height=\"38\" srcset=\"https:\/\/tammetorubbq.ee\/wp-content\/uploads\/2024\/03\/Everdure-by-Heston-Blumenthal-logo-300x58.png 300w, https:\/\/tammetorubbq.ee\/wp-content\/uploads\/2024\/03\/Everdure-by-Heston-Blumenthal-logo-768x147.png 768w, https:\/\/tammetorubbq.ee\/wp-content\/uploads\/2024\/03\/Everdure-by-Heston-Blumenthal-logo-18x3.png 18w, https:\/\/tammetorubbq.ee\/wp-content\/uploads\/2024\/03\/Everdure-by-Heston-Blumenthal-logo-600x115.png 600w, https:\/\/tammetorubbq.ee\/wp-content\/uploads\/2024\/03\/Everdure-by-Heston-Blumenthal-logo-64x12.png 64w, https:\/\/tammetorubbq.ee\/wp-content\/uploads\/2024\/03\/Everdure-by-Heston-Blumenthal-logo.png 1000w\" sizes=\"auto, (max-width: 197px) 100vw, 197px\" \/><\/p>","protected":false},"featured_media":1511,"comment_status":"open","ping_status":"closed","template":"","meta":{"_uf_show_specific_survey":0,"_uf_disable_surveys":false},"pwb-brand":[],"product_brand":[],"product_cat":[30],"product_tag":[134,355],"class_list":{"0":"post-1510","1":"product","2":"type-product","3":"status-publish","4":"has-post-thumbnail","6":"product_cat-grillimise-tarvikud","7":"product_tag-grillimise-tarvikud","8":"product_tag-grilltangid","10":"first","11":"instock","12":"taxable","13":"shipping-taxable","14":"purchasable","15":"product-type-simple"},"brands":[],"_links":{"self":[{"href":"https:\/\/tammetorubbq.ee\/lt\/wp-json\/wp\/v2\/product\/1510","targetHints":{"allow":["GET"]}}],"collection":[{"href":"https:\/\/tammetorubbq.ee\/lt\/wp-json\/wp\/v2\/product"}],"about":[{"href":"https:\/\/tammetorubbq.ee\/lt\/wp-json\/wp\/v2\/types\/product"}],"replies":[{"embeddable":true,"href":"https:\/\/tammetorubbq.ee\/lt\/wp-json\/wp\/v2\/comments?post=1510"}],"wp:featuredmedia":[{"embeddable":true,"href":"https:\/\/tammetorubbq.ee\/lt\/wp-json\/wp\/v2\/media\/1511"}],"wp:attachment":[{"href":"https:\/\/tammetorubbq.ee\/lt\/wp-json\/wp\/v2\/media?parent=1510"}],"wp:term":[{"taxonomy":"pwb-brand","embeddable":true,"href":"https:\/\/tammetorubbq.ee\/lt\/wp-json\/wp\/v2\/pwb-brand?post=1510"},{"taxonomy":"product_brand","embeddable":true,"href":"https:\/\/tammetorubbq.ee\/lt\/wp-json\/wp\/v2\/product_brand?post=1510"},{"taxonomy":"product_cat","embeddable":true,"href":"https:\/\/tammetorubbq.ee\/lt\/wp-json\/wp\/v2\/product_cat?post=1510"},{"taxonomy":"product_tag","embeddable":true,"href":"https:\/\/tammetorubbq.ee\/lt\/wp-json\/wp\/v2\/product_tag?post=1510"}],"curies":[{"name":"wp","href":"https:\/\/api.w.org\/{rel}","templated":true}]}}