{"id":1520,"date":"2024-03-18T12:38:44","date_gmt":"2024-03-18T10:38:44","guid":{"rendered":"https:\/\/tammetorubbq.ee\/?post_type=product&#038;p=1520"},"modified":"2026-04-27T00:00:01","modified_gmt":"2026-04-26T21:00:01","slug":"omberg-kepsnines-priedu-3-daliu-rinkinys","status":"publish","type":"product","link":"https:\/\/tammetorubbq.ee\/lt\/produktas\/omberg-kepsnines-priedu-3-daliu-rinkinys\/","title":{"rendered":"\"Omberg\" 3 dali\u0173 kepsnin\u0117s pried\u0173 rinkinys"},"content":{"rendered":"<p><strong>\"Omberg\" kepsnin\u0117s pried\u0173 rinkinys<\/strong>\u00a0rasite visk\u0105, ko reikia skland\u017eiam ir efektyviam kepimui ant groteli\u0173.<\/p>\n<p>Rinkin\u012f sudaro:<\/p>\n<ul>\n<li><strong>Barbekiu kepimo etiket\u0117s<\/strong>A: Jis turi a\u0161tr\u0173, smail\u0173 gal\u0105, kuriuo lengva pakelti ant groteli\u0173 ar groteli\u0173 u\u017estrigus\u012f maist\u0105. Grilio kastuv\u0117lis taip pat turi dantyt\u0105 kairi\u0105j\u0105 pus\u0119, tod\u0117l juo galima greitai ir lengvai pjaustyti maist\u0105 be kli\u016b\u010di\u0173.<\/li>\n<li><strong>Grilio groteli\u0173 valymo \u0161epet\u0117lis<\/strong>: \u0160epetys turi tvirt\u0105 ranken\u0105, kuri nesulinksta ir nel\u016b\u017eta, net jei \u0161epetys naudojamas intensyviai. \u0160epe\u010dio galvut\u0119 sudaro plieniniai \u0161epet\u0117liai, kurie be problem\u0173 i\u0161valo tiek ketaus, tiek ner\u016bdijan\u010dio plieno groteles.<\/li>\n<li><strong>Grilio strypai (41 cm)<\/strong>: Jos turi ilgesn\u0119 ranken\u0105 ir mink\u0161t\u0105 spyruokl\u0119, kuri n\u0117ra pernelyg standi, tod\u0117l jas patogu naudoti, kai kepant maist\u0105 reikia kelis kartus pasukti.<\/li>\n<\/ul>\n<p>\u0160is rinkinys ne tik prakti\u0161kas, bet ir vizualiai patrauklus d\u0117l ner\u016bdijan\u010dio plieno pried\u0173 ir i\u0161 dalies medini\u0173 ranken\u0173, kurios suteikia tikro grilio meistro \u012fsp\u016bd\u012f.<\/p>","protected":false},"excerpt":{"rendered":"<p>\"Omberg\" 3 dali\u0173 stilingas ir auk\u0161\u010diausios kokyb\u0117s grilio pried\u0173 rinkinys, kur\u012f sudaro grilio lazdel\u0117, grilio groteli\u0173 valymo \u0161epet\u0117lis ir grilio mentel\u0117.<\/p>\n<p>Visi priedai pagaminti i\u0161 ner\u016bdijan\u010dio plieno ir i\u0161 dalies su medin\u0117mis rankenomis, kurios suteikia prabangos.<\/p>\n<p>&nbsp;<\/p>\n<p>&nbsp;<\/p>\n<p><img loading=\"lazy\" decoding=\"async\" class=\"size-full wp-image-1521\" src=\"http:\/\/tammetorubbq.ee\/wp-content\/uploads\/2024\/03\/Omberg-kitchen-logo.webp\" alt=\"Ombergo virtuv\u0117s logotipas\" width=\"120\" height=\"120\" srcset=\"https:\/\/tammetorubbq.ee\/wp-content\/uploads\/2024\/03\/Omberg-kitchen-logo.webp 120w, https:\/\/tammetorubbq.ee\/wp-content\/uploads\/2024\/03\/Omberg-kitchen-logo-12x12.webp 12w, https:\/\/tammetorubbq.ee\/wp-content\/uploads\/2024\/03\/Omberg-kitchen-logo-64x64.webp 64w\" sizes=\"auto, (max-width: 120px) 100vw, 120px\" \/><\/p>","protected":false},"featured_media":1522,"comment_status":"open","ping_status":"closed","template":"","meta":{"_uf_show_specific_survey":0,"_uf_disable_surveys":false},"pwb-brand":[87],"product_brand":[],"product_cat":[30],"product_tag":[356,134,357,355],"class_list":{"0":"post-1520","1":"product","2":"type-product","3":"status-publish","4":"has-post-thumbnail","6":"pwb-brand-omberg","7":"product_cat-grillimise-tarvikud","8":"product_tag-grilli-labidas","9":"product_tag-grillimise-tarvikud","10":"product_tag-grillresti-puhastushari","11":"product_tag-grilltangid","13":"first","14":"instock","15":"taxable","16":"shipping-taxable","17":"purchasable","18":"product-type-simple"},"brands":[{"id":87,"name":"Omberg","slug":"omberg"}],"_links":{"self":[{"href":"https:\/\/tammetorubbq.ee\/lt\/wp-json\/wp\/v2\/product\/1520","targetHints":{"allow":["GET"]}}],"collection":[{"href":"https:\/\/tammetorubbq.ee\/lt\/wp-json\/wp\/v2\/product"}],"about":[{"href":"https:\/\/tammetorubbq.ee\/lt\/wp-json\/wp\/v2\/types\/product"}],"replies":[{"embeddable":true,"href":"https:\/\/tammetorubbq.ee\/lt\/wp-json\/wp\/v2\/comments?post=1520"}],"wp:featuredmedia":[{"embeddable":true,"href":"https:\/\/tammetorubbq.ee\/lt\/wp-json\/wp\/v2\/media\/1522"}],"wp:attachment":[{"href":"https:\/\/tammetorubbq.ee\/lt\/wp-json\/wp\/v2\/media?parent=1520"}],"wp:term":[{"taxonomy":"pwb-brand","embeddable":true,"href":"https:\/\/tammetorubbq.ee\/lt\/wp-json\/wp\/v2\/pwb-brand?post=1520"},{"taxonomy":"product_brand","embeddable":true,"href":"https:\/\/tammetorubbq.ee\/lt\/wp-json\/wp\/v2\/product_brand?post=1520"},{"taxonomy":"product_cat","embeddable":true,"href":"https:\/\/tammetorubbq.ee\/lt\/wp-json\/wp\/v2\/product_cat?post=1520"},{"taxonomy":"product_tag","embeddable":true,"href":"https:\/\/tammetorubbq.ee\/lt\/wp-json\/wp\/v2\/product_tag?post=1520"}],"curies":[{"name":"wp","href":"https:\/\/api.w.org\/{rel}","templated":true}]}}