{"id":1536,"date":"2024-03-22T21:24:20","date_gmt":"2024-03-22T19:24:20","guid":{"rendered":"https:\/\/tammetorubbq.ee\/?post_type=product&#038;p=1536"},"modified":"2026-04-26T23:00:19","modified_gmt":"2026-04-26T20:00:19","slug":"proq-ulti-mitt-karsciui-atspari-grilio-pirstine","status":"publish","type":"product","link":"https:\/\/tammetorubbq.ee\/lt\/produktas\/proq-ulti-mitt-karsciui-atspari-grilio-pirstine\/","title":{"rendered":"\"ProQ Ulti-Mitt\" kar\u0161\u010diui atspari grilio pir\u0161tin\u0117"},"content":{"rendered":"","protected":false},"excerpt":{"rendered":"<p>\"ProQ Ulti-Mitt\" pir\u0161tin\u0117s pasi\u017eymi dideliu atsparumu kar\u0161\u010diui ir neslystan\u010diomis silikonin\u0117mis linijomis (medvilninis pamu\u0161alas), tod\u0117l yra vienos geriausi\u0173 pir\u0161tini\u0173.<\/p>\n<p>Rinkinyje yra viena patogi kar\u0161\u010diui atspari grilio pir\u0161tin\u0117.<\/p>\n<p>Tinka ir kairei, ir de\u0161inei rankai.<\/p>\n<p>&nbsp;<\/p>\n<p><img loading=\"lazy\" decoding=\"async\" class=\"alignnone wp-image-1540\" src=\"http:\/\/tammetorubbq.ee\/wp-content\/uploads\/2024\/03\/ProQ-logo.svg\" alt=\"&quot;ProQ&quot; logotipas\" width=\"98\" height=\"57\" \/><\/p>\n<p>&nbsp;<\/p>","protected":false},"featured_media":1542,"comment_status":"open","ping_status":"closed","template":"","meta":{"_uf_show_specific_survey":0,"_uf_disable_surveys":false},"pwb-brand":[75],"product_brand":[],"product_cat":[30],"product_tag":[],"class_list":{"0":"post-1536","1":"product","2":"type-product","3":"status-publish","4":"has-post-thumbnail","6":"pwb-brand-proq","7":"product_cat-grillimise-tarvikud","9":"first","10":"outofstock","11":"taxable","12":"shipping-taxable","13":"purchasable","14":"product-type-simple"},"brands":[{"id":75,"name":"ProQ","slug":"proq"}],"_links":{"self":[{"href":"https:\/\/tammetorubbq.ee\/lt\/wp-json\/wp\/v2\/product\/1536","targetHints":{"allow":["GET"]}}],"collection":[{"href":"https:\/\/tammetorubbq.ee\/lt\/wp-json\/wp\/v2\/product"}],"about":[{"href":"https:\/\/tammetorubbq.ee\/lt\/wp-json\/wp\/v2\/types\/product"}],"replies":[{"embeddable":true,"href":"https:\/\/tammetorubbq.ee\/lt\/wp-json\/wp\/v2\/comments?post=1536"}],"wp:featuredmedia":[{"embeddable":true,"href":"https:\/\/tammetorubbq.ee\/lt\/wp-json\/wp\/v2\/media\/1542"}],"wp:attachment":[{"href":"https:\/\/tammetorubbq.ee\/lt\/wp-json\/wp\/v2\/media?parent=1536"}],"wp:term":[{"taxonomy":"pwb-brand","embeddable":true,"href":"https:\/\/tammetorubbq.ee\/lt\/wp-json\/wp\/v2\/pwb-brand?post=1536"},{"taxonomy":"product_brand","embeddable":true,"href":"https:\/\/tammetorubbq.ee\/lt\/wp-json\/wp\/v2\/product_brand?post=1536"},{"taxonomy":"product_cat","embeddable":true,"href":"https:\/\/tammetorubbq.ee\/lt\/wp-json\/wp\/v2\/product_cat?post=1536"},{"taxonomy":"product_tag","embeddable":true,"href":"https:\/\/tammetorubbq.ee\/lt\/wp-json\/wp\/v2\/product_tag?post=1536"}],"curies":[{"name":"wp","href":"https:\/\/api.w.org\/{rel}","templated":true}]}}