{"id":1559,"date":"2024-03-31T11:18:32","date_gmt":"2024-03-31T08:18:32","guid":{"rendered":"https:\/\/tammetorubbq.ee\/?post_type=product&#038;p=1559"},"modified":"2026-04-15T03:00:14","modified_gmt":"2026-04-15T00:00:14","slug":"big-poppa-smokers-money-rub-397g","status":"publish","type":"product","link":"https:\/\/tammetorubbq.ee\/lt\/produktas\/big-poppa-smokers-money-rub-397g\/","title":{"rendered":"Big Poppa Smokers Money Rub 397g"},"content":{"rendered":"<p>Sud\u0117tis: garintos cukranendri\u0173 sultys, j\u016bros druska, dehidratuoti \u010desnakai, svog\u016bnai, paprikos ir citrinos, prieskoniai, \u012fskaitant aitri\u0105sias paprikas, citrinos r\u016bg\u0161tis, dinatrio inozinatas ir guanilatas, salier\u0173 milteliai, ciber\u017eol\u0117 (da\u017eiklis), nat\u016bralios kvapiosios med\u017eiagos, paprik\u0173 ekstraktai (da\u017eiklis) ir ne daugiau kaip 2% trikalcio fosfato, kad nesulipt\u0173.<\/p>","protected":false},"excerpt":{"rendered":"<p>\"Big Poppa Smokers Money\" prieskoniai yra bene geriausiai \u017einomi j\u0173 asortimento prieskoniai, kuriuos naudoja viso pasaulio BBQ meistrai.<\/p>\n<p>Malonus druskos, pipir\u0173 ir cukraus mi\u0161inys.<\/p>\n<p>\"Big Poppa Smokers Money Rub\" pikanti\u0161ko tobulumo paslaptis slypi dideliuose druskos kristaluose, kurie grak\u0161\u010diai tirpsta m\u0117soje, palikdami tiesiog nepakartojam\u0105 pikanti\u0161k\u0105 skon\u012f.<\/p>\n<p>Ta\u010diau \"Money BBQ\" \u012ftrinti galima ne tik d\u0117l skonio - jie taip pat suteikia m\u0117sai sodri\u0105 ir patraukli\u0105 spalv\u0105, tod\u0117l m\u0117sa tampa ir vizualiai patraukli, ir skani.<\/p>\n<p>Puikiai tinka su jautiena, kiauliena ir vi\u0161tiena.<br \/>\nBe glitimo.<\/p>\n<p><strong>\"Money Rub\" ne\u017eino rib\u0173, kai kalbama apie skonio gerinim\u0105.<\/strong><\/p>\n<p><img loading=\"lazy\" decoding=\"async\" class=\"wp-image-1557\" src=\"http:\/\/tammetorubbq.ee\/wp-content\/uploads\/2024\/03\/Big-Poppa-Smokers-Logo-Vector-300x225.webp\" alt=\"&quot;Big Poppa Smokers\" width=\"167\" height=\"125\" srcset=\"https:\/\/tammetorubbq.ee\/wp-content\/uploads\/2024\/03\/Big-Poppa-Smokers-Logo-Vector-300x225.webp 300w, https:\/\/tammetorubbq.ee\/wp-content\/uploads\/2024\/03\/Big-Poppa-Smokers-Logo-Vector-768x576.webp 768w, https:\/\/tammetorubbq.ee\/wp-content\/uploads\/2024\/03\/Big-Poppa-Smokers-Logo-Vector-16x12.webp 16w, https:\/\/tammetorubbq.ee\/wp-content\/uploads\/2024\/03\/Big-Poppa-Smokers-Logo-Vector-600x450.webp 600w, https:\/\/tammetorubbq.ee\/wp-content\/uploads\/2024\/03\/Big-Poppa-Smokers-Logo-Vector-64x48.webp 64w, https:\/\/tammetorubbq.ee\/wp-content\/uploads\/2024\/03\/Big-Poppa-Smokers-Logo-Vector.webp 866w\" sizes=\"auto, (max-width: 167px) 100vw, 167px\" \/><\/p>","protected":false},"featured_media":1563,"comment_status":"open","ping_status":"closed","template":"","meta":{"_uf_show_specific_survey":0,"_uf_disable_surveys":false},"pwb-brand":[80],"product_brand":[],"product_cat":[21],"product_tag":[],"class_list":{"0":"post-1559","1":"product","2":"type-product","3":"status-publish","4":"has-post-thumbnail","6":"pwb-brand-big-poppas","7":"product_cat-maitseainesegud","9":"first","10":"outofstock","11":"taxable","12":"shipping-taxable","13":"purchasable","14":"product-type-simple"},"brands":[{"id":80,"name":"Big Poppa's","slug":"big-poppas"}],"_links":{"self":[{"href":"https:\/\/tammetorubbq.ee\/lt\/wp-json\/wp\/v2\/product\/1559","targetHints":{"allow":["GET"]}}],"collection":[{"href":"https:\/\/tammetorubbq.ee\/lt\/wp-json\/wp\/v2\/product"}],"about":[{"href":"https:\/\/tammetorubbq.ee\/lt\/wp-json\/wp\/v2\/types\/product"}],"replies":[{"embeddable":true,"href":"https:\/\/tammetorubbq.ee\/lt\/wp-json\/wp\/v2\/comments?post=1559"}],"wp:featuredmedia":[{"embeddable":true,"href":"https:\/\/tammetorubbq.ee\/lt\/wp-json\/wp\/v2\/media\/1563"}],"wp:attachment":[{"href":"https:\/\/tammetorubbq.ee\/lt\/wp-json\/wp\/v2\/media?parent=1559"}],"wp:term":[{"taxonomy":"pwb-brand","embeddable":true,"href":"https:\/\/tammetorubbq.ee\/lt\/wp-json\/wp\/v2\/pwb-brand?post=1559"},{"taxonomy":"product_brand","embeddable":true,"href":"https:\/\/tammetorubbq.ee\/lt\/wp-json\/wp\/v2\/product_brand?post=1559"},{"taxonomy":"product_cat","embeddable":true,"href":"https:\/\/tammetorubbq.ee\/lt\/wp-json\/wp\/v2\/product_cat?post=1559"},{"taxonomy":"product_tag","embeddable":true,"href":"https:\/\/tammetorubbq.ee\/lt\/wp-json\/wp\/v2\/product_tag?post=1559"}],"curies":[{"name":"wp","href":"https:\/\/api.w.org\/{rel}","templated":true}]}}