{"id":1570,"date":"2024-04-01T10:43:15","date_gmt":"2024-04-01T07:43:15","guid":{"rendered":"https:\/\/tammetorubbq.ee\/?post_type=product&#038;p=1570"},"modified":"2026-04-29T23:00:40","modified_gmt":"2026-04-29T20:00:40","slug":"kepsnines-groteliu-valymo-sepetelis-traeger","status":"publish","type":"product","link":"https:\/\/tammetorubbq.ee\/lt\/toode\/grillresti-puhastushari-traeger\/","title":{"rendered":"Grilio groteli\u0173 valymo \u0161epet\u0117lis \"Traeger"},"content":{"rendered":"<ul>\n<li>Skirtas at\u0161aldytoms grilio lentynoms valyti.<\/li>\n<li>Nailono \u0161eriai nepa\u017eeid\u017eia \u0161laun\u0173.<\/li>\n<li>Ner\u016bdijan\u010dio plieno konstrukcija u\u017etikrina ilgaam\u017ei\u0161kum\u0105.<\/li>\n<li>Tvirta tikmed\u017eio rankena.<\/li>\n<li>Patogi kilpa pakabinti.<\/li>\n<li>Dviguba rankena.<\/li>\n<li>Galima \u012fsigyti atsargini\u0173 \u0161epet\u0117li\u0173.<\/li>\n<\/ul>","protected":false},"excerpt":{"rendered":"<p>\"TRAEGER Grill\" grilio valymo \u0161epetys yra saugiausias b\u016bdas valyti atv\u0117susias grilio groteles - grilio valymo \u0161epetys turi nailono \u0161erelius, kurie nepa\u017eeid\u017eia grilio groteli\u0173 ir ne\u012fsipainioja \u012f maist\u0105.<\/p>\n<p>Ner\u016bdijan\u010dio plieno konstrukcija u\u017etikrina ilgaam\u017ei\u0161kum\u0105, tvirta tikmed\u017eio rankena, patogi odin\u0117 kilpa pakabinti, dviguba rankena.<\/p>\n<p>Taip pat galima \u012fsigyti atsargini\u0173 \u0161epet\u0117li\u0173.<\/p>\n<p><img loading=\"lazy\" decoding=\"async\" class=\"wp-image-1509\" src=\"http:\/\/tammetorubbq.ee\/wp-content\/uploads\/2024\/03\/traeger-grills-logo-vector-300x167.png\" alt=\"Traeger logotipas\" width=\"137\" height=\"76\" srcset=\"https:\/\/tammetorubbq.ee\/wp-content\/uploads\/2024\/03\/traeger-grills-logo-vector-300x167.png 300w, https:\/\/tammetorubbq.ee\/wp-content\/uploads\/2024\/03\/traeger-grills-logo-vector-768x427.png 768w, https:\/\/tammetorubbq.ee\/wp-content\/uploads\/2024\/03\/traeger-grills-logo-vector-18x10.png 18w, https:\/\/tammetorubbq.ee\/wp-content\/uploads\/2024\/03\/traeger-grills-logo-vector-600x333.png 600w, https:\/\/tammetorubbq.ee\/wp-content\/uploads\/2024\/03\/traeger-grills-logo-vector-64x36.png 64w, https:\/\/tammetorubbq.ee\/wp-content\/uploads\/2024\/03\/traeger-grills-logo-vector.png 900w\" sizes=\"auto, (max-width: 137px) 100vw, 137px\" \/><\/p>","protected":false},"featured_media":1571,"comment_status":"open","ping_status":"closed","template":"","meta":{"_uf_show_specific_survey":0,"_uf_disable_surveys":false},"pwb-brand":[62],"product_brand":[],"product_cat":[30],"product_tag":[134,357,141],"class_list":{"0":"post-1570","1":"product","2":"type-product","3":"status-publish","4":"has-post-thumbnail","6":"pwb-brand-traeger","7":"product_cat-grillimise-tarvikud","8":"product_tag-grillimise-tarvikud","9":"product_tag-grillresti-puhastushari","10":"product_tag-traeger","12":"first","13":"instock","14":"taxable","15":"shipping-taxable","16":"purchasable","17":"product-type-simple"},"brands":[{"id":62,"name":"Traeger","slug":"traeger"}],"_links":{"self":[{"href":"https:\/\/tammetorubbq.ee\/lt\/wp-json\/wp\/v2\/product\/1570","targetHints":{"allow":["GET"]}}],"collection":[{"href":"https:\/\/tammetorubbq.ee\/lt\/wp-json\/wp\/v2\/product"}],"about":[{"href":"https:\/\/tammetorubbq.ee\/lt\/wp-json\/wp\/v2\/types\/product"}],"replies":[{"embeddable":true,"href":"https:\/\/tammetorubbq.ee\/lt\/wp-json\/wp\/v2\/comments?post=1570"}],"wp:featuredmedia":[{"embeddable":true,"href":"https:\/\/tammetorubbq.ee\/lt\/wp-json\/wp\/v2\/media\/1571"}],"wp:attachment":[{"href":"https:\/\/tammetorubbq.ee\/lt\/wp-json\/wp\/v2\/media?parent=1570"}],"wp:term":[{"taxonomy":"pwb-brand","embeddable":true,"href":"https:\/\/tammetorubbq.ee\/lt\/wp-json\/wp\/v2\/pwb-brand?post=1570"},{"taxonomy":"product_brand","embeddable":true,"href":"https:\/\/tammetorubbq.ee\/lt\/wp-json\/wp\/v2\/product_brand?post=1570"},{"taxonomy":"product_cat","embeddable":true,"href":"https:\/\/tammetorubbq.ee\/lt\/wp-json\/wp\/v2\/product_cat?post=1570"},{"taxonomy":"product_tag","embeddable":true,"href":"https:\/\/tammetorubbq.ee\/lt\/wp-json\/wp\/v2\/product_tag?post=1570"}],"curies":[{"name":"wp","href":"https:\/\/api.w.org\/{rel}","templated":true}]}}