{"id":1677,"date":"2024-05-21T14:22:50","date_gmt":"2024-05-21T11:22:50","guid":{"rendered":"https:\/\/tammetorubbq.ee\/?post_type=product&#038;p=1677"},"modified":"2026-04-28T06:00:06","modified_gmt":"2026-04-28T03:00:06","slug":"traeger-grilis-su-granulemis-bold-blend-814kg","status":"publish","type":"product","link":"https:\/\/tammetorubbq.ee\/lt\/toode\/traeger-grillpellet-bold-blend-814kg\/","title":{"rendered":"Traeger grilio granul\u0117s Bold Blend 8,14kg"},"content":{"rendered":"","protected":false},"excerpt":{"rendered":"<p><span style=\"color: #ff0000;\"><strong>Ribotas leidimas!!!<\/strong><\/span><\/p>\n<p>\"Traeger\" kietmed\u017eio granul\u0117s yra specialiai sukurtos taip, kad \"Traeger\" granuli\u0173 kepsnin\u0117se skleist\u0173 reikiam\u0105 d\u016bm\u0173 kiek\u012f ir u\u017etikrint\u0173 patikim\u0105 degim\u0105.<\/p>\n<p>Medienos granul\u0117s yra 100% nat\u016bralios lapuo\u010di\u0173 medienos, be \u017eiev\u0117s, ri\u0161ikli\u0173 ir u\u017epild\u0173 - tik gryna, nesugadinta lapuo\u010di\u0173 mediena.<\/p>\n<p>\"Traeger\" \"Bold Blend\" mi\u0161inio granul\u0117s - tai hikorio ir vy\u0161ni\u0173 mi\u0161inys su rozmarino prieskoniu.<\/p>\n<p>\u0160is dr\u0105sus mi\u0161inys puikiai tinka jautienos, \u017ev\u0117rienos ir dar\u017eovi\u0173 patiekalams.<\/p>\n<p><img loading=\"lazy\" decoding=\"async\" class=\"wp-image-1509\" src=\"http:\/\/tammetorubbq.ee\/wp-content\/uploads\/2024\/03\/traeger-grills-logo-vector-300x167.png\" alt=\"Traeger logotipas\" width=\"169\" height=\"94\" srcset=\"https:\/\/tammetorubbq.ee\/wp-content\/uploads\/2024\/03\/traeger-grills-logo-vector-300x167.png 300w, https:\/\/tammetorubbq.ee\/wp-content\/uploads\/2024\/03\/traeger-grills-logo-vector-768x427.png 768w, https:\/\/tammetorubbq.ee\/wp-content\/uploads\/2024\/03\/traeger-grills-logo-vector-18x10.png 18w, https:\/\/tammetorubbq.ee\/wp-content\/uploads\/2024\/03\/traeger-grills-logo-vector-600x333.png 600w, https:\/\/tammetorubbq.ee\/wp-content\/uploads\/2024\/03\/traeger-grills-logo-vector-64x36.png 64w, https:\/\/tammetorubbq.ee\/wp-content\/uploads\/2024\/03\/traeger-grills-logo-vector.png 900w\" sizes=\"auto, (max-width: 169px) 100vw, 169px\" \/><\/p>\n<p>&nbsp;<\/p>","protected":false},"featured_media":1678,"comment_status":"open","ping_status":"closed","template":"","meta":{"_uf_show_specific_survey":0,"_uf_disable_surveys":false},"pwb-brand":[62],"product_brand":[],"product_cat":[54],"product_tag":[225,141],"class_list":{"0":"post-1677","1":"product","2":"type-product","3":"status-publish","4":"has-post-thumbnail","6":"pwb-brand-traeger","7":"product_cat-puidupellet","8":"product_tag-puidupellet","9":"product_tag-traeger","11":"first","12":"instock","13":"taxable","14":"shipping-taxable","15":"purchasable","16":"product-type-simple"},"brands":[{"id":62,"name":"Traeger","slug":"traeger"}],"_links":{"self":[{"href":"https:\/\/tammetorubbq.ee\/lt\/wp-json\/wp\/v2\/product\/1677","targetHints":{"allow":["GET"]}}],"collection":[{"href":"https:\/\/tammetorubbq.ee\/lt\/wp-json\/wp\/v2\/product"}],"about":[{"href":"https:\/\/tammetorubbq.ee\/lt\/wp-json\/wp\/v2\/types\/product"}],"replies":[{"embeddable":true,"href":"https:\/\/tammetorubbq.ee\/lt\/wp-json\/wp\/v2\/comments?post=1677"}],"wp:featuredmedia":[{"embeddable":true,"href":"https:\/\/tammetorubbq.ee\/lt\/wp-json\/wp\/v2\/media\/1678"}],"wp:attachment":[{"href":"https:\/\/tammetorubbq.ee\/lt\/wp-json\/wp\/v2\/media?parent=1677"}],"wp:term":[{"taxonomy":"pwb-brand","embeddable":true,"href":"https:\/\/tammetorubbq.ee\/lt\/wp-json\/wp\/v2\/pwb-brand?post=1677"},{"taxonomy":"product_brand","embeddable":true,"href":"https:\/\/tammetorubbq.ee\/lt\/wp-json\/wp\/v2\/product_brand?post=1677"},{"taxonomy":"product_cat","embeddable":true,"href":"https:\/\/tammetorubbq.ee\/lt\/wp-json\/wp\/v2\/product_cat?post=1677"},{"taxonomy":"product_tag","embeddable":true,"href":"https:\/\/tammetorubbq.ee\/lt\/wp-json\/wp\/v2\/product_tag?post=1677"}],"curies":[{"name":"wp","href":"https:\/\/api.w.org\/{rel}","templated":true}]}}