{"id":1682,"date":"2024-05-21T18:15:15","date_gmt":"2024-05-21T15:15:15","guid":{"rendered":"https:\/\/tammetorubbq.ee\/?post_type=product&#038;p=1682"},"modified":"2026-04-15T05:00:09","modified_gmt":"2026-04-15T02:00:09","slug":"plowboys-bbq-yardbird-rub-198g","status":"publish","type":"product","link":"https:\/\/tammetorubbq.ee\/lt\/produktas\/plowboys-bbq-yardbird-rub-198g\/","title":{"rendered":"Plowboys BBQ Yardbird Rub 198g"},"content":{"rendered":"<p><strong>Sudedamosios dalys:<\/strong> druska, cukrus, prieskoniai (\u012fskaitant aitri\u0105j\u0105 paprik\u0105), paprika, \u010desnakas, svog\u016bnas, salier\u0173 s\u0117klos, garsty\u010di\u0173 s\u0117klos. Be natrio glutamato ir glitimo.<\/p>","protected":false},"excerpt":{"rendered":"<h3 data-start=\"114\" data-end=\"178\"><strong data-start=\"118\" data-end=\"178\">\"Plowboys BBQ Yardbird Rub\" - skonis, kuris laimi lenktynes!<\/strong><\/h3>\n<p data-start=\"180\" data-end=\"490\"><strong data-start=\"180\" data-end=\"205\">\"Plowboys Yardbird Rub<\/strong> yra legendinis BBQ prieskonis, sukurtas specialiai vi\u0161tienai ir kiaulienai, ta\u010diau jis stebuklingai tinka ir kitai m\u0117sai bei kepsniams. \u0160is \u012ftrintas kepsnys gars\u0117ja subalansuotu sald\u017eiu, d\u016bminiu ir \u0161velniai a\u0161triu skoniu, kuris i\u0161ry\u0161kina maksimal\u0173 m\u0117sos sultingum\u0105 ir gilum\u0105.<\/p>\n<p>Puikiai tinka vi\u0161tienai, kiaulienos \u0161onkauliukams, kiaulienai, sparneliams ir net popkornams!<\/p>\n<p data-start=\"131\" data-end=\"150\">\ud83d\udd25 <strong data-start=\"138\" data-end=\"150\">Profesional\u0173 patarimas: <\/strong><strong data-start=\"151\" data-end=\"176\">\"Plowboys Yardbird Rub<\/strong> ypa\u010d gerai tinka, jei prie\u0161 kepant m\u0117s\u0105 30 minu\u010di\u0173 paliksite j\u0105 \u012fsigerti \u012f m\u0117s\u0105. Jei norite dar geresni\u0173 rezultat\u0173, palikite pagardint\u0105 vi\u0161tien\u0105 \u0161aldytuve. <em data-start=\"327\" data-end=\"346\">marinuoti per nakt\u012f<\/em> - taip i\u0161ry\u0161k\u0117ja visos trintuvo savyb\u0117s ir u\u017etikrinamas sultingas ir aromatingas galutinis rezultatas.<\/p>\n<p><img loading=\"lazy\" decoding=\"async\" class=\"wp-image-1685\" src=\"http:\/\/tammetorubbq.ee\/wp-content\/uploads\/2024\/05\/Plowboys-BBQ-logo-300x183.jpg\" alt=\"Plowboys BBQ logotipas\" width=\"167\" height=\"102\" srcset=\"https:\/\/tammetorubbq.ee\/wp-content\/uploads\/2024\/05\/Plowboys-BBQ-logo-300x183.jpg 300w, https:\/\/tammetorubbq.ee\/wp-content\/uploads\/2024\/05\/Plowboys-BBQ-logo-18x12.jpg 18w, https:\/\/tammetorubbq.ee\/wp-content\/uploads\/2024\/05\/Plowboys-BBQ-logo-64x39.jpg 64w, https:\/\/tammetorubbq.ee\/wp-content\/uploads\/2024\/05\/Plowboys-BBQ-logo.jpg 414w\" sizes=\"auto, (max-width: 167px) 100vw, 167px\" \/><\/p>","protected":false},"featured_media":3237,"comment_status":"open","ping_status":"closed","template":"","meta":{"_uf_show_specific_survey":0,"_uf_disable_surveys":false},"pwb-brand":[79],"product_brand":[],"product_cat":[21],"product_tag":[118,159,114,122],"class_list":{"0":"post-1682","1":"product","2":"type-product","3":"status-publish","4":"has-post-thumbnail","6":"pwb-brand-plowboys","7":"product_cat-maitseainesegud","8":"product_tag-kanaliha","9":"product_tag-kanatiivad","10":"product_tag-sealiha","11":"product_tag-searibi","13":"first","14":"instock","15":"taxable","16":"shipping-taxable","17":"purchasable","18":"product-type-simple"},"brands":[{"id":79,"name":"Plowboy's","slug":"plowboys"}],"_links":{"self":[{"href":"https:\/\/tammetorubbq.ee\/lt\/wp-json\/wp\/v2\/product\/1682","targetHints":{"allow":["GET"]}}],"collection":[{"href":"https:\/\/tammetorubbq.ee\/lt\/wp-json\/wp\/v2\/product"}],"about":[{"href":"https:\/\/tammetorubbq.ee\/lt\/wp-json\/wp\/v2\/types\/product"}],"replies":[{"embeddable":true,"href":"https:\/\/tammetorubbq.ee\/lt\/wp-json\/wp\/v2\/comments?post=1682"}],"wp:featuredmedia":[{"embeddable":true,"href":"https:\/\/tammetorubbq.ee\/lt\/wp-json\/wp\/v2\/media\/3237"}],"wp:attachment":[{"href":"https:\/\/tammetorubbq.ee\/lt\/wp-json\/wp\/v2\/media?parent=1682"}],"wp:term":[{"taxonomy":"pwb-brand","embeddable":true,"href":"https:\/\/tammetorubbq.ee\/lt\/wp-json\/wp\/v2\/pwb-brand?post=1682"},{"taxonomy":"product_brand","embeddable":true,"href":"https:\/\/tammetorubbq.ee\/lt\/wp-json\/wp\/v2\/product_brand?post=1682"},{"taxonomy":"product_cat","embeddable":true,"href":"https:\/\/tammetorubbq.ee\/lt\/wp-json\/wp\/v2\/product_cat?post=1682"},{"taxonomy":"product_tag","embeddable":true,"href":"https:\/\/tammetorubbq.ee\/lt\/wp-json\/wp\/v2\/product_tag?post=1682"}],"curies":[{"name":"wp","href":"https:\/\/api.w.org\/{rel}","templated":true}]}}