{"id":1691,"date":"2024-05-21T18:47:38","date_gmt":"2024-05-21T15:47:38","guid":{"rendered":"https:\/\/tammetorubbq.ee\/?post_type=product&#038;p=1691"},"modified":"2026-04-19T23:00:35","modified_gmt":"2026-04-19T20:00:35","slug":"rukyti-sia-kanzaso-miesto-stiliaus-bbq-pasta-511g","status":"publish","type":"product","link":"https:\/\/tammetorubbq.ee\/lt\/produktas\/rukyti-sia-kanzaso-miesto-stiliaus-bbq-pasta-511g\/","title":{"rendered":"Smoke This Kansas City Style BBQ pada\u017eas 511g"},"content":{"rendered":"<p>Pasirinkimas, kuris visk\u0105 palengvina!<\/p>","protected":false},"excerpt":{"rendered":"<p>D\u016bmas \u0160is \"KC Style BBQ\" pada\u017eas yra vienas i\u0161 daugiausiai apdovanojim\u0173 pelniusi\u0173 pada\u017e\u0173, naudojam\u0173 var\u017eybose ir nam\u0173 sode.<\/p>\n<p>Jis saldus ir s\u016brus, su \u017eolel\u0117mis, prieskoniais ir \u0161iek tiek d\u016bmo.<\/p>\n<p>Puikiai tinka vi\u0161tienai, \u0161onkauliukams, kiaulienai ir kr\u016btininei. Taip pat neabejotinai m\u0117gstamas kaip pada\u017eas.<\/p>","protected":false},"featured_media":1692,"comment_status":"open","ping_status":"closed","template":"","meta":{"_uf_show_specific_survey":0,"_uf_disable_surveys":false},"pwb-brand":[93],"product_brand":[],"product_cat":[22],"product_tag":[],"class_list":{"0":"post-1691","1":"product","2":"type-product","3":"status-publish","4":"has-post-thumbnail","6":"pwb-brand-smoke-this-bbq","7":"product_cat-kastmed-ja-marinaadid","9":"first","10":"instock","11":"taxable","12":"shipping-taxable","13":"purchasable","14":"product-type-simple"},"brands":[{"id":93,"name":"D\u016bmas \u0160is BBQ","slug":"smoke-this-bbq"}],"_links":{"self":[{"href":"https:\/\/tammetorubbq.ee\/lt\/wp-json\/wp\/v2\/product\/1691","targetHints":{"allow":["GET"]}}],"collection":[{"href":"https:\/\/tammetorubbq.ee\/lt\/wp-json\/wp\/v2\/product"}],"about":[{"href":"https:\/\/tammetorubbq.ee\/lt\/wp-json\/wp\/v2\/types\/product"}],"replies":[{"embeddable":true,"href":"https:\/\/tammetorubbq.ee\/lt\/wp-json\/wp\/v2\/comments?post=1691"}],"wp:featuredmedia":[{"embeddable":true,"href":"https:\/\/tammetorubbq.ee\/lt\/wp-json\/wp\/v2\/media\/1692"}],"wp:attachment":[{"href":"https:\/\/tammetorubbq.ee\/lt\/wp-json\/wp\/v2\/media?parent=1691"}],"wp:term":[{"taxonomy":"pwb-brand","embeddable":true,"href":"https:\/\/tammetorubbq.ee\/lt\/wp-json\/wp\/v2\/pwb-brand?post=1691"},{"taxonomy":"product_brand","embeddable":true,"href":"https:\/\/tammetorubbq.ee\/lt\/wp-json\/wp\/v2\/product_brand?post=1691"},{"taxonomy":"product_cat","embeddable":true,"href":"https:\/\/tammetorubbq.ee\/lt\/wp-json\/wp\/v2\/product_cat?post=1691"},{"taxonomy":"product_tag","embeddable":true,"href":"https:\/\/tammetorubbq.ee\/lt\/wp-json\/wp\/v2\/product_tag?post=1691"}],"curies":[{"name":"wp","href":"https:\/\/api.w.org\/{rel}","templated":true}]}}