{"id":1693,"date":"2024-05-21T19:13:12","date_gmt":"2024-05-21T16:13:12","guid":{"rendered":"https:\/\/tammetorubbq.ee\/?post_type=product&#038;p=1693"},"modified":"2026-04-17T02:00:01","modified_gmt":"2026-04-16T23:00:01","slug":"kosmos-q-op-x1-bbq-pasta-439g","status":"publish","type":"product","link":"https:\/\/tammetorubbq.ee\/lt\/produktas\/kosmos-q-op-x1-bbq-pasta-439g\/","title":{"rendered":"Kosmo's Q OP X1 BBQ pada\u017eas 439g"},"content":{"rendered":"<p>Sud\u0117tis: cukranendri\u0173 cukrus, obuoli\u0173 sidro actas, pomidor\u0173 pasta, distiliuotas actas, vanduo, melasa, citrin\u0173 sul\u010di\u0173 koncentratas, vanil\u0117s ekstraktas, prieskoni\u0173 mi\u0161inys (druska, paprika, ancho aitri\u0173j\u0173 paprik\u0173 milteliai, d\u017eiovinti svog\u016bnai, garsty\u010di\u0173 s\u0117klos, d\u017eiovinti \u010desnakai, imbiero milteliai, nat\u016brali d\u016bm\u0173 kvapioji med\u017eiaga).<\/p>","protected":false},"excerpt":{"rendered":"<p>\"Negalima paliesti kito BBQ pada\u017eo!!! Tai u\u017eima visk\u0105 daug auk\u0161\u010diau! A\u010di\u016b Kosmos!\"<\/p>\n<p>OP X1 - naujausias \"Kosmo's Q\" BBQ pada\u017eas. Tai sald\u017ei\u0173 ir pikanti\u0161k\u0173 \u017eoleli\u0173 bei a\u0161tri\u0173 skyst\u0173 ingredient\u0173 mi\u0161inys, kuris kartu sukuria dr\u0105s\u0173, nepakartojam\u0105 skon\u012f!<\/p>\n<p>OP X1 yra patrioti\u0161kiausias pada\u017eas \"Kosmo\" Q asortimente!<\/p>\n<p>Nesvarbu, ar ie\u0161kote pada\u017eo var\u017eyboms, ar kepsniams, \u0161is pada\u017eas sukurtas laim\u0117ti.<\/p>\n<p>&nbsp;<\/p>\n<p><img loading=\"lazy\" decoding=\"async\" class=\"wp-image-1698\" src=\"http:\/\/tammetorubbq.ee\/wp-content\/uploads\/2024\/05\/Kosmos-Q-logo.avif\" alt=\"Kosmo Q \" width=\"144\" height=\"108\" srcset=\"https:\/\/tammetorubbq.ee\/wp-content\/uploads\/2024\/05\/Kosmos-Q-logo.avif 258w, https:\/\/tammetorubbq.ee\/wp-content\/uploads\/2024\/05\/Kosmos-Q-logo-16x12.avif 16w, https:\/\/tammetorubbq.ee\/wp-content\/uploads\/2024\/05\/Kosmos-Q-logo-64x48.avif 64w\" sizes=\"auto, (max-width: 144px) 100vw, 144px\" \/><\/p>","protected":false},"featured_media":1695,"comment_status":"open","ping_status":"closed","template":"","meta":{"_uf_show_specific_survey":0,"_uf_disable_surveys":false},"pwb-brand":[81],"product_brand":[],"product_cat":[22],"product_tag":[],"class_list":{"0":"post-1693","1":"product","2":"type-product","3":"status-publish","4":"has-post-thumbnail","6":"pwb-brand-kosmos-q","7":"product_cat-kastmed-ja-marinaadid","9":"first","10":"instock","11":"taxable","12":"shipping-taxable","13":"purchasable","14":"product-type-simple"},"brands":[{"id":81,"name":"Kosmo's Q","slug":"kosmos-q"}],"_links":{"self":[{"href":"https:\/\/tammetorubbq.ee\/lt\/wp-json\/wp\/v2\/product\/1693","targetHints":{"allow":["GET"]}}],"collection":[{"href":"https:\/\/tammetorubbq.ee\/lt\/wp-json\/wp\/v2\/product"}],"about":[{"href":"https:\/\/tammetorubbq.ee\/lt\/wp-json\/wp\/v2\/types\/product"}],"replies":[{"embeddable":true,"href":"https:\/\/tammetorubbq.ee\/lt\/wp-json\/wp\/v2\/comments?post=1693"}],"wp:featuredmedia":[{"embeddable":true,"href":"https:\/\/tammetorubbq.ee\/lt\/wp-json\/wp\/v2\/media\/1695"}],"wp:attachment":[{"href":"https:\/\/tammetorubbq.ee\/lt\/wp-json\/wp\/v2\/media?parent=1693"}],"wp:term":[{"taxonomy":"pwb-brand","embeddable":true,"href":"https:\/\/tammetorubbq.ee\/lt\/wp-json\/wp\/v2\/pwb-brand?post=1693"},{"taxonomy":"product_brand","embeddable":true,"href":"https:\/\/tammetorubbq.ee\/lt\/wp-json\/wp\/v2\/product_brand?post=1693"},{"taxonomy":"product_cat","embeddable":true,"href":"https:\/\/tammetorubbq.ee\/lt\/wp-json\/wp\/v2\/product_cat?post=1693"},{"taxonomy":"product_tag","embeddable":true,"href":"https:\/\/tammetorubbq.ee\/lt\/wp-json\/wp\/v2\/product_tag?post=1693"}],"curies":[{"name":"wp","href":"https:\/\/api.w.org\/{rel}","templated":true}]}}