{"id":1699,"date":"2024-05-21T19:29:04","date_gmt":"2024-05-21T16:29:04","guid":{"rendered":"https:\/\/tammetorubbq.ee\/?post_type=product&#038;p=1699"},"modified":"2026-04-29T19:00:24","modified_gmt":"2026-04-29T16:00:24","slug":"slaps-slap-bbq-padazas-468g","status":"publish","type":"product","link":"https:\/\/tammetorubbq.ee\/lt\/toode\/slaps-slap-bbq-kaste-468g\/","title":{"rendered":"Slap's Slap BBQ pada\u017eas 468g"},"content":{"rendered":"<p>Sud\u0117tis: cukranendri\u0173 cukrus, vanduo, melasa, fruktoz\u0117s ir gliukoz\u0117s sirupas, gliukoz\u0117s sirupas, medus, obuoli\u0173 sidro actas, pomidor\u0173 tyr\u0117, actas, druska, prieskoniai, aitriosios paprikos, svog\u016bnai, \u010desnakai, karamel\u0117s da\u017eiklis.<\/p>","protected":false},"excerpt":{"rendered":"<p>U\u017e viso \u0161io g\u0117rio slypi Joe Pierce'as, kuris nusprend\u0117 padaryti du dalykus ir padaryti juos gerai - vien\u0105 trinti ir vien\u0105 pada\u017e\u0105.<\/p>\n<p>Tikras Kanzaso miesto skonis - pomidor\u0173, lengvo acto ir \u017eoleli\u0173 ekstrakt\u0173.<\/p>\n<p>\u0160is pada\u017eas tinka beveik prie visko.<\/p>\n<p>&nbsp;<\/p>\n<p><img loading=\"lazy\" decoding=\"async\" class=\"wp-image-1700\" src=\"http:\/\/tammetorubbq.ee\/wp-content\/uploads\/2024\/05\/Logo-300x186.png\" alt=\"Slap&#039;s BBQ logotipas\" width=\"168\" height=\"104\" srcset=\"https:\/\/tammetorubbq.ee\/wp-content\/uploads\/2024\/05\/Logo-300x186.png 300w, https:\/\/tammetorubbq.ee\/wp-content\/uploads\/2024\/05\/Logo-18x12.png 18w, https:\/\/tammetorubbq.ee\/wp-content\/uploads\/2024\/05\/Logo-64x40.png 64w, https:\/\/tammetorubbq.ee\/wp-content\/uploads\/2024\/05\/Logo.png 512w\" sizes=\"auto, (max-width: 168px) 100vw, 168px\" \/><\/p>","protected":false},"featured_media":1701,"comment_status":"open","ping_status":"closed","template":"","meta":{"_uf_show_specific_survey":0,"_uf_disable_surveys":false},"pwb-brand":[94],"product_brand":[],"product_cat":[22],"product_tag":[],"class_list":{"0":"post-1699","1":"product","2":"type-product","3":"status-publish","4":"has-post-thumbnail","6":"pwb-brand-slaps-bbq","7":"product_cat-kastmed-ja-marinaadid","9":"first","10":"outofstock","11":"taxable","12":"shipping-taxable","13":"purchasable","14":"product-type-simple"},"brands":[{"id":94,"name":"Slap's BBQ","slug":"slaps-bbq"}],"_links":{"self":[{"href":"https:\/\/tammetorubbq.ee\/lt\/wp-json\/wp\/v2\/product\/1699","targetHints":{"allow":["GET"]}}],"collection":[{"href":"https:\/\/tammetorubbq.ee\/lt\/wp-json\/wp\/v2\/product"}],"about":[{"href":"https:\/\/tammetorubbq.ee\/lt\/wp-json\/wp\/v2\/types\/product"}],"replies":[{"embeddable":true,"href":"https:\/\/tammetorubbq.ee\/lt\/wp-json\/wp\/v2\/comments?post=1699"}],"wp:featuredmedia":[{"embeddable":true,"href":"https:\/\/tammetorubbq.ee\/lt\/wp-json\/wp\/v2\/media\/1701"}],"wp:attachment":[{"href":"https:\/\/tammetorubbq.ee\/lt\/wp-json\/wp\/v2\/media?parent=1699"}],"wp:term":[{"taxonomy":"pwb-brand","embeddable":true,"href":"https:\/\/tammetorubbq.ee\/lt\/wp-json\/wp\/v2\/pwb-brand?post=1699"},{"taxonomy":"product_brand","embeddable":true,"href":"https:\/\/tammetorubbq.ee\/lt\/wp-json\/wp\/v2\/product_brand?post=1699"},{"taxonomy":"product_cat","embeddable":true,"href":"https:\/\/tammetorubbq.ee\/lt\/wp-json\/wp\/v2\/product_cat?post=1699"},{"taxonomy":"product_tag","embeddable":true,"href":"https:\/\/tammetorubbq.ee\/lt\/wp-json\/wp\/v2\/product_tag?post=1699"}],"curies":[{"name":"wp","href":"https:\/\/api.w.org\/{rel}","templated":true}]}}